{"id":2416,"date":"2022-10-10T22:46:41","date_gmt":"2022-10-10T22:46:41","guid":{"rendered":"https:\/\/promethee.earth\/application\/tele-epidemiology\/"},"modified":"2022-10-26T08:42:02","modified_gmt":"2022-10-26T08:42:02","slug":"tele-epidemiology","status":"publish","type":"page","link":"https:\/\/promethee.earth\/en\/application\/tele-epidemiology\/","title":{"rendered":"Tele-epidemiology"},"content":{"rendered":"\t\t<div data-elementor-type=\"wp-page\" data-elementor-id=\"2416\" class=\"elementor elementor-2416 elementor-1619\" data-elementor-post-type=\"page\">\n\t\t\t\t\t\t<section data-particle_enable=\"false\" data-particle-mobile-disabled=\"false\" class=\"elementor-section elementor-top-section elementor-element elementor-element-a46c703 elementor-section-boxed elementor-section-height-default elementor-section-height-default\" data-id=\"a46c703\" data-element_type=\"section\">\n\t\t\t\t\t\t<div class=\"elementor-container elementor-column-gap-default\">\n\t\t\t\t\t<div class=\"elementor-column elementor-col-100 elementor-top-column elementor-element elementor-element-987a383\" data-id=\"987a383\" data-element_type=\"column\" data-settings=\"{&quot;background_background&quot;:&quot;classic&quot;}\">\n\t\t\t<div class=\"elementor-widget-wrap elementor-element-populated\">\n\t\t\t\t\t\t<div class=\"elementor-element elementor-element-9302ed5 elementor-widget elementor-widget-heading\" data-id=\"9302ed5\" data-element_type=\"widget\" data-widget_type=\"heading.default\">\n\t\t\t\t\t<div class=\"elementor-heading-title elementor-size-default\">Tele-epidemiology<\/div>\t\t\t\t<\/div>\n\t\t\t\t<div class=\"elementor-element elementor-element-75d6b2f elementor-widget elementor-widget-breadcrumbs\" data-id=\"75d6b2f\" data-element_type=\"widget\" data-widget_type=\"breadcrumbs.default\">\n\t\t\t\t\t<div id=\"breadcrumbs\"><span><span><a href=\"https:\/\/promethee.earth\/en\/\">Home<\/a><\/span><\/span><\/div>\t\t\t\t<\/div>\n\t\t\t\t<section data-particle_enable=\"false\" data-particle-mobile-disabled=\"false\" class=\"elementor-section elementor-inner-section elementor-element elementor-element-9ee096f elementor-section-boxed elementor-section-height-default elementor-section-height-default\" data-id=\"9ee096f\" data-element_type=\"section\">\n\t\t\t\t\t\t<div class=\"elementor-container elementor-column-gap-default\">\n\t\t\t\t\t<div class=\"elementor-column elementor-col-33 elementor-inner-column elementor-element elementor-element-7f5bf72\" data-id=\"7f5bf72\" data-element_type=\"column\" data-settings=\"{&quot;background_background&quot;:&quot;classic&quot;}\">\n\t\t\t<div class=\"elementor-widget-wrap elementor-element-populated\">\n\t\t\t\t\t\t<div class=\"elementor-element elementor-element-1d4935f elementor-nav-menu__align-start elementor-nav-menu--dropdown-tablet elementor-nav-menu__text-align-aside elementor-nav-menu--toggle elementor-nav-menu--burger elementor-widget elementor-widget-nav-menu\" data-id=\"1d4935f\" data-element_type=\"widget\" data-settings=\"{&quot;layout&quot;:&quot;horizontal&quot;,&quot;submenu_icon&quot;:{&quot;value&quot;:&quot;&lt;i class=\\&quot;fas fa-caret-down\\&quot; aria-hidden=\\&quot;true\\&quot;&gt;&lt;\\\/i&gt;&quot;,&quot;library&quot;:&quot;fa-solid&quot;},&quot;toggle&quot;:&quot;burger&quot;}\" data-widget_type=\"nav-menu.default\">\n\t\t\t\t\t\t\t\t<nav aria-label=\"Menu\" class=\"elementor-nav-menu--main elementor-nav-menu__container elementor-nav-menu--layout-horizontal e--pointer-none\">\n\t\t\t\t<ul id=\"menu-1-1d4935f\" class=\"elementor-nav-menu\"><li class=\"menu-item menu-item-type-post_type menu-item-object-page menu-item-6040\"><a href=\"https:\/\/promethee.earth\/en\/application\/tele-epidemiology\/\" class=\"elementor-item\">Tele-epidemiology<\/a><\/li>\n<li class=\"menu-item menu-item-type-post_type menu-item-object-page menu-item-6041\"><a href=\"https:\/\/promethee.earth\/en\/application\/great-green-wall\/\" class=\"elementor-item\">Great Green Wall<\/a><\/li>\n<li class=\"menu-item menu-item-type-post_type menu-item-object-page menu-item-6042\"><a href=\"https:\/\/promethee.earth\/en\/application\/air-quality\/\" class=\"elementor-item\">Air quality<\/a><\/li>\n<li class=\"menu-item menu-item-type-post_type menu-item-object-page menu-item-6043\"><a href=\"https:\/\/promethee.earth\/en\/application\/carbon-tracker\/\" class=\"elementor-item\">Carbon Tracker<\/a><\/li>\n<\/ul>\t\t\t<\/nav>\n\t\t\t\t\t<div class=\"elementor-menu-toggle\" role=\"button\" tabindex=\"0\" aria-label=\"Menu Toggle\" aria-expanded=\"false\">\n\t\t\t<i aria-hidden=\"true\" role=\"presentation\" class=\"elementor-menu-toggle__icon--open eicon-menu-bar\"><\/i><i aria-hidden=\"true\" role=\"presentation\" class=\"elementor-menu-toggle__icon--close eicon-close\"><\/i>\t\t<\/div>\n\t\t\t\t\t<nav class=\"elementor-nav-menu--dropdown elementor-nav-menu__container\" aria-hidden=\"true\">\n\t\t\t\t<ul id=\"menu-2-1d4935f\" class=\"elementor-nav-menu\"><li class=\"menu-item menu-item-type-post_type menu-item-object-page menu-item-6040\"><a href=\"https:\/\/promethee.earth\/en\/application\/tele-epidemiology\/\" class=\"elementor-item\" tabindex=\"-1\">Tele-epidemiology<\/a><\/li>\n<li class=\"menu-item menu-item-type-post_type menu-item-object-page menu-item-6041\"><a href=\"https:\/\/promethee.earth\/en\/application\/great-green-wall\/\" class=\"elementor-item\" tabindex=\"-1\">Great Green Wall<\/a><\/li>\n<li class=\"menu-item menu-item-type-post_type menu-item-object-page menu-item-6042\"><a href=\"https:\/\/promethee.earth\/en\/application\/air-quality\/\" class=\"elementor-item\" tabindex=\"-1\">Air quality<\/a><\/li>\n<li class=\"menu-item menu-item-type-post_type menu-item-object-page menu-item-6043\"><a href=\"https:\/\/promethee.earth\/en\/application\/carbon-tracker\/\" class=\"elementor-item\" tabindex=\"-1\">Carbon Tracker<\/a><\/li>\n<\/ul>\t\t\t<\/nav>\n\t\t\t\t\t\t<\/div>\n\t\t\t\t\t<\/div>\n\t\t<\/div>\n\t\t\t\t<div class=\"elementor-column elementor-col-66 elementor-inner-column elementor-element elementor-element-7304210\" data-id=\"7304210\" data-element_type=\"column\">\n\t\t\t<div class=\"elementor-widget-wrap elementor-element-populated\">\n\t\t\t\t\t\t<div class=\"elementor-element elementor-element-ccd7da8 elementor-widget elementor-widget-theme-post-featured-image elementor-widget-image\" data-id=\"ccd7da8\" data-element_type=\"widget\" data-widget_type=\"theme-post-featured-image.default\">\n\t\t\t\t\t\t\t\t\t\t\t\t\t\t\t<img fetchpriority=\"high\" decoding=\"async\" width=\"1024\" height=\"517\" src=\"https:\/\/promethee.earth\/wp-content\/uploads\/2022\/10\/Tele-epidemiologie-1024x517.png\" class=\"attachment-large size-large wp-image-2239\" alt=\"\" srcset=\"https:\/\/promethee.earth\/wp-content\/uploads\/2022\/10\/Tele-epidemiologie-1024x517.png 1024w, https:\/\/promethee.earth\/wp-content\/uploads\/2022\/10\/Tele-epidemiologie-300x151.png 300w, https:\/\/promethee.earth\/wp-content\/uploads\/2022\/10\/Tele-epidemiologie-768x388.png 768w, https:\/\/promethee.earth\/wp-content\/uploads\/2022\/10\/Tele-epidemiologie-1536x776.png 1536w, https:\/\/promethee.earth\/wp-content\/uploads\/2022\/10\/Tele-epidemiologie-1568x792.png 1568w, https:\/\/promethee.earth\/wp-content\/uploads\/2022\/10\/Tele-epidemiologie.png 2046w\" sizes=\"(max-width: 1024px) 100vw, 1024px\" \/>\t\t\t\t\t\t\t\t\t\t\t\t\t\t\t<\/div>\n\t\t\t\t<div class=\"elementor-element elementor-element-aa914c2 elementor-widget elementor-widget-text-editor\" data-id=\"aa914c2\" data-element_type=\"widget\" data-widget_type=\"text-editor.default\">\n\t\t\t\t\t\t\t\t\t<h3>Predict and monitor the future epidemics<\/h3>\n<p>Global warming is causing the proliferation of mosquitoes that carry potentially fatal diseases that are dangerous for humans (malaria, dengue, etc.). This phenomenon no longer affects only tropical regions but also territories that were previously spared.<\/p>\n<p>Anticipating the spread of these human or animal diseases caused by biological pathogens (viruses, bacteria, parasites&#8230;), represents a vital health issue.<\/p>\n<p>The applications developed by Prometheus provide predictive maps of entomological risk in order to predict future epidemics of vector-borne diseases. This systemic approach unites several scientific disciplines (climatology, entomology, microbiology&#8230;) with satellite imagery to produce predictive models.<\/p>\n<p>The combination of satellite imagery and biological models of mosquitoes makes it possible to monitor and anticipate health risks.<\/p>\n\t\t\t\t\t\t\t\t<\/div>\n\t\t\t\t<div class=\"elementor-element elementor-element-2ba09c2 elementor-widget elementor-widget-button\" data-id=\"2ba09c2\" data-element_type=\"widget\" data-widget_type=\"button.default\">\n\t\t\t\t\t\t\t\t\t\t<a class=\"elementor-button elementor-button-link elementor-size-sm\" href=\"https:\/\/www.promethee.earth\/en\/contact\/#mail\">\n\t\t\t\t\t\t<span class=\"elementor-button-content-wrapper\">\n\t\t\t\t\t\t<span class=\"elementor-button-icon\">\n\t\t\t\t<i aria-hidden=\"true\" class=\"far fa-arrow-alt-circle-right\"><\/i>\t\t\t<\/span>\n\t\t\t\t\t\t\t\t\t<span class=\"elementor-button-text\">Request a demo<\/span>\n\t\t\t\t\t<\/span>\n\t\t\t\t\t<\/a>\n\t\t\t\t\t\t\t\t<\/div>\n\t\t\t\t\t<\/div>\n\t\t<\/div>\n\t\t\t\t\t<\/div>\n\t\t<\/section>\n\t\t\t\t\t<\/div>\n\t\t<\/div>\n\t\t\t\t\t<\/div>\n\t\t<\/section>\n\t\t\t\t<\/div>\n\t\t","protected":false},"excerpt":{"rendered":"<p>Predict and monitor the future epidemics Global warming is causing the proliferation of mosquitoes that carry potentially fatal diseases that are dangerous for humans (malaria, dengue, etc.). This phenomenon no longer affects only tropical regions but also territories that were previously spared. Anticipating the spread of these human or animal diseases caused by biological pathogens &#8230; <a title=\"Tele-epidemiology\" class=\"read-more\" href=\"https:\/\/promethee.earth\/en\/application\/tele-epidemiology\/\" aria-label=\"Read more about Tele-epidemiology\">Read more<\/a><\/p>\n","protected":false},"author":1,"featured_media":2239,"parent":2274,"menu_order":0,"comment_status":"closed","ping_status":"closed","template":"elementor_header_footer","meta":{"footnotes":""},"class_list":["post-2416","page","type-page","status-publish","has-post-thumbnail"],"yoast_head":"<!-- This site is optimized with the Yoast SEO plugin v26.8 - https:\/\/yoast.com\/product\/yoast-seo-wordpress\/ -->\n<title>Tele-epidemiology - Prom\u00e9th\u00e9e<\/title>\n<meta name=\"robots\" content=\"index, follow, max-snippet:-1, max-image-preview:large, max-video-preview:-1\" \/>\n<link rel=\"canonical\" href=\"https:\/\/promethee.earth\/en\/application\/tele-epidemiology\/\" \/>\n<meta property=\"og:locale\" content=\"en_US\" \/>\n<meta property=\"og:type\" content=\"article\" \/>\n<meta property=\"og:title\" content=\"Tele-epidemiology - Prom\u00e9th\u00e9e\" \/>\n<meta property=\"og:description\" content=\"Predict and monitor the future epidemics Global warming is causing the proliferation of mosquitoes that carry potentially fatal diseases that are dangerous for humans (malaria, dengue, etc.). This phenomenon no longer affects only tropical regions but also territories that were previously spared. Anticipating the spread of these human or animal diseases caused by biological pathogens ... Read more\" \/>\n<meta property=\"og:url\" content=\"https:\/\/promethee.earth\/en\/application\/tele-epidemiology\/\" \/>\n<meta property=\"og:site_name\" content=\"Prom\u00e9th\u00e9e\" \/>\n<meta property=\"article:modified_time\" content=\"2022-10-26T08:42:02+00:00\" \/>\n<meta property=\"og:image\" content=\"https:\/\/promethee.earth\/wp-content\/uploads\/2022\/10\/Tele-epidemiologie.png\" \/>\n\t<meta property=\"og:image:width\" content=\"2046\" \/>\n\t<meta property=\"og:image:height\" content=\"1033\" \/>\n\t<meta property=\"og:image:type\" content=\"image\/png\" \/>\n<meta name=\"twitter:card\" content=\"summary_large_image\" \/>\n<meta name=\"twitter:label1\" content=\"Est. reading time\" \/>\n\t<meta name=\"twitter:data1\" content=\"1 minute\" \/>\n<script type=\"application\/ld+json\" class=\"yoast-schema-graph\">{\"@context\":\"https:\/\/schema.org\",\"@graph\":[{\"@type\":\"WebPage\",\"@id\":\"https:\/\/promethee.earth\/en\/application\/tele-epidemiology\/\",\"url\":\"https:\/\/promethee.earth\/en\/application\/tele-epidemiology\/\",\"name\":\"Tele-epidemiology - Prom\u00e9th\u00e9e\",\"isPartOf\":{\"@id\":\"https:\/\/promethee.earth\/en\/#website\"},\"primaryImageOfPage\":{\"@id\":\"https:\/\/promethee.earth\/en\/application\/tele-epidemiology\/#primaryimage\"},\"image\":{\"@id\":\"https:\/\/promethee.earth\/en\/application\/tele-epidemiology\/#primaryimage\"},\"thumbnailUrl\":\"https:\/\/promethee.earth\/wp-content\/uploads\/2022\/10\/Tele-epidemiologie.png\",\"datePublished\":\"2022-10-10T22:46:41+00:00\",\"dateModified\":\"2022-10-26T08:42:02+00:00\",\"breadcrumb\":{\"@id\":\"https:\/\/promethee.earth\/en\/application\/tele-epidemiology\/#breadcrumb\"},\"inLanguage\":\"en-US\",\"potentialAction\":[{\"@type\":\"ReadAction\",\"target\":[\"https:\/\/promethee.earth\/en\/application\/tele-epidemiology\/\"]}]},{\"@type\":\"ImageObject\",\"inLanguage\":\"en-US\",\"@id\":\"https:\/\/promethee.earth\/en\/application\/tele-epidemiology\/#primaryimage\",\"url\":\"https:\/\/promethee.earth\/wp-content\/uploads\/2022\/10\/Tele-epidemiologie.png\",\"contentUrl\":\"https:\/\/promethee.earth\/wp-content\/uploads\/2022\/10\/Tele-epidemiologie.png\",\"width\":2046,\"height\":1033},{\"@type\":\"BreadcrumbList\",\"@id\":\"https:\/\/promethee.earth\/en\/application\/tele-epidemiology\/#breadcrumb\",\"itemListElement\":[{\"@type\":\"ListItem\",\"position\":1,\"name\":\"Home\",\"item\":\"https:\/\/promethee.earth\/en\/\"},{\"@type\":\"ListItem\",\"position\":2,\"name\":\"Application\",\"item\":\"https:\/\/promethee.earth\/en\/application\/\"},{\"@type\":\"ListItem\",\"position\":3,\"name\":\"Tele-epidemiology\"}]},{\"@type\":\"WebSite\",\"@id\":\"https:\/\/promethee.earth\/en\/#website\",\"url\":\"https:\/\/promethee.earth\/en\/\",\"name\":\"Prom\u00e9th\u00e9e\",\"description\":\"Op\u00e9rateur New Space de constellations de nano satellites d&#039;observation de la Terre. Rendre la Terre accessible pour tous, pour un monde plus s\u00fbr et plus durable.\",\"publisher\":{\"@id\":\"https:\/\/promethee.earth\/en\/#organization\"},\"potentialAction\":[{\"@type\":\"SearchAction\",\"target\":{\"@type\":\"EntryPoint\",\"urlTemplate\":\"https:\/\/promethee.earth\/en\/?s={search_term_string}\"},\"query-input\":{\"@type\":\"PropertyValueSpecification\",\"valueRequired\":true,\"valueName\":\"search_term_string\"}}],\"inLanguage\":\"en-US\"},{\"@type\":\"Organization\",\"@id\":\"https:\/\/promethee.earth\/en\/#organization\",\"name\":\"Prom\u00e9th\u00e9e Earth Intelligence\",\"url\":\"https:\/\/promethee.earth\/en\/\",\"logo\":{\"@type\":\"ImageObject\",\"inLanguage\":\"en-US\",\"@id\":\"https:\/\/promethee.earth\/en\/#\/schema\/logo\/image\/\",\"url\":\"https:\/\/promethee.earth\/wp-content\/uploads\/2023\/06\/cropped-LOGO_PROMETHEE_EARTH_INTEL_BLANC.png\",\"contentUrl\":\"https:\/\/promethee.earth\/wp-content\/uploads\/2023\/06\/cropped-LOGO_PROMETHEE_EARTH_INTEL_BLANC.png\",\"width\":1918,\"height\":641,\"caption\":\"Prom\u00e9th\u00e9e Earth Intelligence\"},\"image\":{\"@id\":\"https:\/\/promethee.earth\/en\/#\/schema\/logo\/image\/\"}}]}<\/script>\n<!-- \/ Yoast SEO plugin. -->","yoast_head_json":{"title":"Tele-epidemiology - Prom\u00e9th\u00e9e","robots":{"index":"index","follow":"follow","max-snippet":"max-snippet:-1","max-image-preview":"max-image-preview:large","max-video-preview":"max-video-preview:-1"},"canonical":"https:\/\/promethee.earth\/en\/application\/tele-epidemiology\/","og_locale":"en_US","og_type":"article","og_title":"Tele-epidemiology - Prom\u00e9th\u00e9e","og_description":"Predict and monitor the future epidemics Global warming is causing the proliferation of mosquitoes that carry potentially fatal diseases that are dangerous for humans (malaria, dengue, etc.). This phenomenon no longer affects only tropical regions but also territories that were previously spared. Anticipating the spread of these human or animal diseases caused by biological pathogens ... Read more","og_url":"https:\/\/promethee.earth\/en\/application\/tele-epidemiology\/","og_site_name":"Prom\u00e9th\u00e9e","article_modified_time":"2022-10-26T08:42:02+00:00","og_image":[{"width":2046,"height":1033,"url":"https:\/\/promethee.earth\/wp-content\/uploads\/2022\/10\/Tele-epidemiologie.png","type":"image\/png"}],"twitter_card":"summary_large_image","twitter_misc":{"Est. reading time":"1 minute"},"schema":{"@context":"https:\/\/schema.org","@graph":[{"@type":"WebPage","@id":"https:\/\/promethee.earth\/en\/application\/tele-epidemiology\/","url":"https:\/\/promethee.earth\/en\/application\/tele-epidemiology\/","name":"Tele-epidemiology - Prom\u00e9th\u00e9e","isPartOf":{"@id":"https:\/\/promethee.earth\/en\/#website"},"primaryImageOfPage":{"@id":"https:\/\/promethee.earth\/en\/application\/tele-epidemiology\/#primaryimage"},"image":{"@id":"https:\/\/promethee.earth\/en\/application\/tele-epidemiology\/#primaryimage"},"thumbnailUrl":"https:\/\/promethee.earth\/wp-content\/uploads\/2022\/10\/Tele-epidemiologie.png","datePublished":"2022-10-10T22:46:41+00:00","dateModified":"2022-10-26T08:42:02+00:00","breadcrumb":{"@id":"https:\/\/promethee.earth\/en\/application\/tele-epidemiology\/#breadcrumb"},"inLanguage":"en-US","potentialAction":[{"@type":"ReadAction","target":["https:\/\/promethee.earth\/en\/application\/tele-epidemiology\/"]}]},{"@type":"ImageObject","inLanguage":"en-US","@id":"https:\/\/promethee.earth\/en\/application\/tele-epidemiology\/#primaryimage","url":"https:\/\/promethee.earth\/wp-content\/uploads\/2022\/10\/Tele-epidemiologie.png","contentUrl":"https:\/\/promethee.earth\/wp-content\/uploads\/2022\/10\/Tele-epidemiologie.png","width":2046,"height":1033},{"@type":"BreadcrumbList","@id":"https:\/\/promethee.earth\/en\/application\/tele-epidemiology\/#breadcrumb","itemListElement":[{"@type":"ListItem","position":1,"name":"Home","item":"https:\/\/promethee.earth\/en\/"},{"@type":"ListItem","position":2,"name":"Application","item":"https:\/\/promethee.earth\/en\/application\/"},{"@type":"ListItem","position":3,"name":"Tele-epidemiology"}]},{"@type":"WebSite","@id":"https:\/\/promethee.earth\/en\/#website","url":"https:\/\/promethee.earth\/en\/","name":"Prom\u00e9th\u00e9e","description":"Op\u00e9rateur New Space de constellations de nano satellites d&#039;observation de la Terre. Rendre la Terre accessible pour tous, pour un monde plus s\u00fbr et plus durable.","publisher":{"@id":"https:\/\/promethee.earth\/en\/#organization"},"potentialAction":[{"@type":"SearchAction","target":{"@type":"EntryPoint","urlTemplate":"https:\/\/promethee.earth\/en\/?s={search_term_string}"},"query-input":{"@type":"PropertyValueSpecification","valueRequired":true,"valueName":"search_term_string"}}],"inLanguage":"en-US"},{"@type":"Organization","@id":"https:\/\/promethee.earth\/en\/#organization","name":"Prom\u00e9th\u00e9e Earth Intelligence","url":"https:\/\/promethee.earth\/en\/","logo":{"@type":"ImageObject","inLanguage":"en-US","@id":"https:\/\/promethee.earth\/en\/#\/schema\/logo\/image\/","url":"https:\/\/promethee.earth\/wp-content\/uploads\/2023\/06\/cropped-LOGO_PROMETHEE_EARTH_INTEL_BLANC.png","contentUrl":"https:\/\/promethee.earth\/wp-content\/uploads\/2023\/06\/cropped-LOGO_PROMETHEE_EARTH_INTEL_BLANC.png","width":1918,"height":641,"caption":"Prom\u00e9th\u00e9e Earth Intelligence"},"image":{"@id":"https:\/\/promethee.earth\/en\/#\/schema\/logo\/image\/"}}]}},"_links":{"self":[{"href":"https:\/\/promethee.earth\/en\/wp-json\/wp\/v2\/pages\/2416","targetHints":{"allow":["GET"]}}],"collection":[{"href":"https:\/\/promethee.earth\/en\/wp-json\/wp\/v2\/pages"}],"about":[{"href":"https:\/\/promethee.earth\/en\/wp-json\/wp\/v2\/types\/page"}],"author":[{"embeddable":true,"href":"https:\/\/promethee.earth\/en\/wp-json\/wp\/v2\/users\/1"}],"replies":[{"embeddable":true,"href":"https:\/\/promethee.earth\/en\/wp-json\/wp\/v2\/comments?post=2416"}],"version-history":[{"count":5,"href":"https:\/\/promethee.earth\/en\/wp-json\/wp\/v2\/pages\/2416\/revisions"}],"predecessor-version":[{"id":2520,"href":"https:\/\/promethee.earth\/en\/wp-json\/wp\/v2\/pages\/2416\/revisions\/2520"}],"up":[{"embeddable":true,"href":"https:\/\/promethee.earth\/en\/wp-json\/wp\/v2\/pages\/2274"}],"wp:featuredmedia":[{"embeddable":true,"href":"https:\/\/promethee.earth\/en\/wp-json\/wp\/v2\/media\/2239"}],"wp:attachment":[{"href":"https:\/\/promethee.earth\/en\/wp-json\/wp\/v2\/media?parent=2416"}],"curies":[{"name":"wp","href":"https:\/\/api.w.org\/{rel}","templated":true}]}}