{"id":2409,"date":"2022-10-10T22:34:24","date_gmt":"2022-10-10T22:34:24","guid":{"rendered":"https:\/\/promethee.earth\/roadmap\/the-japetus-constellation\/"},"modified":"2022-11-07T21:08:29","modified_gmt":"2022-11-07T21:08:29","slug":"the-japetus-constellation","status":"publish","type":"page","link":"https:\/\/promethee.earth\/en\/roadmap\/the-japetus-constellation\/","title":{"rendered":"The Japetus constellation"},"content":{"rendered":"\t\t<div data-elementor-type=\"wp-page\" data-elementor-id=\"2409\" class=\"elementor elementor-2409 elementor-1607\" data-elementor-post-type=\"page\">\n\t\t\t\t\t\t<section data-particle_enable=\"false\" data-particle-mobile-disabled=\"false\" class=\"elementor-section elementor-top-section elementor-element elementor-element-49155b6 elementor-section-boxed elementor-section-height-default elementor-section-height-default\" data-id=\"49155b6\" data-element_type=\"section\">\n\t\t\t\t\t\t<div class=\"elementor-container elementor-column-gap-default\">\n\t\t\t\t\t<div class=\"elementor-column elementor-col-100 elementor-top-column elementor-element elementor-element-66c85e7\" data-id=\"66c85e7\" data-element_type=\"column\" data-settings=\"{&quot;background_background&quot;:&quot;classic&quot;}\">\n\t\t\t<div class=\"elementor-widget-wrap elementor-element-populated\">\n\t\t\t\t\t\t<div class=\"elementor-element elementor-element-2e15e40 elementor-widget elementor-widget-heading\" data-id=\"2e15e40\" data-element_type=\"widget\" data-widget_type=\"heading.default\">\n\t\t\t\t\t<div class=\"elementor-heading-title elementor-size-default\">The Japetus constellation<\/div>\t\t\t\t<\/div>\n\t\t\t\t<div class=\"elementor-element elementor-element-e4c5935 elementor-widget elementor-widget-breadcrumbs\" data-id=\"e4c5935\" data-element_type=\"widget\" data-widget_type=\"breadcrumbs.default\">\n\t\t\t\t\t<div id=\"breadcrumbs\"><span><span><a href=\"https:\/\/promethee.earth\/en\/\">Home<\/a><\/span><\/span><\/div>\t\t\t\t<\/div>\n\t\t\t\t<section data-particle_enable=\"false\" data-particle-mobile-disabled=\"false\" class=\"elementor-section elementor-inner-section elementor-element elementor-element-7dcd996 elementor-section-boxed elementor-section-height-default elementor-section-height-default\" data-id=\"7dcd996\" data-element_type=\"section\">\n\t\t\t\t\t\t<div class=\"elementor-container elementor-column-gap-default\">\n\t\t\t\t\t<div class=\"elementor-column elementor-col-33 elementor-inner-column elementor-element elementor-element-e1f0d8f\" data-id=\"e1f0d8f\" data-element_type=\"column\" data-settings=\"{&quot;background_background&quot;:&quot;classic&quot;}\">\n\t\t\t<div class=\"elementor-widget-wrap elementor-element-populated\">\n\t\t\t\t\t\t<div class=\"elementor-element elementor-element-7586afd elementor-nav-menu__align-start elementor-nav-menu--dropdown-tablet elementor-nav-menu__text-align-aside elementor-nav-menu--toggle elementor-nav-menu--burger elementor-widget elementor-widget-nav-menu\" data-id=\"7586afd\" data-element_type=\"widget\" data-settings=\"{&quot;layout&quot;:&quot;horizontal&quot;,&quot;submenu_icon&quot;:{&quot;value&quot;:&quot;&lt;i class=\\&quot;fas fa-caret-down\\&quot; aria-hidden=\\&quot;true\\&quot;&gt;&lt;\\\/i&gt;&quot;,&quot;library&quot;:&quot;fa-solid&quot;},&quot;toggle&quot;:&quot;burger&quot;}\" data-widget_type=\"nav-menu.default\">\n\t\t\t\t\t\t\t\t<nav aria-label=\"Menu\" class=\"elementor-nav-menu--main elementor-nav-menu__container elementor-nav-menu--layout-horizontal e--pointer-none\">\n\t\t\t\t<ul id=\"menu-1-7586afd\" class=\"elementor-nav-menu\"><li class=\"menu-item menu-item-type-post_type menu-item-object-page menu-item-6036\"><a href=\"https:\/\/promethee.earth\/en\/roadmap\/eop\/\" class=\"elementor-item\">EOP<\/a><\/li>\n<li class=\"menu-item menu-item-type-post_type menu-item-object-page menu-item-6037\"><a href=\"https:\/\/promethee.earth\/en\/roadmap\/protomethee\/\" class=\"elementor-item\">ProtoM\u00e9th\u00e9e<\/a><\/li>\n<li class=\"menu-item menu-item-type-post_type menu-item-object-page menu-item-6039\"><a href=\"https:\/\/promethee.earth\/en\/roadmap\/the-japetus-constellation\/\" class=\"elementor-item\">The Japetus constellation<\/a><\/li>\n<\/ul>\t\t\t<\/nav>\n\t\t\t\t\t<div class=\"elementor-menu-toggle\" role=\"button\" tabindex=\"0\" aria-label=\"Menu Toggle\" aria-expanded=\"false\">\n\t\t\t<i aria-hidden=\"true\" role=\"presentation\" class=\"elementor-menu-toggle__icon--open eicon-menu-bar\"><\/i><i aria-hidden=\"true\" role=\"presentation\" class=\"elementor-menu-toggle__icon--close eicon-close\"><\/i>\t\t<\/div>\n\t\t\t\t\t<nav class=\"elementor-nav-menu--dropdown elementor-nav-menu__container\" aria-hidden=\"true\">\n\t\t\t\t<ul id=\"menu-2-7586afd\" class=\"elementor-nav-menu\"><li class=\"menu-item menu-item-type-post_type menu-item-object-page menu-item-6036\"><a href=\"https:\/\/promethee.earth\/en\/roadmap\/eop\/\" class=\"elementor-item\" tabindex=\"-1\">EOP<\/a><\/li>\n<li class=\"menu-item menu-item-type-post_type menu-item-object-page menu-item-6037\"><a href=\"https:\/\/promethee.earth\/en\/roadmap\/protomethee\/\" class=\"elementor-item\" tabindex=\"-1\">ProtoM\u00e9th\u00e9e<\/a><\/li>\n<li class=\"menu-item menu-item-type-post_type menu-item-object-page menu-item-6039\"><a href=\"https:\/\/promethee.earth\/en\/roadmap\/the-japetus-constellation\/\" class=\"elementor-item\" tabindex=\"-1\">The Japetus constellation<\/a><\/li>\n<\/ul>\t\t\t<\/nav>\n\t\t\t\t\t\t<\/div>\n\t\t\t\t<div class=\"elementor-element elementor-element-6f6117f elementor-widget elementor-widget-text-editor\" data-id=\"6f6117f\" data-element_type=\"widget\" data-widget_type=\"text-editor.default\">\n\t\t\t\t\t\t\t\t\t<p>Hyper-reactivity, real time and global coverage<\/p>\n\t\t\t\t\t\t\t\t<\/div>\n\t\t\t\t<div class=\"elementor-element elementor-element-241e8e7 elementor-widget elementor-widget-image\" data-id=\"241e8e7\" data-element_type=\"widget\" data-widget_type=\"image.default\">\n\t\t\t\t\t\t\t\t\t\t\t\t\t\t\t<img fetchpriority=\"high\" decoding=\"async\" width=\"912\" height=\"970\" src=\"https:\/\/promethee.earth\/wp-content\/uploads\/2022\/10\/constellation-japetus.png\" class=\"attachment-large size-large wp-image-1610\" alt=\"constellation japetus\" srcset=\"https:\/\/promethee.earth\/wp-content\/uploads\/2022\/10\/constellation-japetus.png 912w, https:\/\/promethee.earth\/wp-content\/uploads\/2022\/10\/constellation-japetus-282x300.png 282w, https:\/\/promethee.earth\/wp-content\/uploads\/2022\/10\/constellation-japetus-768x817.png 768w\" sizes=\"(max-width: 912px) 100vw, 912px\" \/>\t\t\t\t\t\t\t\t\t\t\t\t\t\t\t<\/div>\n\t\t\t\t\t<\/div>\n\t\t<\/div>\n\t\t\t\t<div class=\"elementor-column elementor-col-66 elementor-inner-column elementor-element elementor-element-f3aef37\" data-id=\"f3aef37\" data-element_type=\"column\">\n\t\t\t<div class=\"elementor-widget-wrap elementor-element-populated\">\n\t\t\t\t\t\t<div class=\"elementor-element elementor-element-72386c7 elementor-widget elementor-widget-text-editor\" data-id=\"72386c7\" data-element_type=\"widget\" data-widget_type=\"text-editor.default\">\n\t\t\t\t\t\t\t\t\t<p>A very high revisit and high resolution constellation<\/p><p>\u00a0<\/p><p>The multiplication of the areas of interest and the strong dynamics of the activities to be observed require faster observation frequencies. The Promethee nanosatellites, each weighing less than 50 kg, will be equipped with multi-spectral sensors with sub-meter resolution.<\/p><p>\u00a0<\/p><p>With the 20 satellites of the future Japetus constellation, the areas to be monitored will be observed every 2 hours on average and up to every 45 minutes, an improvement of a factor of 10 compared to traditional space systems.<\/p><p>\u00a0<\/p><p>Combined with on-board AI capabilities integrated with the ground-based data processing platform, Japetus will enable automatic monitoring of sites, borders and large areas up to several dozen times a day.<\/p><p>\u00a0<\/p><p>A hyper-reactive dual observation system for operational emergencies<\/p><p>\u00a0<\/p><h3>A hyper-reactive dual observation system for operational emergencies<\/h3><p>\u00a0<\/p><p>Some situations require responsiveness, and therefore alerts, in real time. Thanks to an unprecedented inter-satellite connectivity with the Kineis constellation, Promethee will allow its users to program its nanosatellites and receive alerts in a priority and urgent manner, in a few tens of minutes, from any point on the globe, whether in the middle of the Pacific Ocean or Sahel, and at any time of day, without any heavy infrastructure: a simple ultra-portable terminal is all that is needed.<\/p><p>\u00a0<\/p><p>This unprecedented capability will meet operational needs for real-time observation capabilities in complex and contested environments.<\/p><p>\u00a0<\/p><p>Strengthening the resilience of sovereign capabilities<\/p><p>\u00a0<\/p><p>By its global and quasi-persistent nature, combined with its ease of use, Japetus complements both current legacy satellite resources, offering global coverage but infrequent access, and persistent but geographically restricted and vulnerable surveillance resources operated by UAVs.<\/p>\t\t\t\t\t\t\t\t<\/div>\n\t\t\t\t<div class=\"elementor-element elementor-element-3dc377a elementor-widget elementor-widget-video\" data-id=\"3dc377a\" data-element_type=\"widget\" data-settings=\"{&quot;youtube_url&quot;:&quot;https:\\\/\\\/www.youtube.com\\\/watch?v=rc9V3DskcPc&quot;,&quot;video_type&quot;:&quot;youtube&quot;,&quot;controls&quot;:&quot;yes&quot;}\" data-widget_type=\"video.default\">\n\t\t\t\t\t\t\t<div class=\"elementor-wrapper elementor-open-inline\">\n\t\t\t<div class=\"elementor-video\"><\/div>\t\t<\/div>\n\t\t\t\t\t\t<\/div>\n\t\t\t\t\t<\/div>\n\t\t<\/div>\n\t\t\t\t\t<\/div>\n\t\t<\/section>\n\t\t\t\t\t<\/div>\n\t\t<\/div>\n\t\t\t\t\t<\/div>\n\t\t<\/section>\n\t\t\t\t<\/div>\n\t\t","protected":false},"excerpt":{"rendered":"<p>Hyper-reactivity, real time and global coverage A very high revisit and high resolution constellation \u00a0 The multiplication of the areas of interest and the strong dynamics of the activities to be observed require faster observation frequencies. The Promethee nanosatellites, each weighing less than 50 kg, will be equipped with multi-spectral sensors with sub-meter resolution. \u00a0 &#8230; <a title=\"The Japetus constellation\" class=\"read-more\" href=\"https:\/\/promethee.earth\/en\/roadmap\/the-japetus-constellation\/\" aria-label=\"Read more about The Japetus constellation\">Read more<\/a><\/p>\n","protected":false},"author":1,"featured_media":0,"parent":2269,"menu_order":0,"comment_status":"closed","ping_status":"closed","template":"elementor_header_footer","meta":{"footnotes":""},"class_list":["post-2409","page","type-page","status-publish"],"yoast_head":"<!-- This site is optimized with the Yoast SEO plugin v26.8 - https:\/\/yoast.com\/product\/yoast-seo-wordpress\/ -->\n<title>The Japetus constellation - Prom\u00e9th\u00e9e<\/title>\n<meta name=\"robots\" content=\"index, follow, max-snippet:-1, max-image-preview:large, max-video-preview:-1\" \/>\n<link rel=\"canonical\" href=\"https:\/\/promethee.earth\/en\/roadmap\/the-japetus-constellation\/\" \/>\n<meta property=\"og:locale\" content=\"en_US\" \/>\n<meta property=\"og:type\" content=\"article\" \/>\n<meta property=\"og:title\" content=\"The Japetus constellation - Prom\u00e9th\u00e9e\" \/>\n<meta property=\"og:description\" content=\"Hyper-reactivity, real time and global coverage A very high revisit and high resolution constellation \u00a0 The multiplication of the areas of interest and the strong dynamics of the activities to be observed require faster observation frequencies. The Promethee nanosatellites, each weighing less than 50 kg, will be equipped with multi-spectral sensors with sub-meter resolution. \u00a0 ... Read more\" \/>\n<meta property=\"og:url\" content=\"https:\/\/promethee.earth\/en\/roadmap\/the-japetus-constellation\/\" \/>\n<meta property=\"og:site_name\" content=\"Prom\u00e9th\u00e9e\" \/>\n<meta property=\"article:modified_time\" content=\"2022-11-07T21:08:29+00:00\" \/>\n<meta property=\"og:image\" content=\"https:\/\/promethee.earth\/wp-content\/uploads\/2022\/10\/constellation-japetus.png\" \/>\n<meta name=\"twitter:card\" content=\"summary_large_image\" \/>\n<meta name=\"twitter:label1\" content=\"Est. reading time\" \/>\n\t<meta name=\"twitter:data1\" content=\"2 minutes\" \/>\n<script type=\"application\/ld+json\" class=\"yoast-schema-graph\">{\"@context\":\"https:\/\/schema.org\",\"@graph\":[{\"@type\":\"WebPage\",\"@id\":\"https:\/\/promethee.earth\/en\/roadmap\/the-japetus-constellation\/\",\"url\":\"https:\/\/promethee.earth\/en\/roadmap\/the-japetus-constellation\/\",\"name\":\"The Japetus constellation - Prom\u00e9th\u00e9e\",\"isPartOf\":{\"@id\":\"https:\/\/promethee.earth\/en\/#website\"},\"primaryImageOfPage\":{\"@id\":\"https:\/\/promethee.earth\/en\/roadmap\/the-japetus-constellation\/#primaryimage\"},\"image\":{\"@id\":\"https:\/\/promethee.earth\/en\/roadmap\/the-japetus-constellation\/#primaryimage\"},\"thumbnailUrl\":\"https:\/\/promethee.earth\/wp-content\/uploads\/2022\/10\/constellation-japetus.png\",\"datePublished\":\"2022-10-10T22:34:24+00:00\",\"dateModified\":\"2022-11-07T21:08:29+00:00\",\"breadcrumb\":{\"@id\":\"https:\/\/promethee.earth\/en\/roadmap\/the-japetus-constellation\/#breadcrumb\"},\"inLanguage\":\"en-US\",\"potentialAction\":[{\"@type\":\"ReadAction\",\"target\":[\"https:\/\/promethee.earth\/en\/roadmap\/the-japetus-constellation\/\"]}]},{\"@type\":\"ImageObject\",\"inLanguage\":\"en-US\",\"@id\":\"https:\/\/promethee.earth\/en\/roadmap\/the-japetus-constellation\/#primaryimage\",\"url\":\"https:\/\/promethee.earth\/wp-content\/uploads\/2022\/10\/constellation-japetus.png\",\"contentUrl\":\"https:\/\/promethee.earth\/wp-content\/uploads\/2022\/10\/constellation-japetus.png\"},{\"@type\":\"BreadcrumbList\",\"@id\":\"https:\/\/promethee.earth\/en\/roadmap\/the-japetus-constellation\/#breadcrumb\",\"itemListElement\":[{\"@type\":\"ListItem\",\"position\":1,\"name\":\"Home\",\"item\":\"https:\/\/promethee.earth\/en\/\"},{\"@type\":\"ListItem\",\"position\":2,\"name\":\"Roadmap\",\"item\":\"https:\/\/promethee.earth\/en\/roadmap\/\"},{\"@type\":\"ListItem\",\"position\":3,\"name\":\"The Japetus constellation\"}]},{\"@type\":\"WebSite\",\"@id\":\"https:\/\/promethee.earth\/en\/#website\",\"url\":\"https:\/\/promethee.earth\/en\/\",\"name\":\"Prom\u00e9th\u00e9e\",\"description\":\"Op\u00e9rateur New Space de constellations de nano satellites d&#039;observation de la Terre. Rendre la Terre accessible pour tous, pour un monde plus s\u00fbr et plus durable.\",\"publisher\":{\"@id\":\"https:\/\/promethee.earth\/en\/#organization\"},\"potentialAction\":[{\"@type\":\"SearchAction\",\"target\":{\"@type\":\"EntryPoint\",\"urlTemplate\":\"https:\/\/promethee.earth\/en\/?s={search_term_string}\"},\"query-input\":{\"@type\":\"PropertyValueSpecification\",\"valueRequired\":true,\"valueName\":\"search_term_string\"}}],\"inLanguage\":\"en-US\"},{\"@type\":\"Organization\",\"@id\":\"https:\/\/promethee.earth\/en\/#organization\",\"name\":\"Prom\u00e9th\u00e9e Earth Intelligence\",\"url\":\"https:\/\/promethee.earth\/en\/\",\"logo\":{\"@type\":\"ImageObject\",\"inLanguage\":\"en-US\",\"@id\":\"https:\/\/promethee.earth\/en\/#\/schema\/logo\/image\/\",\"url\":\"https:\/\/promethee.earth\/wp-content\/uploads\/2023\/06\/cropped-LOGO_PROMETHEE_EARTH_INTEL_BLANC.png\",\"contentUrl\":\"https:\/\/promethee.earth\/wp-content\/uploads\/2023\/06\/cropped-LOGO_PROMETHEE_EARTH_INTEL_BLANC.png\",\"width\":1918,\"height\":641,\"caption\":\"Prom\u00e9th\u00e9e Earth Intelligence\"},\"image\":{\"@id\":\"https:\/\/promethee.earth\/en\/#\/schema\/logo\/image\/\"}}]}<\/script>\n<!-- \/ Yoast SEO plugin. -->","yoast_head_json":{"title":"The Japetus constellation - Prom\u00e9th\u00e9e","robots":{"index":"index","follow":"follow","max-snippet":"max-snippet:-1","max-image-preview":"max-image-preview:large","max-video-preview":"max-video-preview:-1"},"canonical":"https:\/\/promethee.earth\/en\/roadmap\/the-japetus-constellation\/","og_locale":"en_US","og_type":"article","og_title":"The Japetus constellation - Prom\u00e9th\u00e9e","og_description":"Hyper-reactivity, real time and global coverage A very high revisit and high resolution constellation \u00a0 The multiplication of the areas of interest and the strong dynamics of the activities to be observed require faster observation frequencies. The Promethee nanosatellites, each weighing less than 50 kg, will be equipped with multi-spectral sensors with sub-meter resolution. \u00a0 ... Read more","og_url":"https:\/\/promethee.earth\/en\/roadmap\/the-japetus-constellation\/","og_site_name":"Prom\u00e9th\u00e9e","article_modified_time":"2022-11-07T21:08:29+00:00","og_image":[{"url":"https:\/\/promethee.earth\/wp-content\/uploads\/2022\/10\/constellation-japetus.png","type":"","width":"","height":""}],"twitter_card":"summary_large_image","twitter_misc":{"Est. reading time":"2 minutes"},"schema":{"@context":"https:\/\/schema.org","@graph":[{"@type":"WebPage","@id":"https:\/\/promethee.earth\/en\/roadmap\/the-japetus-constellation\/","url":"https:\/\/promethee.earth\/en\/roadmap\/the-japetus-constellation\/","name":"The Japetus constellation - Prom\u00e9th\u00e9e","isPartOf":{"@id":"https:\/\/promethee.earth\/en\/#website"},"primaryImageOfPage":{"@id":"https:\/\/promethee.earth\/en\/roadmap\/the-japetus-constellation\/#primaryimage"},"image":{"@id":"https:\/\/promethee.earth\/en\/roadmap\/the-japetus-constellation\/#primaryimage"},"thumbnailUrl":"https:\/\/promethee.earth\/wp-content\/uploads\/2022\/10\/constellation-japetus.png","datePublished":"2022-10-10T22:34:24+00:00","dateModified":"2022-11-07T21:08:29+00:00","breadcrumb":{"@id":"https:\/\/promethee.earth\/en\/roadmap\/the-japetus-constellation\/#breadcrumb"},"inLanguage":"en-US","potentialAction":[{"@type":"ReadAction","target":["https:\/\/promethee.earth\/en\/roadmap\/the-japetus-constellation\/"]}]},{"@type":"ImageObject","inLanguage":"en-US","@id":"https:\/\/promethee.earth\/en\/roadmap\/the-japetus-constellation\/#primaryimage","url":"https:\/\/promethee.earth\/wp-content\/uploads\/2022\/10\/constellation-japetus.png","contentUrl":"https:\/\/promethee.earth\/wp-content\/uploads\/2022\/10\/constellation-japetus.png"},{"@type":"BreadcrumbList","@id":"https:\/\/promethee.earth\/en\/roadmap\/the-japetus-constellation\/#breadcrumb","itemListElement":[{"@type":"ListItem","position":1,"name":"Home","item":"https:\/\/promethee.earth\/en\/"},{"@type":"ListItem","position":2,"name":"Roadmap","item":"https:\/\/promethee.earth\/en\/roadmap\/"},{"@type":"ListItem","position":3,"name":"The Japetus constellation"}]},{"@type":"WebSite","@id":"https:\/\/promethee.earth\/en\/#website","url":"https:\/\/promethee.earth\/en\/","name":"Prom\u00e9th\u00e9e","description":"Op\u00e9rateur New Space de constellations de nano satellites d&#039;observation de la Terre. Rendre la Terre accessible pour tous, pour un monde plus s\u00fbr et plus durable.","publisher":{"@id":"https:\/\/promethee.earth\/en\/#organization"},"potentialAction":[{"@type":"SearchAction","target":{"@type":"EntryPoint","urlTemplate":"https:\/\/promethee.earth\/en\/?s={search_term_string}"},"query-input":{"@type":"PropertyValueSpecification","valueRequired":true,"valueName":"search_term_string"}}],"inLanguage":"en-US"},{"@type":"Organization","@id":"https:\/\/promethee.earth\/en\/#organization","name":"Prom\u00e9th\u00e9e Earth Intelligence","url":"https:\/\/promethee.earth\/en\/","logo":{"@type":"ImageObject","inLanguage":"en-US","@id":"https:\/\/promethee.earth\/en\/#\/schema\/logo\/image\/","url":"https:\/\/promethee.earth\/wp-content\/uploads\/2023\/06\/cropped-LOGO_PROMETHEE_EARTH_INTEL_BLANC.png","contentUrl":"https:\/\/promethee.earth\/wp-content\/uploads\/2023\/06\/cropped-LOGO_PROMETHEE_EARTH_INTEL_BLANC.png","width":1918,"height":641,"caption":"Prom\u00e9th\u00e9e Earth Intelligence"},"image":{"@id":"https:\/\/promethee.earth\/en\/#\/schema\/logo\/image\/"}}]}},"_links":{"self":[{"href":"https:\/\/promethee.earth\/en\/wp-json\/wp\/v2\/pages\/2409","targetHints":{"allow":["GET"]}}],"collection":[{"href":"https:\/\/promethee.earth\/en\/wp-json\/wp\/v2\/pages"}],"about":[{"href":"https:\/\/promethee.earth\/en\/wp-json\/wp\/v2\/types\/page"}],"author":[{"embeddable":true,"href":"https:\/\/promethee.earth\/en\/wp-json\/wp\/v2\/users\/1"}],"replies":[{"embeddable":true,"href":"https:\/\/promethee.earth\/en\/wp-json\/wp\/v2\/comments?post=2409"}],"version-history":[{"count":10,"href":"https:\/\/promethee.earth\/en\/wp-json\/wp\/v2\/pages\/2409\/revisions"}],"predecessor-version":[{"id":2723,"href":"https:\/\/promethee.earth\/en\/wp-json\/wp\/v2\/pages\/2409\/revisions\/2723"}],"up":[{"embeddable":true,"href":"https:\/\/promethee.earth\/en\/wp-json\/wp\/v2\/pages\/2269"}],"wp:attachment":[{"href":"https:\/\/promethee.earth\/en\/wp-json\/wp\/v2\/media?parent=2409"}],"curies":[{"name":"wp","href":"https:\/\/api.w.org\/{rel}","templated":true}]}}