{"id":2376,"date":"2022-10-10T23:22:09","date_gmt":"2022-10-10T23:22:09","guid":{"rendered":"https:\/\/promethee.earth\/application\/carbon-tracker\/"},"modified":"2022-10-26T08:42:01","modified_gmt":"2022-10-26T08:42:01","slug":"carbon-tracker","status":"publish","type":"page","link":"https:\/\/promethee.earth\/en\/application\/carbon-tracker\/","title":{"rendered":"Carbon Tracker"},"content":{"rendered":"\t\t<div data-elementor-type=\"wp-page\" data-elementor-id=\"2376\" class=\"elementor elementor-2376 elementor-1665\" data-elementor-post-type=\"page\">\n\t\t\t\t\t\t<section data-particle_enable=\"false\" data-particle-mobile-disabled=\"false\" class=\"elementor-section elementor-top-section elementor-element elementor-element-3bbcbe1 elementor-section-boxed elementor-section-height-default elementor-section-height-default\" data-id=\"3bbcbe1\" data-element_type=\"section\">\n\t\t\t\t\t\t<div class=\"elementor-container elementor-column-gap-default\">\n\t\t\t\t\t<div class=\"elementor-column elementor-col-100 elementor-top-column elementor-element elementor-element-152c838\" data-id=\"152c838\" data-element_type=\"column\" data-settings=\"{&quot;background_background&quot;:&quot;classic&quot;}\">\n\t\t\t<div class=\"elementor-widget-wrap elementor-element-populated\">\n\t\t\t\t\t\t<div class=\"elementor-element elementor-element-753c60b elementor-widget elementor-widget-heading\" data-id=\"753c60b\" data-element_type=\"widget\" data-widget_type=\"heading.default\">\n\t\t\t\t\t<div class=\"elementor-heading-title elementor-size-default\">Carbon Tracker<\/div>\t\t\t\t<\/div>\n\t\t\t\t<div class=\"elementor-element elementor-element-abb5839 elementor-widget elementor-widget-breadcrumbs\" data-id=\"abb5839\" data-element_type=\"widget\" data-widget_type=\"breadcrumbs.default\">\n\t\t\t\t\t<div id=\"breadcrumbs\"><span><span><a href=\"https:\/\/promethee.earth\/en\/\">Home<\/a><\/span><\/span><\/div>\t\t\t\t<\/div>\n\t\t\t\t<section data-particle_enable=\"false\" data-particle-mobile-disabled=\"false\" class=\"elementor-section elementor-inner-section elementor-element elementor-element-6b4e356 elementor-section-boxed elementor-section-height-default elementor-section-height-default\" data-id=\"6b4e356\" data-element_type=\"section\">\n\t\t\t\t\t\t<div class=\"elementor-container elementor-column-gap-default\">\n\t\t\t\t\t<div class=\"elementor-column elementor-col-33 elementor-inner-column elementor-element elementor-element-6ab85f5\" data-id=\"6ab85f5\" data-element_type=\"column\" data-settings=\"{&quot;background_background&quot;:&quot;classic&quot;}\">\n\t\t\t<div class=\"elementor-widget-wrap elementor-element-populated\">\n\t\t\t\t\t\t<div class=\"elementor-element elementor-element-3cf2a67 elementor-nav-menu__align-start elementor-nav-menu--dropdown-tablet elementor-nav-menu__text-align-aside elementor-nav-menu--toggle elementor-nav-menu--burger elementor-widget elementor-widget-nav-menu\" data-id=\"3cf2a67\" data-element_type=\"widget\" data-settings=\"{&quot;layout&quot;:&quot;horizontal&quot;,&quot;submenu_icon&quot;:{&quot;value&quot;:&quot;&lt;i class=\\&quot;fas fa-caret-down\\&quot; aria-hidden=\\&quot;true\\&quot;&gt;&lt;\\\/i&gt;&quot;,&quot;library&quot;:&quot;fa-solid&quot;},&quot;toggle&quot;:&quot;burger&quot;}\" data-widget_type=\"nav-menu.default\">\n\t\t\t\t\t\t\t\t<nav aria-label=\"Menu\" class=\"elementor-nav-menu--main elementor-nav-menu__container elementor-nav-menu--layout-horizontal e--pointer-none\">\n\t\t\t\t<ul id=\"menu-1-3cf2a67\" class=\"elementor-nav-menu\"><li class=\"menu-item menu-item-type-post_type menu-item-object-page menu-item-6040\"><a href=\"https:\/\/promethee.earth\/en\/application\/tele-epidemiology\/\" class=\"elementor-item\">Tele-epidemiology<\/a><\/li>\n<li class=\"menu-item menu-item-type-post_type menu-item-object-page menu-item-6041\"><a href=\"https:\/\/promethee.earth\/en\/application\/great-green-wall\/\" class=\"elementor-item\">Great Green Wall<\/a><\/li>\n<li class=\"menu-item menu-item-type-post_type menu-item-object-page menu-item-6042\"><a href=\"https:\/\/promethee.earth\/en\/application\/air-quality\/\" class=\"elementor-item\">Air quality<\/a><\/li>\n<li class=\"menu-item menu-item-type-post_type menu-item-object-page menu-item-6043\"><a href=\"https:\/\/promethee.earth\/en\/application\/carbon-tracker\/\" class=\"elementor-item\">Carbon Tracker<\/a><\/li>\n<\/ul>\t\t\t<\/nav>\n\t\t\t\t\t<div class=\"elementor-menu-toggle\" role=\"button\" tabindex=\"0\" aria-label=\"Menu Toggle\" aria-expanded=\"false\">\n\t\t\t<i aria-hidden=\"true\" role=\"presentation\" class=\"elementor-menu-toggle__icon--open eicon-menu-bar\"><\/i><i aria-hidden=\"true\" role=\"presentation\" class=\"elementor-menu-toggle__icon--close eicon-close\"><\/i>\t\t<\/div>\n\t\t\t\t\t<nav class=\"elementor-nav-menu--dropdown elementor-nav-menu__container\" aria-hidden=\"true\">\n\t\t\t\t<ul id=\"menu-2-3cf2a67\" class=\"elementor-nav-menu\"><li class=\"menu-item menu-item-type-post_type menu-item-object-page menu-item-6040\"><a href=\"https:\/\/promethee.earth\/en\/application\/tele-epidemiology\/\" class=\"elementor-item\" tabindex=\"-1\">Tele-epidemiology<\/a><\/li>\n<li class=\"menu-item menu-item-type-post_type menu-item-object-page menu-item-6041\"><a href=\"https:\/\/promethee.earth\/en\/application\/great-green-wall\/\" class=\"elementor-item\" tabindex=\"-1\">Great Green Wall<\/a><\/li>\n<li class=\"menu-item menu-item-type-post_type menu-item-object-page menu-item-6042\"><a href=\"https:\/\/promethee.earth\/en\/application\/air-quality\/\" class=\"elementor-item\" tabindex=\"-1\">Air quality<\/a><\/li>\n<li class=\"menu-item menu-item-type-post_type menu-item-object-page menu-item-6043\"><a href=\"https:\/\/promethee.earth\/en\/application\/carbon-tracker\/\" class=\"elementor-item\" tabindex=\"-1\">Carbon Tracker<\/a><\/li>\n<\/ul>\t\t\t<\/nav>\n\t\t\t\t\t\t<\/div>\n\t\t\t\t\t<\/div>\n\t\t<\/div>\n\t\t\t\t<div class=\"elementor-column elementor-col-66 elementor-inner-column elementor-element elementor-element-1d13829\" data-id=\"1d13829\" data-element_type=\"column\">\n\t\t\t<div class=\"elementor-widget-wrap elementor-element-populated\">\n\t\t\t\t\t\t<div class=\"elementor-element elementor-element-72fbdea elementor-widget elementor-widget-theme-post-featured-image elementor-widget-image\" data-id=\"72fbdea\" data-element_type=\"widget\" data-widget_type=\"theme-post-featured-image.default\">\n\t\t\t\t\t\t\t\t\t\t\t\t\t\t\t<img fetchpriority=\"high\" decoding=\"async\" width=\"817\" height=\"306\" src=\"https:\/\/promethee.earth\/wp-content\/uploads\/2022\/10\/Carbon-Tracker.png\" class=\"attachment-large size-large wp-image-2243\" alt=\"\" srcset=\"https:\/\/promethee.earth\/wp-content\/uploads\/2022\/10\/Carbon-Tracker.png 817w, https:\/\/promethee.earth\/wp-content\/uploads\/2022\/10\/Carbon-Tracker-300x112.png 300w, https:\/\/promethee.earth\/wp-content\/uploads\/2022\/10\/Carbon-Tracker-768x288.png 768w\" sizes=\"(max-width: 817px) 100vw, 817px\" \/>\t\t\t\t\t\t\t\t\t\t\t\t\t\t\t<\/div>\n\t\t\t\t<div class=\"elementor-element elementor-element-7f9c1c2 elementor-widget elementor-widget-text-editor\" data-id=\"7f9c1c2\" data-element_type=\"widget\" data-widget_type=\"text-editor.default\">\n\t\t\t\t\t\t\t\t\t<h2>Monitoring CO2 emissions and sequestration<\/h2>\n<p>The Paris agreements aim to limit the effects of climate change. To achieve this goal, states have committed to cap and then reduce their CO2 emissions, the main cause of global warming, in order to achieve carbon neutrality to control the level of warming.<\/p>\n<p>Cities have a crucial role to play in this context. Indeed, they account for 67% of global GHG emissions.<\/p>\n<p>Carbon Tracker is an application mainly designed for local authorities, interested in precisely tracking the evolution of their territory&#8217;s carbon neutrality trajectory, in accordance with the Paris Agreement and the ODD 13.<\/p>\n<p>This project is part of the Space Tour 2021 component of the national space recovery plan led by CNES, and aims to improve the CO2 monitoring algorithms developed in partnership with EverImpact, as well as the data visualization tools.<\/p>\n\t\t\t\t\t\t\t\t<\/div>\n\t\t\t\t<div class=\"elementor-element elementor-element-23da105 elementor-widget elementor-widget-button\" data-id=\"23da105\" data-element_type=\"widget\" data-widget_type=\"button.default\">\n\t\t\t\t\t\t\t\t\t\t<a class=\"elementor-button elementor-button-link elementor-size-sm\" href=\"https:\/\/www.promethee.earth\/en\/contact\/#mail\">\n\t\t\t\t\t\t<span class=\"elementor-button-content-wrapper\">\n\t\t\t\t\t\t<span class=\"elementor-button-icon\">\n\t\t\t\t<i aria-hidden=\"true\" class=\"far fa-arrow-alt-circle-right\"><\/i>\t\t\t<\/span>\n\t\t\t\t\t\t\t\t\t<span class=\"elementor-button-text\">Request a demo<\/span>\n\t\t\t\t\t<\/span>\n\t\t\t\t\t<\/a>\n\t\t\t\t\t\t\t\t<\/div>\n\t\t\t\t\t<\/div>\n\t\t<\/div>\n\t\t\t\t\t<\/div>\n\t\t<\/section>\n\t\t\t\t\t<\/div>\n\t\t<\/div>\n\t\t\t\t\t<\/div>\n\t\t<\/section>\n\t\t\t\t<\/div>\n\t\t","protected":false},"excerpt":{"rendered":"<p>Monitoring CO2 emissions and sequestration The Paris agreements aim to limit the effects of climate change. To achieve this goal, states have committed to cap and then reduce their CO2 emissions, the main cause of global warming, in order to achieve carbon neutrality to control the level of warming. Cities have a crucial role to &#8230; <a title=\"Carbon Tracker\" class=\"read-more\" href=\"https:\/\/promethee.earth\/en\/application\/carbon-tracker\/\" aria-label=\"Read more about Carbon Tracker\">Read more<\/a><\/p>\n","protected":false},"author":1,"featured_media":2243,"parent":2274,"menu_order":0,"comment_status":"closed","ping_status":"closed","template":"elementor_header_footer","meta":{"footnotes":""},"class_list":["post-2376","page","type-page","status-publish","has-post-thumbnail"],"yoast_head":"<!-- This site is optimized with the Yoast SEO plugin v26.8 - https:\/\/yoast.com\/product\/yoast-seo-wordpress\/ -->\n<title>Carbon Tracker - Prom\u00e9th\u00e9e<\/title>\n<meta name=\"robots\" content=\"index, follow, max-snippet:-1, max-image-preview:large, max-video-preview:-1\" \/>\n<link rel=\"canonical\" href=\"https:\/\/promethee.earth\/en\/application\/carbon-tracker\/\" \/>\n<meta property=\"og:locale\" content=\"en_US\" \/>\n<meta property=\"og:type\" content=\"article\" \/>\n<meta property=\"og:title\" content=\"Carbon Tracker - Prom\u00e9th\u00e9e\" \/>\n<meta property=\"og:description\" content=\"Monitoring CO2 emissions and sequestration The Paris agreements aim to limit the effects of climate change. To achieve this goal, states have committed to cap and then reduce their CO2 emissions, the main cause of global warming, in order to achieve carbon neutrality to control the level of warming. Cities have a crucial role to ... Read more\" \/>\n<meta property=\"og:url\" content=\"https:\/\/promethee.earth\/en\/application\/carbon-tracker\/\" \/>\n<meta property=\"og:site_name\" content=\"Prom\u00e9th\u00e9e\" \/>\n<meta property=\"article:modified_time\" content=\"2022-10-26T08:42:01+00:00\" \/>\n<meta property=\"og:image\" content=\"https:\/\/promethee.earth\/wp-content\/uploads\/2022\/10\/Carbon-Tracker.png\" \/>\n\t<meta property=\"og:image:width\" content=\"817\" \/>\n\t<meta property=\"og:image:height\" content=\"306\" \/>\n\t<meta property=\"og:image:type\" content=\"image\/png\" \/>\n<meta name=\"twitter:card\" content=\"summary_large_image\" \/>\n<meta name=\"twitter:label1\" content=\"Est. reading time\" \/>\n\t<meta name=\"twitter:data1\" content=\"1 minute\" \/>\n<script type=\"application\/ld+json\" class=\"yoast-schema-graph\">{\"@context\":\"https:\/\/schema.org\",\"@graph\":[{\"@type\":\"WebPage\",\"@id\":\"https:\/\/promethee.earth\/en\/application\/carbon-tracker\/\",\"url\":\"https:\/\/promethee.earth\/en\/application\/carbon-tracker\/\",\"name\":\"Carbon Tracker - Prom\u00e9th\u00e9e\",\"isPartOf\":{\"@id\":\"https:\/\/promethee.earth\/en\/#website\"},\"primaryImageOfPage\":{\"@id\":\"https:\/\/promethee.earth\/en\/application\/carbon-tracker\/#primaryimage\"},\"image\":{\"@id\":\"https:\/\/promethee.earth\/en\/application\/carbon-tracker\/#primaryimage\"},\"thumbnailUrl\":\"https:\/\/promethee.earth\/wp-content\/uploads\/2022\/10\/Carbon-Tracker.png\",\"datePublished\":\"2022-10-10T23:22:09+00:00\",\"dateModified\":\"2022-10-26T08:42:01+00:00\",\"breadcrumb\":{\"@id\":\"https:\/\/promethee.earth\/en\/application\/carbon-tracker\/#breadcrumb\"},\"inLanguage\":\"en-US\",\"potentialAction\":[{\"@type\":\"ReadAction\",\"target\":[\"https:\/\/promethee.earth\/en\/application\/carbon-tracker\/\"]}]},{\"@type\":\"ImageObject\",\"inLanguage\":\"en-US\",\"@id\":\"https:\/\/promethee.earth\/en\/application\/carbon-tracker\/#primaryimage\",\"url\":\"https:\/\/promethee.earth\/wp-content\/uploads\/2022\/10\/Carbon-Tracker.png\",\"contentUrl\":\"https:\/\/promethee.earth\/wp-content\/uploads\/2022\/10\/Carbon-Tracker.png\",\"width\":817,\"height\":306},{\"@type\":\"BreadcrumbList\",\"@id\":\"https:\/\/promethee.earth\/en\/application\/carbon-tracker\/#breadcrumb\",\"itemListElement\":[{\"@type\":\"ListItem\",\"position\":1,\"name\":\"Home\",\"item\":\"https:\/\/promethee.earth\/en\/\"},{\"@type\":\"ListItem\",\"position\":2,\"name\":\"Application\",\"item\":\"https:\/\/promethee.earth\/en\/application\/\"},{\"@type\":\"ListItem\",\"position\":3,\"name\":\"Carbon Tracker\"}]},{\"@type\":\"WebSite\",\"@id\":\"https:\/\/promethee.earth\/en\/#website\",\"url\":\"https:\/\/promethee.earth\/en\/\",\"name\":\"Prom\u00e9th\u00e9e\",\"description\":\"Op\u00e9rateur New Space de constellations de nano satellites d&#039;observation de la Terre. Rendre la Terre accessible pour tous, pour un monde plus s\u00fbr et plus durable.\",\"publisher\":{\"@id\":\"https:\/\/promethee.earth\/en\/#organization\"},\"potentialAction\":[{\"@type\":\"SearchAction\",\"target\":{\"@type\":\"EntryPoint\",\"urlTemplate\":\"https:\/\/promethee.earth\/en\/?s={search_term_string}\"},\"query-input\":{\"@type\":\"PropertyValueSpecification\",\"valueRequired\":true,\"valueName\":\"search_term_string\"}}],\"inLanguage\":\"en-US\"},{\"@type\":\"Organization\",\"@id\":\"https:\/\/promethee.earth\/en\/#organization\",\"name\":\"Prom\u00e9th\u00e9e Earth Intelligence\",\"url\":\"https:\/\/promethee.earth\/en\/\",\"logo\":{\"@type\":\"ImageObject\",\"inLanguage\":\"en-US\",\"@id\":\"https:\/\/promethee.earth\/en\/#\/schema\/logo\/image\/\",\"url\":\"https:\/\/promethee.earth\/wp-content\/uploads\/2023\/06\/cropped-LOGO_PROMETHEE_EARTH_INTEL_BLANC.png\",\"contentUrl\":\"https:\/\/promethee.earth\/wp-content\/uploads\/2023\/06\/cropped-LOGO_PROMETHEE_EARTH_INTEL_BLANC.png\",\"width\":1918,\"height\":641,\"caption\":\"Prom\u00e9th\u00e9e Earth Intelligence\"},\"image\":{\"@id\":\"https:\/\/promethee.earth\/en\/#\/schema\/logo\/image\/\"}}]}<\/script>\n<!-- \/ Yoast SEO plugin. -->","yoast_head_json":{"title":"Carbon Tracker - Prom\u00e9th\u00e9e","robots":{"index":"index","follow":"follow","max-snippet":"max-snippet:-1","max-image-preview":"max-image-preview:large","max-video-preview":"max-video-preview:-1"},"canonical":"https:\/\/promethee.earth\/en\/application\/carbon-tracker\/","og_locale":"en_US","og_type":"article","og_title":"Carbon Tracker - Prom\u00e9th\u00e9e","og_description":"Monitoring CO2 emissions and sequestration The Paris agreements aim to limit the effects of climate change. To achieve this goal, states have committed to cap and then reduce their CO2 emissions, the main cause of global warming, in order to achieve carbon neutrality to control the level of warming. Cities have a crucial role to ... Read more","og_url":"https:\/\/promethee.earth\/en\/application\/carbon-tracker\/","og_site_name":"Prom\u00e9th\u00e9e","article_modified_time":"2022-10-26T08:42:01+00:00","og_image":[{"width":817,"height":306,"url":"https:\/\/promethee.earth\/wp-content\/uploads\/2022\/10\/Carbon-Tracker.png","type":"image\/png"}],"twitter_card":"summary_large_image","twitter_misc":{"Est. reading time":"1 minute"},"schema":{"@context":"https:\/\/schema.org","@graph":[{"@type":"WebPage","@id":"https:\/\/promethee.earth\/en\/application\/carbon-tracker\/","url":"https:\/\/promethee.earth\/en\/application\/carbon-tracker\/","name":"Carbon Tracker - Prom\u00e9th\u00e9e","isPartOf":{"@id":"https:\/\/promethee.earth\/en\/#website"},"primaryImageOfPage":{"@id":"https:\/\/promethee.earth\/en\/application\/carbon-tracker\/#primaryimage"},"image":{"@id":"https:\/\/promethee.earth\/en\/application\/carbon-tracker\/#primaryimage"},"thumbnailUrl":"https:\/\/promethee.earth\/wp-content\/uploads\/2022\/10\/Carbon-Tracker.png","datePublished":"2022-10-10T23:22:09+00:00","dateModified":"2022-10-26T08:42:01+00:00","breadcrumb":{"@id":"https:\/\/promethee.earth\/en\/application\/carbon-tracker\/#breadcrumb"},"inLanguage":"en-US","potentialAction":[{"@type":"ReadAction","target":["https:\/\/promethee.earth\/en\/application\/carbon-tracker\/"]}]},{"@type":"ImageObject","inLanguage":"en-US","@id":"https:\/\/promethee.earth\/en\/application\/carbon-tracker\/#primaryimage","url":"https:\/\/promethee.earth\/wp-content\/uploads\/2022\/10\/Carbon-Tracker.png","contentUrl":"https:\/\/promethee.earth\/wp-content\/uploads\/2022\/10\/Carbon-Tracker.png","width":817,"height":306},{"@type":"BreadcrumbList","@id":"https:\/\/promethee.earth\/en\/application\/carbon-tracker\/#breadcrumb","itemListElement":[{"@type":"ListItem","position":1,"name":"Home","item":"https:\/\/promethee.earth\/en\/"},{"@type":"ListItem","position":2,"name":"Application","item":"https:\/\/promethee.earth\/en\/application\/"},{"@type":"ListItem","position":3,"name":"Carbon Tracker"}]},{"@type":"WebSite","@id":"https:\/\/promethee.earth\/en\/#website","url":"https:\/\/promethee.earth\/en\/","name":"Prom\u00e9th\u00e9e","description":"Op\u00e9rateur New Space de constellations de nano satellites d&#039;observation de la Terre. Rendre la Terre accessible pour tous, pour un monde plus s\u00fbr et plus durable.","publisher":{"@id":"https:\/\/promethee.earth\/en\/#organization"},"potentialAction":[{"@type":"SearchAction","target":{"@type":"EntryPoint","urlTemplate":"https:\/\/promethee.earth\/en\/?s={search_term_string}"},"query-input":{"@type":"PropertyValueSpecification","valueRequired":true,"valueName":"search_term_string"}}],"inLanguage":"en-US"},{"@type":"Organization","@id":"https:\/\/promethee.earth\/en\/#organization","name":"Prom\u00e9th\u00e9e Earth Intelligence","url":"https:\/\/promethee.earth\/en\/","logo":{"@type":"ImageObject","inLanguage":"en-US","@id":"https:\/\/promethee.earth\/en\/#\/schema\/logo\/image\/","url":"https:\/\/promethee.earth\/wp-content\/uploads\/2023\/06\/cropped-LOGO_PROMETHEE_EARTH_INTEL_BLANC.png","contentUrl":"https:\/\/promethee.earth\/wp-content\/uploads\/2023\/06\/cropped-LOGO_PROMETHEE_EARTH_INTEL_BLANC.png","width":1918,"height":641,"caption":"Prom\u00e9th\u00e9e Earth Intelligence"},"image":{"@id":"https:\/\/promethee.earth\/en\/#\/schema\/logo\/image\/"}}]}},"_links":{"self":[{"href":"https:\/\/promethee.earth\/en\/wp-json\/wp\/v2\/pages\/2376","targetHints":{"allow":["GET"]}}],"collection":[{"href":"https:\/\/promethee.earth\/en\/wp-json\/wp\/v2\/pages"}],"about":[{"href":"https:\/\/promethee.earth\/en\/wp-json\/wp\/v2\/types\/page"}],"author":[{"embeddable":true,"href":"https:\/\/promethee.earth\/en\/wp-json\/wp\/v2\/users\/1"}],"replies":[{"embeddable":true,"href":"https:\/\/promethee.earth\/en\/wp-json\/wp\/v2\/comments?post=2376"}],"version-history":[{"count":5,"href":"https:\/\/promethee.earth\/en\/wp-json\/wp\/v2\/pages\/2376\/revisions"}],"predecessor-version":[{"id":2517,"href":"https:\/\/promethee.earth\/en\/wp-json\/wp\/v2\/pages\/2376\/revisions\/2517"}],"up":[{"embeddable":true,"href":"https:\/\/promethee.earth\/en\/wp-json\/wp\/v2\/pages\/2274"}],"wp:featuredmedia":[{"embeddable":true,"href":"https:\/\/promethee.earth\/en\/wp-json\/wp\/v2\/media\/2243"}],"wp:attachment":[{"href":"https:\/\/promethee.earth\/en\/wp-json\/wp\/v2\/media?parent=2376"}],"curies":[{"name":"wp","href":"https:\/\/api.w.org\/{rel}","templated":true}]}}