{"id":2366,"date":"2022-10-10T23:16:26","date_gmt":"2022-10-10T23:16:26","guid":{"rendered":"https:\/\/promethee.earth\/application\/air-quality\/"},"modified":"2022-10-26T08:42:02","modified_gmt":"2022-10-26T08:42:02","slug":"air-quality","status":"publish","type":"page","link":"https:\/\/promethee.earth\/en\/application\/air-quality\/","title":{"rendered":"Air quality"},"content":{"rendered":"\t\t<div data-elementor-type=\"wp-page\" data-elementor-id=\"2366\" class=\"elementor elementor-2366 elementor-1657\" data-elementor-post-type=\"page\">\n\t\t\t\t\t\t<section data-particle_enable=\"false\" data-particle-mobile-disabled=\"false\" class=\"elementor-section elementor-top-section elementor-element elementor-element-28dff8d elementor-section-boxed elementor-section-height-default elementor-section-height-default\" data-id=\"28dff8d\" data-element_type=\"section\">\n\t\t\t\t\t\t<div class=\"elementor-container elementor-column-gap-default\">\n\t\t\t\t\t<div class=\"elementor-column elementor-col-100 elementor-top-column elementor-element elementor-element-62680b8\" data-id=\"62680b8\" data-element_type=\"column\" data-settings=\"{&quot;background_background&quot;:&quot;classic&quot;}\">\n\t\t\t<div class=\"elementor-widget-wrap elementor-element-populated\">\n\t\t\t\t\t\t<div class=\"elementor-element elementor-element-95c349b elementor-widget elementor-widget-heading\" data-id=\"95c349b\" data-element_type=\"widget\" data-widget_type=\"heading.default\">\n\t\t\t\t\t<div class=\"elementor-heading-title elementor-size-default\">Air quality<\/div>\t\t\t\t<\/div>\n\t\t\t\t<div class=\"elementor-element elementor-element-033113e elementor-widget elementor-widget-breadcrumbs\" data-id=\"033113e\" data-element_type=\"widget\" data-widget_type=\"breadcrumbs.default\">\n\t\t\t\t\t<div id=\"breadcrumbs\"><span><span><a href=\"https:\/\/promethee.earth\/en\/\">Home<\/a><\/span><\/span><\/div>\t\t\t\t<\/div>\n\t\t\t\t<section data-particle_enable=\"false\" data-particle-mobile-disabled=\"false\" class=\"elementor-section elementor-inner-section elementor-element elementor-element-3c2d4d5 elementor-section-boxed elementor-section-height-default elementor-section-height-default\" data-id=\"3c2d4d5\" data-element_type=\"section\">\n\t\t\t\t\t\t<div class=\"elementor-container elementor-column-gap-default\">\n\t\t\t\t\t<div class=\"elementor-column elementor-col-33 elementor-inner-column elementor-element elementor-element-ef4c91a\" data-id=\"ef4c91a\" data-element_type=\"column\" data-settings=\"{&quot;background_background&quot;:&quot;classic&quot;}\">\n\t\t\t<div class=\"elementor-widget-wrap elementor-element-populated\">\n\t\t\t\t\t\t<div class=\"elementor-element elementor-element-c7e3742 elementor-nav-menu__align-start elementor-nav-menu--dropdown-tablet elementor-nav-menu__text-align-aside elementor-nav-menu--toggle elementor-nav-menu--burger elementor-widget elementor-widget-nav-menu\" data-id=\"c7e3742\" data-element_type=\"widget\" data-settings=\"{&quot;layout&quot;:&quot;horizontal&quot;,&quot;submenu_icon&quot;:{&quot;value&quot;:&quot;&lt;i class=\\&quot;fas fa-caret-down\\&quot; aria-hidden=\\&quot;true\\&quot;&gt;&lt;\\\/i&gt;&quot;,&quot;library&quot;:&quot;fa-solid&quot;},&quot;toggle&quot;:&quot;burger&quot;}\" data-widget_type=\"nav-menu.default\">\n\t\t\t\t\t\t\t\t<nav aria-label=\"Menu\" class=\"elementor-nav-menu--main elementor-nav-menu__container elementor-nav-menu--layout-horizontal e--pointer-none\">\n\t\t\t\t<ul id=\"menu-1-c7e3742\" class=\"elementor-nav-menu\"><li class=\"menu-item menu-item-type-post_type menu-item-object-page menu-item-6040\"><a href=\"https:\/\/promethee.earth\/en\/application\/tele-epidemiology\/\" class=\"elementor-item\">Tele-epidemiology<\/a><\/li>\n<li class=\"menu-item menu-item-type-post_type menu-item-object-page menu-item-6041\"><a href=\"https:\/\/promethee.earth\/en\/application\/great-green-wall\/\" class=\"elementor-item\">Great Green Wall<\/a><\/li>\n<li class=\"menu-item menu-item-type-post_type menu-item-object-page menu-item-6042\"><a href=\"https:\/\/promethee.earth\/en\/application\/air-quality\/\" class=\"elementor-item\">Air quality<\/a><\/li>\n<li class=\"menu-item menu-item-type-post_type menu-item-object-page menu-item-6043\"><a href=\"https:\/\/promethee.earth\/en\/application\/carbon-tracker\/\" class=\"elementor-item\">Carbon Tracker<\/a><\/li>\n<\/ul>\t\t\t<\/nav>\n\t\t\t\t\t<div class=\"elementor-menu-toggle\" role=\"button\" tabindex=\"0\" aria-label=\"Menu Toggle\" aria-expanded=\"false\">\n\t\t\t<i aria-hidden=\"true\" role=\"presentation\" class=\"elementor-menu-toggle__icon--open eicon-menu-bar\"><\/i><i aria-hidden=\"true\" role=\"presentation\" class=\"elementor-menu-toggle__icon--close eicon-close\"><\/i>\t\t<\/div>\n\t\t\t\t\t<nav class=\"elementor-nav-menu--dropdown elementor-nav-menu__container\" aria-hidden=\"true\">\n\t\t\t\t<ul id=\"menu-2-c7e3742\" class=\"elementor-nav-menu\"><li class=\"menu-item menu-item-type-post_type menu-item-object-page menu-item-6040\"><a href=\"https:\/\/promethee.earth\/en\/application\/tele-epidemiology\/\" class=\"elementor-item\" tabindex=\"-1\">Tele-epidemiology<\/a><\/li>\n<li class=\"menu-item menu-item-type-post_type menu-item-object-page menu-item-6041\"><a href=\"https:\/\/promethee.earth\/en\/application\/great-green-wall\/\" class=\"elementor-item\" tabindex=\"-1\">Great Green Wall<\/a><\/li>\n<li class=\"menu-item menu-item-type-post_type menu-item-object-page menu-item-6042\"><a href=\"https:\/\/promethee.earth\/en\/application\/air-quality\/\" class=\"elementor-item\" tabindex=\"-1\">Air quality<\/a><\/li>\n<li class=\"menu-item menu-item-type-post_type menu-item-object-page menu-item-6043\"><a href=\"https:\/\/promethee.earth\/en\/application\/carbon-tracker\/\" class=\"elementor-item\" tabindex=\"-1\">Carbon Tracker<\/a><\/li>\n<\/ul>\t\t\t<\/nav>\n\t\t\t\t\t\t<\/div>\n\t\t\t\t\t<\/div>\n\t\t<\/div>\n\t\t\t\t<div class=\"elementor-column elementor-col-66 elementor-inner-column elementor-element elementor-element-8c65754\" data-id=\"8c65754\" data-element_type=\"column\">\n\t\t\t<div class=\"elementor-widget-wrap elementor-element-populated\">\n\t\t\t\t\t\t<div class=\"elementor-element elementor-element-b4b16ff elementor-widget elementor-widget-theme-post-featured-image elementor-widget-image\" data-id=\"b4b16ff\" data-element_type=\"widget\" data-widget_type=\"theme-post-featured-image.default\">\n\t\t\t\t\t\t\t\t\t\t\t\t\t\t\t<img fetchpriority=\"high\" decoding=\"async\" width=\"817\" height=\"306\" src=\"https:\/\/promethee.earth\/wp-content\/uploads\/2022\/10\/Qualite-de-lair.png\" class=\"attachment-large size-large wp-image-2242\" alt=\"\" srcset=\"https:\/\/promethee.earth\/wp-content\/uploads\/2022\/10\/Qualite-de-lair.png 817w, https:\/\/promethee.earth\/wp-content\/uploads\/2022\/10\/Qualite-de-lair-300x112.png 300w, https:\/\/promethee.earth\/wp-content\/uploads\/2022\/10\/Qualite-de-lair-768x288.png 768w\" sizes=\"(max-width: 817px) 100vw, 817px\" \/>\t\t\t\t\t\t\t\t\t\t\t\t\t\t\t<\/div>\n\t\t\t\t<div class=\"elementor-element elementor-element-49ad18e elementor-widget elementor-widget-text-editor\" data-id=\"49ad18e\" data-element_type=\"widget\" data-widget_type=\"text-editor.default\">\n\t\t\t\t\t\t\t\t\t<h2>Monitoring Air quality<\/h2>\n<p>Air quality is one of the primary health and environmental concerns. Populations are increasingly exposed and vulnerable to airborne particulate matter, both chemical and natural aerosols. Chronic exposure contributes to an increased risk of cardiovascular and respiratory diseases, as well as cancers.<\/p>\n<p>Air Quality is an application using satellite data to monitor the air quality of territories and therefore a way to act and anticipate risks.<\/p>\n\t\t\t\t\t\t\t\t<\/div>\n\t\t\t\t<div class=\"elementor-element elementor-element-1b46dfc elementor-widget elementor-widget-button\" data-id=\"1b46dfc\" data-element_type=\"widget\" data-widget_type=\"button.default\">\n\t\t\t\t\t\t\t\t\t\t<a class=\"elementor-button elementor-button-link elementor-size-sm\" href=\"https:\/\/www.promethee.earth\/en\/contact\/#mail\">\n\t\t\t\t\t\t<span class=\"elementor-button-content-wrapper\">\n\t\t\t\t\t\t<span class=\"elementor-button-icon\">\n\t\t\t\t<i aria-hidden=\"true\" class=\"far fa-arrow-alt-circle-right\"><\/i>\t\t\t<\/span>\n\t\t\t\t\t\t\t\t\t<span class=\"elementor-button-text\">Request a demo<\/span>\n\t\t\t\t\t<\/span>\n\t\t\t\t\t<\/a>\n\t\t\t\t\t\t\t\t<\/div>\n\t\t\t\t\t<\/div>\n\t\t<\/div>\n\t\t\t\t\t<\/div>\n\t\t<\/section>\n\t\t\t\t\t<\/div>\n\t\t<\/div>\n\t\t\t\t\t<\/div>\n\t\t<\/section>\n\t\t\t\t<\/div>\n\t\t","protected":false},"excerpt":{"rendered":"<p>Monitoring Air quality Air quality is one of the primary health and environmental concerns. Populations are increasingly exposed and vulnerable to airborne particulate matter, both chemical and natural aerosols. Chronic exposure contributes to an increased risk of cardiovascular and respiratory diseases, as well as cancers. Air Quality is an application using satellite data to monitor &#8230; <a title=\"Air quality\" class=\"read-more\" href=\"https:\/\/promethee.earth\/en\/application\/air-quality\/\" aria-label=\"Read more about Air quality\">Read more<\/a><\/p>\n","protected":false},"author":1,"featured_media":2242,"parent":2274,"menu_order":0,"comment_status":"closed","ping_status":"closed","template":"elementor_header_footer","meta":{"footnotes":""},"class_list":["post-2366","page","type-page","status-publish","has-post-thumbnail"],"yoast_head":"<!-- This site is optimized with the Yoast SEO plugin v26.8 - https:\/\/yoast.com\/product\/yoast-seo-wordpress\/ -->\n<title>Air quality - Prom\u00e9th\u00e9e<\/title>\n<meta name=\"robots\" content=\"index, follow, max-snippet:-1, max-image-preview:large, max-video-preview:-1\" \/>\n<link rel=\"canonical\" href=\"https:\/\/promethee.earth\/en\/application\/air-quality\/\" \/>\n<meta property=\"og:locale\" content=\"en_US\" \/>\n<meta property=\"og:type\" content=\"article\" \/>\n<meta property=\"og:title\" content=\"Air quality - Prom\u00e9th\u00e9e\" \/>\n<meta property=\"og:description\" content=\"Monitoring Air quality Air quality is one of the primary health and environmental concerns. Populations are increasingly exposed and vulnerable to airborne particulate matter, both chemical and natural aerosols. Chronic exposure contributes to an increased risk of cardiovascular and respiratory diseases, as well as cancers. Air Quality is an application using satellite data to monitor ... Read more\" \/>\n<meta property=\"og:url\" content=\"https:\/\/promethee.earth\/en\/application\/air-quality\/\" \/>\n<meta property=\"og:site_name\" content=\"Prom\u00e9th\u00e9e\" \/>\n<meta property=\"article:modified_time\" content=\"2022-10-26T08:42:02+00:00\" \/>\n<meta property=\"og:image\" content=\"https:\/\/promethee.earth\/wp-content\/uploads\/2022\/10\/Qualite-de-lair.png\" \/>\n\t<meta property=\"og:image:width\" content=\"817\" \/>\n\t<meta property=\"og:image:height\" content=\"306\" \/>\n\t<meta property=\"og:image:type\" content=\"image\/png\" \/>\n<meta name=\"twitter:card\" content=\"summary_large_image\" \/>\n<script type=\"application\/ld+json\" class=\"yoast-schema-graph\">{\"@context\":\"https:\/\/schema.org\",\"@graph\":[{\"@type\":\"WebPage\",\"@id\":\"https:\/\/promethee.earth\/en\/application\/air-quality\/\",\"url\":\"https:\/\/promethee.earth\/en\/application\/air-quality\/\",\"name\":\"Air quality - Prom\u00e9th\u00e9e\",\"isPartOf\":{\"@id\":\"https:\/\/promethee.earth\/en\/#website\"},\"primaryImageOfPage\":{\"@id\":\"https:\/\/promethee.earth\/en\/application\/air-quality\/#primaryimage\"},\"image\":{\"@id\":\"https:\/\/promethee.earth\/en\/application\/air-quality\/#primaryimage\"},\"thumbnailUrl\":\"https:\/\/promethee.earth\/wp-content\/uploads\/2022\/10\/Qualite-de-lair.png\",\"datePublished\":\"2022-10-10T23:16:26+00:00\",\"dateModified\":\"2022-10-26T08:42:02+00:00\",\"breadcrumb\":{\"@id\":\"https:\/\/promethee.earth\/en\/application\/air-quality\/#breadcrumb\"},\"inLanguage\":\"en-US\",\"potentialAction\":[{\"@type\":\"ReadAction\",\"target\":[\"https:\/\/promethee.earth\/en\/application\/air-quality\/\"]}]},{\"@type\":\"ImageObject\",\"inLanguage\":\"en-US\",\"@id\":\"https:\/\/promethee.earth\/en\/application\/air-quality\/#primaryimage\",\"url\":\"https:\/\/promethee.earth\/wp-content\/uploads\/2022\/10\/Qualite-de-lair.png\",\"contentUrl\":\"https:\/\/promethee.earth\/wp-content\/uploads\/2022\/10\/Qualite-de-lair.png\",\"width\":817,\"height\":306},{\"@type\":\"BreadcrumbList\",\"@id\":\"https:\/\/promethee.earth\/en\/application\/air-quality\/#breadcrumb\",\"itemListElement\":[{\"@type\":\"ListItem\",\"position\":1,\"name\":\"Home\",\"item\":\"https:\/\/promethee.earth\/en\/\"},{\"@type\":\"ListItem\",\"position\":2,\"name\":\"Application\",\"item\":\"https:\/\/promethee.earth\/en\/application\/\"},{\"@type\":\"ListItem\",\"position\":3,\"name\":\"Air quality\"}]},{\"@type\":\"WebSite\",\"@id\":\"https:\/\/promethee.earth\/en\/#website\",\"url\":\"https:\/\/promethee.earth\/en\/\",\"name\":\"Prom\u00e9th\u00e9e\",\"description\":\"Op\u00e9rateur New Space de constellations de nano satellites d&#039;observation de la Terre. Rendre la Terre accessible pour tous, pour un monde plus s\u00fbr et plus durable.\",\"publisher\":{\"@id\":\"https:\/\/promethee.earth\/en\/#organization\"},\"potentialAction\":[{\"@type\":\"SearchAction\",\"target\":{\"@type\":\"EntryPoint\",\"urlTemplate\":\"https:\/\/promethee.earth\/en\/?s={search_term_string}\"},\"query-input\":{\"@type\":\"PropertyValueSpecification\",\"valueRequired\":true,\"valueName\":\"search_term_string\"}}],\"inLanguage\":\"en-US\"},{\"@type\":\"Organization\",\"@id\":\"https:\/\/promethee.earth\/en\/#organization\",\"name\":\"Prom\u00e9th\u00e9e Earth Intelligence\",\"url\":\"https:\/\/promethee.earth\/en\/\",\"logo\":{\"@type\":\"ImageObject\",\"inLanguage\":\"en-US\",\"@id\":\"https:\/\/promethee.earth\/en\/#\/schema\/logo\/image\/\",\"url\":\"https:\/\/promethee.earth\/wp-content\/uploads\/2023\/06\/cropped-LOGO_PROMETHEE_EARTH_INTEL_BLANC.png\",\"contentUrl\":\"https:\/\/promethee.earth\/wp-content\/uploads\/2023\/06\/cropped-LOGO_PROMETHEE_EARTH_INTEL_BLANC.png\",\"width\":1918,\"height\":641,\"caption\":\"Prom\u00e9th\u00e9e Earth Intelligence\"},\"image\":{\"@id\":\"https:\/\/promethee.earth\/en\/#\/schema\/logo\/image\/\"}}]}<\/script>\n<!-- \/ Yoast SEO plugin. -->","yoast_head_json":{"title":"Air quality - Prom\u00e9th\u00e9e","robots":{"index":"index","follow":"follow","max-snippet":"max-snippet:-1","max-image-preview":"max-image-preview:large","max-video-preview":"max-video-preview:-1"},"canonical":"https:\/\/promethee.earth\/en\/application\/air-quality\/","og_locale":"en_US","og_type":"article","og_title":"Air quality - Prom\u00e9th\u00e9e","og_description":"Monitoring Air quality Air quality is one of the primary health and environmental concerns. Populations are increasingly exposed and vulnerable to airborne particulate matter, both chemical and natural aerosols. Chronic exposure contributes to an increased risk of cardiovascular and respiratory diseases, as well as cancers. Air Quality is an application using satellite data to monitor ... Read more","og_url":"https:\/\/promethee.earth\/en\/application\/air-quality\/","og_site_name":"Prom\u00e9th\u00e9e","article_modified_time":"2022-10-26T08:42:02+00:00","og_image":[{"width":817,"height":306,"url":"https:\/\/promethee.earth\/wp-content\/uploads\/2022\/10\/Qualite-de-lair.png","type":"image\/png"}],"twitter_card":"summary_large_image","schema":{"@context":"https:\/\/schema.org","@graph":[{"@type":"WebPage","@id":"https:\/\/promethee.earth\/en\/application\/air-quality\/","url":"https:\/\/promethee.earth\/en\/application\/air-quality\/","name":"Air quality - Prom\u00e9th\u00e9e","isPartOf":{"@id":"https:\/\/promethee.earth\/en\/#website"},"primaryImageOfPage":{"@id":"https:\/\/promethee.earth\/en\/application\/air-quality\/#primaryimage"},"image":{"@id":"https:\/\/promethee.earth\/en\/application\/air-quality\/#primaryimage"},"thumbnailUrl":"https:\/\/promethee.earth\/wp-content\/uploads\/2022\/10\/Qualite-de-lair.png","datePublished":"2022-10-10T23:16:26+00:00","dateModified":"2022-10-26T08:42:02+00:00","breadcrumb":{"@id":"https:\/\/promethee.earth\/en\/application\/air-quality\/#breadcrumb"},"inLanguage":"en-US","potentialAction":[{"@type":"ReadAction","target":["https:\/\/promethee.earth\/en\/application\/air-quality\/"]}]},{"@type":"ImageObject","inLanguage":"en-US","@id":"https:\/\/promethee.earth\/en\/application\/air-quality\/#primaryimage","url":"https:\/\/promethee.earth\/wp-content\/uploads\/2022\/10\/Qualite-de-lair.png","contentUrl":"https:\/\/promethee.earth\/wp-content\/uploads\/2022\/10\/Qualite-de-lair.png","width":817,"height":306},{"@type":"BreadcrumbList","@id":"https:\/\/promethee.earth\/en\/application\/air-quality\/#breadcrumb","itemListElement":[{"@type":"ListItem","position":1,"name":"Home","item":"https:\/\/promethee.earth\/en\/"},{"@type":"ListItem","position":2,"name":"Application","item":"https:\/\/promethee.earth\/en\/application\/"},{"@type":"ListItem","position":3,"name":"Air quality"}]},{"@type":"WebSite","@id":"https:\/\/promethee.earth\/en\/#website","url":"https:\/\/promethee.earth\/en\/","name":"Prom\u00e9th\u00e9e","description":"Op\u00e9rateur New Space de constellations de nano satellites d&#039;observation de la Terre. Rendre la Terre accessible pour tous, pour un monde plus s\u00fbr et plus durable.","publisher":{"@id":"https:\/\/promethee.earth\/en\/#organization"},"potentialAction":[{"@type":"SearchAction","target":{"@type":"EntryPoint","urlTemplate":"https:\/\/promethee.earth\/en\/?s={search_term_string}"},"query-input":{"@type":"PropertyValueSpecification","valueRequired":true,"valueName":"search_term_string"}}],"inLanguage":"en-US"},{"@type":"Organization","@id":"https:\/\/promethee.earth\/en\/#organization","name":"Prom\u00e9th\u00e9e Earth Intelligence","url":"https:\/\/promethee.earth\/en\/","logo":{"@type":"ImageObject","inLanguage":"en-US","@id":"https:\/\/promethee.earth\/en\/#\/schema\/logo\/image\/","url":"https:\/\/promethee.earth\/wp-content\/uploads\/2023\/06\/cropped-LOGO_PROMETHEE_EARTH_INTEL_BLANC.png","contentUrl":"https:\/\/promethee.earth\/wp-content\/uploads\/2023\/06\/cropped-LOGO_PROMETHEE_EARTH_INTEL_BLANC.png","width":1918,"height":641,"caption":"Prom\u00e9th\u00e9e Earth Intelligence"},"image":{"@id":"https:\/\/promethee.earth\/en\/#\/schema\/logo\/image\/"}}]}},"_links":{"self":[{"href":"https:\/\/promethee.earth\/en\/wp-json\/wp\/v2\/pages\/2366","targetHints":{"allow":["GET"]}}],"collection":[{"href":"https:\/\/promethee.earth\/en\/wp-json\/wp\/v2\/pages"}],"about":[{"href":"https:\/\/promethee.earth\/en\/wp-json\/wp\/v2\/types\/page"}],"author":[{"embeddable":true,"href":"https:\/\/promethee.earth\/en\/wp-json\/wp\/v2\/users\/1"}],"replies":[{"embeddable":true,"href":"https:\/\/promethee.earth\/en\/wp-json\/wp\/v2\/comments?post=2366"}],"version-history":[{"count":5,"href":"https:\/\/promethee.earth\/en\/wp-json\/wp\/v2\/pages\/2366\/revisions"}],"predecessor-version":[{"id":2518,"href":"https:\/\/promethee.earth\/en\/wp-json\/wp\/v2\/pages\/2366\/revisions\/2518"}],"up":[{"embeddable":true,"href":"https:\/\/promethee.earth\/en\/wp-json\/wp\/v2\/pages\/2274"}],"wp:featuredmedia":[{"embeddable":true,"href":"https:\/\/promethee.earth\/en\/wp-json\/wp\/v2\/media\/2242"}],"wp:attachment":[{"href":"https:\/\/promethee.earth\/en\/wp-json\/wp\/v2\/media?parent=2366"}],"curies":[{"name":"wp","href":"https:\/\/api.w.org\/{rel}","templated":true}]}}