{"id":2285,"date":"2022-09-27T18:10:51","date_gmt":"2022-09-27T18:10:51","guid":{"rendered":"https:\/\/promethee.earth\/the-kollektiv-digital-new-space-kollektiv-by-promethee\/"},"modified":"2024-10-07T12:56:16","modified_gmt":"2024-10-07T12:56:16","slug":"kollektiv","status":"publish","type":"page","link":"https:\/\/promethee.earth\/en\/about-us\/kollektiv\/","title":{"rendered":"Le Kollektiv &#8211; Digital New Space Kollektiv by Prom\u00e9th\u00e9e"},"content":{"rendered":"\t\t<div data-elementor-type=\"wp-page\" data-elementor-id=\"2285\" class=\"elementor elementor-2285 elementor-74\" data-elementor-post-type=\"page\">\n\t\t\t\t\t\t<section data-particle_enable=\"false\" data-particle-mobile-disabled=\"false\" class=\"elementor-section elementor-top-section elementor-element elementor-element-087d0dc elementor-section-full_width elementor-section-height-default elementor-section-height-default\" data-id=\"087d0dc\" data-element_type=\"section\">\n\t\t\t\t\t\t<div class=\"elementor-container elementor-column-gap-default\">\n\t\t\t\t\t<div class=\"elementor-column elementor-col-100 elementor-top-column elementor-element elementor-element-f7db44a\" data-id=\"f7db44a\" data-element_type=\"column\" data-settings=\"{&quot;background_background&quot;:&quot;classic&quot;}\">\n\t\t\t<div class=\"elementor-widget-wrap elementor-element-populated\">\n\t\t\t\t\t\t<div class=\"elementor-element elementor-element-afa3dea elementor-widget elementor-widget-heading\" data-id=\"afa3dea\" data-element_type=\"widget\" data-widget_type=\"heading.default\">\n\t\t\t\t\t<h1 class=\"elementor-heading-title elementor-size-default\">Le Kollektiv &#8211; Digital New Space Kollektiv by Prom\u00e9th\u00e9e<\/h1>\t\t\t\t<\/div>\n\t\t\t\t<div class=\"elementor-element elementor-element-c3fcc33 elementor-widget elementor-widget-breadcrumbs\" data-id=\"c3fcc33\" data-element_type=\"widget\" data-widget_type=\"breadcrumbs.default\">\n\t\t\t\t\t<div id=\"breadcrumbs\"><span><span><a href=\"https:\/\/promethee.earth\/en\/\">Home<\/a><\/span><\/span><\/div>\t\t\t\t<\/div>\n\t\t\t\t<div class=\"elementor-element elementor-element-07f12ba elementor-widget elementor-widget-text-editor\" data-id=\"07f12ba\" data-element_type=\"widget\" data-widget_type=\"text-editor.default\">\n\t\t\t\t\t\t\t\t\t<p>Le Kollektiv a pour objectif de favoriser la coop\u00e9ration europ\u00e9enne dans le New Space en constituant une \u00e9quipe num\u00e9rique forte dans le domaine de l&#8217;observation de la Terre. Prom\u00e9th\u00e9e a constitu\u00e9 et coordonn\u00e9 pour ce faire un r\u00e9seau de 10 entreprises europ\u00e9ennes, toutes partageant la conviction que l\u2019une des caract\u00e9ristiques essentielles du New Space est l\u2019hybridation de l\u2019industrie spatiale avec le monde du num\u00e9rique.<\/p>\n\t\t\t\t\t\t\t\t<\/div>\n\t\t\t\t<div class=\"elementor-element elementor-element-16ceee9 elementor-align-left elementor-widget__width-initial elementor-widget elementor-widget-button\" data-id=\"16ceee9\" data-element_type=\"widget\" data-widget_type=\"button.default\">\n\t\t\t\t\t\t\t\t\t\t<a class=\"elementor-button elementor-button-link elementor-size-sm\" href=\"#elementor-action%3Aaction%3Dpopup%3Aopen%26settings%3DeyJpZCI6NTM5NCwidG9nZ2xlIjpmYWxzZX0%3D\">\n\t\t\t\t\t\t<span class=\"elementor-button-content-wrapper\">\n\t\t\t\t\t\t<span class=\"elementor-button-icon\">\n\t\t\t\t<i aria-hidden=\"true\" class=\"fas fa-play-circle\"><\/i>\t\t\t<\/span>\n\t\t\t\t\t\t\t\t\t<span class=\"elementor-button-text\">more info<\/span>\n\t\t\t\t\t<\/span>\n\t\t\t\t\t<\/a>\n\t\t\t\t\t\t\t\t<\/div>\n\t\t\t\t<div class=\"elementor-element elementor-element-fad72b4 elementor-widget elementor-widget-text-editor\" data-id=\"fad72b4\" data-element_type=\"widget\" data-widget_type=\"text-editor.default\">\n\t\t\t\t\t\t\t\t\t<h2>Outre Prom\u00e9th\u00e9e, les partenaires sont 5 soci\u00e9t\u00e9s fran\u00e7aises :<\/h2>\n<ul>\n<li>LTU, expert en vision par ordinateur ;<\/li>\n<li>IdPlizz, blockchain and smart ID verification company;<\/li>\n<li>VisioTerra, scientific consultant in Earth observation;<\/li>\n<li>Geo4i, geo-intelligence specialist;<\/li>\n<li>Magellium, expert in Earth observation data processing and geo-intelligence;<\/li>\n<\/ul>\n<h2>As well as 3 German women:<\/h2>\n<ul>\n<li>Ororatech, expert in forest fire detection and monitoring from space;<\/li>\n<li>Mundialis, expert in geodata analysis and processing ;<\/li>\n<li>Climate&amp;Company, think-tank in sustainable finance;<\/li>\n<\/ul>\n<h2>And 1 Romanian :<\/h2>\n<ul>\n<li>Nordlogic Software, a company specialized in the development of software solutions.<\/li>\n<\/ul>\n<h2>To date, the 3 main axes of deployment are the following:<\/h2>\n<ol>\n<li>Develop and propose innovative and competitive contributions to help achieve the objectives of the European Green Pact and the European Commission&#8217;s cooperation and development agendas;<\/li>\n<li>Make significant contributions to the environmental challenges derived from the UN Agenda 2030 and the COP21 Paris Agreement;<\/li>\n<li>Implement attractive and innovative Earth observation-based services that support the planning, implementation and outcome evaluation phases of Great Green Wall projects.<\/li>\n<\/ol>\n<p>After less than a year of existence, the Kollektiv teams have developed the &#8220;SarbiSat&#8221; demonstrator &#8211; &#8220;the shepherd&#8217;s satellite&#8221; in Fulani &#8211; to meet this last ambition and thus work to combat desertification in the Sahel.<\/p>\n\t\t\t\t\t\t\t\t<\/div>\n\t\t\t\t<div class=\"elementor-element elementor-element-1fc9d32 elementor-widget elementor-widget-image-gallery\" data-id=\"1fc9d32\" data-element_type=\"widget\" data-widget_type=\"image-gallery.default\">\n\t\t\t\t\t\t\t<div class=\"elementor-image-gallery\">\n\t\t\t<div id='gallery-1' class='gallery galleryid-2285 gallery-columns-5 gallery-size-thumbnail'><figure class='gallery-item'>\n\t\t\t<div class='gallery-icon landscape'>\n\t\t\t\t<img decoding=\"async\" width=\"150\" height=\"150\" src=\"https:\/\/promethee.earth\/wp-content\/uploads\/2022\/10\/NordLogic-150x150.png\" class=\"attachment-thumbnail size-thumbnail\" alt=\"\" srcset=\"https:\/\/promethee.earth\/wp-content\/uploads\/2022\/10\/NordLogic-150x150.png 150w, https:\/\/promethee.earth\/wp-content\/uploads\/2022\/10\/NordLogic-300x300.png 300w, https:\/\/promethee.earth\/wp-content\/uploads\/2022\/10\/NordLogic.png 512w\" sizes=\"(max-width: 150px) 100vw, 150px\" \/>\n\t\t\t<\/div><\/figure><figure class='gallery-item'>\n\t\t\t<div class='gallery-icon landscape'>\n\t\t\t\t<img decoding=\"async\" width=\"150\" height=\"150\" src=\"https:\/\/promethee.earth\/wp-content\/uploads\/2023\/07\/Logo-Prome\u0301the\u0301e-Eath-Intelligence-en-512px-1-150x150.png\" class=\"attachment-thumbnail size-thumbnail\" alt=\"Logo Prome\u0301the\u0301e Eath Intelligence en 512px\" srcset=\"https:\/\/promethee.earth\/wp-content\/uploads\/2023\/07\/Logo-Prome\u0301the\u0301e-Eath-Intelligence-en-512px-1-150x150.png 150w, https:\/\/promethee.earth\/wp-content\/uploads\/2023\/07\/Logo-Prome\u0301the\u0301e-Eath-Intelligence-en-512px-1-300x300.png 300w, https:\/\/promethee.earth\/wp-content\/uploads\/2023\/07\/Logo-Prome\u0301the\u0301e-Eath-Intelligence-en-512px-1.png 512w\" sizes=\"(max-width: 150px) 100vw, 150px\" \/>\n\t\t\t<\/div><\/figure><figure class='gallery-item'>\n\t\t\t<div class='gallery-icon landscape'>\n\t\t\t\t<img decoding=\"async\" width=\"150\" height=\"150\" src=\"https:\/\/promethee.earth\/wp-content\/uploads\/2022\/10\/VisioTerra-150x150.png\" class=\"attachment-thumbnail size-thumbnail\" alt=\"\" srcset=\"https:\/\/promethee.earth\/wp-content\/uploads\/2022\/10\/VisioTerra-150x150.png 150w, https:\/\/promethee.earth\/wp-content\/uploads\/2022\/10\/VisioTerra-300x300.png 300w, https:\/\/promethee.earth\/wp-content\/uploads\/2022\/10\/VisioTerra.png 512w\" sizes=\"(max-width: 150px) 100vw, 150px\" \/>\n\t\t\t<\/div><\/figure><figure class='gallery-item'>\n\t\t\t<div class='gallery-icon landscape'>\n\t\t\t\t<img loading=\"lazy\" decoding=\"async\" width=\"150\" height=\"150\" src=\"https:\/\/promethee.earth\/wp-content\/uploads\/2022\/10\/orora-150x150.png\" class=\"attachment-thumbnail size-thumbnail\" alt=\"\" srcset=\"https:\/\/promethee.earth\/wp-content\/uploads\/2022\/10\/orora-150x150.png 150w, https:\/\/promethee.earth\/wp-content\/uploads\/2022\/10\/orora-300x300.png 300w, https:\/\/promethee.earth\/wp-content\/uploads\/2022\/10\/orora.png 512w\" sizes=\"(max-width: 150px) 100vw, 150px\" \/>\n\t\t\t<\/div><\/figure><figure class='gallery-item'>\n\t\t\t<div class='gallery-icon landscape'>\n\t\t\t\t<img loading=\"lazy\" decoding=\"async\" width=\"150\" height=\"150\" src=\"https:\/\/promethee.earth\/wp-content\/uploads\/2022\/10\/geoai-150x150.png\" class=\"attachment-thumbnail size-thumbnail\" alt=\"\" srcset=\"https:\/\/promethee.earth\/wp-content\/uploads\/2022\/10\/geoai-150x150.png 150w, https:\/\/promethee.earth\/wp-content\/uploads\/2022\/10\/geoai-300x300.png 300w, https:\/\/promethee.earth\/wp-content\/uploads\/2022\/10\/geoai.png 512w\" sizes=\"(max-width: 150px) 100vw, 150px\" \/>\n\t\t\t<\/div><\/figure><figure class='gallery-item'>\n\t\t\t<div class='gallery-icon landscape'>\n\t\t\t\t<img loading=\"lazy\" decoding=\"async\" width=\"150\" height=\"150\" src=\"https:\/\/promethee.earth\/wp-content\/uploads\/2022\/10\/magellium-150x150.png\" class=\"attachment-thumbnail size-thumbnail\" alt=\"\" srcset=\"https:\/\/promethee.earth\/wp-content\/uploads\/2022\/10\/magellium-150x150.png 150w, https:\/\/promethee.earth\/wp-content\/uploads\/2022\/10\/magellium-300x300.png 300w, https:\/\/promethee.earth\/wp-content\/uploads\/2022\/10\/magellium.png 512w\" sizes=\"(max-width: 150px) 100vw, 150px\" \/>\n\t\t\t<\/div><\/figure><figure class='gallery-item'>\n\t\t\t<div class='gallery-icon landscape'>\n\t\t\t\t<img loading=\"lazy\" decoding=\"async\" width=\"150\" height=\"150\" src=\"https:\/\/promethee.earth\/wp-content\/uploads\/2022\/10\/LTU-150x150.png\" class=\"attachment-thumbnail size-thumbnail\" alt=\"\" srcset=\"https:\/\/promethee.earth\/wp-content\/uploads\/2022\/10\/LTU-150x150.png 150w, https:\/\/promethee.earth\/wp-content\/uploads\/2022\/10\/LTU-300x300.png 300w, https:\/\/promethee.earth\/wp-content\/uploads\/2022\/10\/LTU.png 512w\" sizes=\"(max-width: 150px) 100vw, 150px\" \/>\n\t\t\t<\/div><\/figure><figure class='gallery-item'>\n\t\t\t<div class='gallery-icon landscape'>\n\t\t\t\t<img loading=\"lazy\" decoding=\"async\" width=\"150\" height=\"150\" src=\"https:\/\/promethee.earth\/wp-content\/uploads\/2022\/10\/Idplizz-150x150.png\" class=\"attachment-thumbnail size-thumbnail\" alt=\"\" srcset=\"https:\/\/promethee.earth\/wp-content\/uploads\/2022\/10\/Idplizz-150x150.png 150w, https:\/\/promethee.earth\/wp-content\/uploads\/2022\/10\/Idplizz-300x300.png 300w, https:\/\/promethee.earth\/wp-content\/uploads\/2022\/10\/Idplizz.png 512w\" sizes=\"(max-width: 150px) 100vw, 150px\" \/>\n\t\t\t<\/div><\/figure><figure class='gallery-item'>\n\t\t\t<div class='gallery-icon landscape'>\n\t\t\t\t<img loading=\"lazy\" decoding=\"async\" width=\"150\" height=\"150\" src=\"https:\/\/promethee.earth\/wp-content\/uploads\/2022\/10\/Climate-company-150x150.png\" class=\"attachment-thumbnail size-thumbnail\" alt=\"\" srcset=\"https:\/\/promethee.earth\/wp-content\/uploads\/2022\/10\/Climate-company-150x150.png 150w, https:\/\/promethee.earth\/wp-content\/uploads\/2022\/10\/Climate-company-300x300.png 300w, https:\/\/promethee.earth\/wp-content\/uploads\/2022\/10\/Climate-company.png 512w\" sizes=\"(max-width: 150px) 100vw, 150px\" \/>\n\t\t\t<\/div><\/figure><figure class='gallery-item'>\n\t\t\t<div class='gallery-icon landscape'>\n\t\t\t\t<img loading=\"lazy\" decoding=\"async\" width=\"150\" height=\"150\" src=\"https:\/\/promethee.earth\/wp-content\/uploads\/2022\/10\/mundialis-150x150.png\" class=\"attachment-thumbnail size-thumbnail\" alt=\"\" srcset=\"https:\/\/promethee.earth\/wp-content\/uploads\/2022\/10\/mundialis-150x150.png 150w, https:\/\/promethee.earth\/wp-content\/uploads\/2022\/10\/mundialis-300x300.png 300w, https:\/\/promethee.earth\/wp-content\/uploads\/2022\/10\/mundialis.png 512w\" sizes=\"(max-width: 150px) 100vw, 150px\" \/>\n\t\t\t<\/div><\/figure>\n\t\t<\/div>\n\t\t<\/div>\n\t\t\t\t\t\t<\/div>\n\t\t\t\t\t<\/div>\n\t\t<\/div>\n\t\t\t\t\t<\/div>\n\t\t<\/section>\n\t\t\t\t<\/div>\n\t\t","protected":false},"excerpt":{"rendered":"<p>Le Kollektiv a pour objectif de favoriser la coop\u00e9ration europ\u00e9enne dans le New Space en constituant une \u00e9quipe num\u00e9rique forte dans le domaine de l&#8217;observation de la Terre. Prom\u00e9th\u00e9e a constitu\u00e9 et coordonn\u00e9 pour ce faire un r\u00e9seau de 10 entreprises europ\u00e9ennes, toutes partageant la conviction que l\u2019une des caract\u00e9ristiques essentielles du New Space est &#8230; <a title=\"Le Kollektiv &#8211; Digital New Space Kollektiv by Prom\u00e9th\u00e9e\" class=\"read-more\" href=\"https:\/\/promethee.earth\/en\/about-us\/kollektiv\/\" aria-label=\"Read more about Le Kollektiv &#8211; Digital New Space Kollektiv by Prom\u00e9th\u00e9e\">Read more<\/a><\/p>\n","protected":false},"author":1,"featured_media":0,"parent":2289,"menu_order":0,"comment_status":"closed","ping_status":"closed","template":"elementor_header_footer","meta":{"footnotes":""},"class_list":["post-2285","page","type-page","status-publish"],"yoast_head":"<!-- This site is optimized with the Yoast SEO plugin v26.8 - https:\/\/yoast.com\/product\/yoast-seo-wordpress\/ -->\n<title>Le Kollektiv - Digital New Space Kollektiv by Prom\u00e9th\u00e9e - Prom\u00e9th\u00e9e<\/title>\n<meta name=\"robots\" content=\"index, follow, max-snippet:-1, max-image-preview:large, max-video-preview:-1\" \/>\n<link rel=\"canonical\" href=\"https:\/\/promethee.earth\/en\/about-us\/kollektiv\/\" \/>\n<meta property=\"og:locale\" content=\"en_US\" \/>\n<meta property=\"og:type\" content=\"article\" \/>\n<meta property=\"og:title\" content=\"Le Kollektiv - Digital New Space Kollektiv by Prom\u00e9th\u00e9e - Prom\u00e9th\u00e9e\" \/>\n<meta property=\"og:description\" content=\"Le Kollektiv a pour objectif de favoriser la coop\u00e9ration europ\u00e9enne dans le New Space en constituant une \u00e9quipe num\u00e9rique forte dans le domaine de l&#8217;observation de la Terre. Prom\u00e9th\u00e9e a constitu\u00e9 et coordonn\u00e9 pour ce faire un r\u00e9seau de 10 entreprises europ\u00e9ennes, toutes partageant la conviction que l\u2019une des caract\u00e9ristiques essentielles du New Space est ... Read more\" \/>\n<meta property=\"og:url\" content=\"https:\/\/promethee.earth\/en\/about-us\/kollektiv\/\" \/>\n<meta property=\"og:site_name\" content=\"Prom\u00e9th\u00e9e\" \/>\n<meta property=\"article:modified_time\" content=\"2024-10-07T12:56:16+00:00\" \/>\n<meta property=\"og:image\" content=\"https:\/\/promethee.earth\/wp-content\/uploads\/2022\/10\/NordLogic-150x150.png\" \/>\n<meta name=\"twitter:card\" content=\"summary_large_image\" \/>\n<meta name=\"twitter:label1\" content=\"Est. reading time\" \/>\n\t<meta name=\"twitter:data1\" content=\"4 minutes\" \/>\n<script type=\"application\/ld+json\" class=\"yoast-schema-graph\">{\"@context\":\"https:\/\/schema.org\",\"@graph\":[{\"@type\":\"WebPage\",\"@id\":\"https:\/\/promethee.earth\/en\/about-us\/kollektiv\/\",\"url\":\"https:\/\/promethee.earth\/en\/about-us\/kollektiv\/\",\"name\":\"Le Kollektiv - Digital New Space Kollektiv by Prom\u00e9th\u00e9e - Prom\u00e9th\u00e9e\",\"isPartOf\":{\"@id\":\"https:\/\/promethee.earth\/en\/#website\"},\"primaryImageOfPage\":{\"@id\":\"https:\/\/promethee.earth\/en\/about-us\/kollektiv\/#primaryimage\"},\"image\":{\"@id\":\"https:\/\/promethee.earth\/en\/about-us\/kollektiv\/#primaryimage\"},\"thumbnailUrl\":\"https:\/\/promethee.earth\/wp-content\/uploads\/2022\/10\/NordLogic-150x150.png\",\"datePublished\":\"2022-09-27T18:10:51+00:00\",\"dateModified\":\"2024-10-07T12:56:16+00:00\",\"breadcrumb\":{\"@id\":\"https:\/\/promethee.earth\/en\/about-us\/kollektiv\/#breadcrumb\"},\"inLanguage\":\"en-US\",\"potentialAction\":[{\"@type\":\"ReadAction\",\"target\":[\"https:\/\/promethee.earth\/en\/about-us\/kollektiv\/\"]}]},{\"@type\":\"ImageObject\",\"inLanguage\":\"en-US\",\"@id\":\"https:\/\/promethee.earth\/en\/about-us\/kollektiv\/#primaryimage\",\"url\":\"https:\/\/promethee.earth\/wp-content\/uploads\/2022\/10\/NordLogic-150x150.png\",\"contentUrl\":\"https:\/\/promethee.earth\/wp-content\/uploads\/2022\/10\/NordLogic-150x150.png\"},{\"@type\":\"BreadcrumbList\",\"@id\":\"https:\/\/promethee.earth\/en\/about-us\/kollektiv\/#breadcrumb\",\"itemListElement\":[{\"@type\":\"ListItem\",\"position\":1,\"name\":\"Home\",\"item\":\"https:\/\/promethee.earth\/en\/\"},{\"@type\":\"ListItem\",\"position\":2,\"name\":\"About us\",\"item\":\"https:\/\/promethee.earth\/en\/a-propos\/\"},{\"@type\":\"ListItem\",\"position\":3,\"name\":\"Le Kollektiv &#8211; Digital New Space Kollektiv by Prom\u00e9th\u00e9e\"}]},{\"@type\":\"WebSite\",\"@id\":\"https:\/\/promethee.earth\/en\/#website\",\"url\":\"https:\/\/promethee.earth\/en\/\",\"name\":\"Prom\u00e9th\u00e9e\",\"description\":\"Op\u00e9rateur New Space de constellations de nano satellites d&#039;observation de la Terre. Rendre la Terre accessible pour tous, pour un monde plus s\u00fbr et plus durable.\",\"publisher\":{\"@id\":\"https:\/\/promethee.earth\/en\/#organization\"},\"potentialAction\":[{\"@type\":\"SearchAction\",\"target\":{\"@type\":\"EntryPoint\",\"urlTemplate\":\"https:\/\/promethee.earth\/en\/?s={search_term_string}\"},\"query-input\":{\"@type\":\"PropertyValueSpecification\",\"valueRequired\":true,\"valueName\":\"search_term_string\"}}],\"inLanguage\":\"en-US\"},{\"@type\":\"Organization\",\"@id\":\"https:\/\/promethee.earth\/en\/#organization\",\"name\":\"Prom\u00e9th\u00e9e Earth Intelligence\",\"url\":\"https:\/\/promethee.earth\/en\/\",\"logo\":{\"@type\":\"ImageObject\",\"inLanguage\":\"en-US\",\"@id\":\"https:\/\/promethee.earth\/en\/#\/schema\/logo\/image\/\",\"url\":\"https:\/\/promethee.earth\/wp-content\/uploads\/2023\/06\/cropped-LOGO_PROMETHEE_EARTH_INTEL_BLANC.png\",\"contentUrl\":\"https:\/\/promethee.earth\/wp-content\/uploads\/2023\/06\/cropped-LOGO_PROMETHEE_EARTH_INTEL_BLANC.png\",\"width\":1918,\"height\":641,\"caption\":\"Prom\u00e9th\u00e9e Earth Intelligence\"},\"image\":{\"@id\":\"https:\/\/promethee.earth\/en\/#\/schema\/logo\/image\/\"}}]}<\/script>\n<!-- \/ Yoast SEO plugin. -->","yoast_head_json":{"title":"Le Kollektiv - Digital New Space Kollektiv by Prom\u00e9th\u00e9e - Prom\u00e9th\u00e9e","robots":{"index":"index","follow":"follow","max-snippet":"max-snippet:-1","max-image-preview":"max-image-preview:large","max-video-preview":"max-video-preview:-1"},"canonical":"https:\/\/promethee.earth\/en\/about-us\/kollektiv\/","og_locale":"en_US","og_type":"article","og_title":"Le Kollektiv - Digital New Space Kollektiv by Prom\u00e9th\u00e9e - Prom\u00e9th\u00e9e","og_description":"Le Kollektiv a pour objectif de favoriser la coop\u00e9ration europ\u00e9enne dans le New Space en constituant une \u00e9quipe num\u00e9rique forte dans le domaine de l&#8217;observation de la Terre. Prom\u00e9th\u00e9e a constitu\u00e9 et coordonn\u00e9 pour ce faire un r\u00e9seau de 10 entreprises europ\u00e9ennes, toutes partageant la conviction que l\u2019une des caract\u00e9ristiques essentielles du New Space est ... Read more","og_url":"https:\/\/promethee.earth\/en\/about-us\/kollektiv\/","og_site_name":"Prom\u00e9th\u00e9e","article_modified_time":"2024-10-07T12:56:16+00:00","og_image":[{"url":"https:\/\/promethee.earth\/wp-content\/uploads\/2022\/10\/NordLogic-150x150.png","type":"","width":"","height":""}],"twitter_card":"summary_large_image","twitter_misc":{"Est. reading time":"4 minutes"},"schema":{"@context":"https:\/\/schema.org","@graph":[{"@type":"WebPage","@id":"https:\/\/promethee.earth\/en\/about-us\/kollektiv\/","url":"https:\/\/promethee.earth\/en\/about-us\/kollektiv\/","name":"Le Kollektiv - Digital New Space Kollektiv by Prom\u00e9th\u00e9e - Prom\u00e9th\u00e9e","isPartOf":{"@id":"https:\/\/promethee.earth\/en\/#website"},"primaryImageOfPage":{"@id":"https:\/\/promethee.earth\/en\/about-us\/kollektiv\/#primaryimage"},"image":{"@id":"https:\/\/promethee.earth\/en\/about-us\/kollektiv\/#primaryimage"},"thumbnailUrl":"https:\/\/promethee.earth\/wp-content\/uploads\/2022\/10\/NordLogic-150x150.png","datePublished":"2022-09-27T18:10:51+00:00","dateModified":"2024-10-07T12:56:16+00:00","breadcrumb":{"@id":"https:\/\/promethee.earth\/en\/about-us\/kollektiv\/#breadcrumb"},"inLanguage":"en-US","potentialAction":[{"@type":"ReadAction","target":["https:\/\/promethee.earth\/en\/about-us\/kollektiv\/"]}]},{"@type":"ImageObject","inLanguage":"en-US","@id":"https:\/\/promethee.earth\/en\/about-us\/kollektiv\/#primaryimage","url":"https:\/\/promethee.earth\/wp-content\/uploads\/2022\/10\/NordLogic-150x150.png","contentUrl":"https:\/\/promethee.earth\/wp-content\/uploads\/2022\/10\/NordLogic-150x150.png"},{"@type":"BreadcrumbList","@id":"https:\/\/promethee.earth\/en\/about-us\/kollektiv\/#breadcrumb","itemListElement":[{"@type":"ListItem","position":1,"name":"Home","item":"https:\/\/promethee.earth\/en\/"},{"@type":"ListItem","position":2,"name":"About us","item":"https:\/\/promethee.earth\/en\/a-propos\/"},{"@type":"ListItem","position":3,"name":"Le Kollektiv &#8211; Digital New Space Kollektiv by Prom\u00e9th\u00e9e"}]},{"@type":"WebSite","@id":"https:\/\/promethee.earth\/en\/#website","url":"https:\/\/promethee.earth\/en\/","name":"Prom\u00e9th\u00e9e","description":"Op\u00e9rateur New Space de constellations de nano satellites d&#039;observation de la Terre. Rendre la Terre accessible pour tous, pour un monde plus s\u00fbr et plus durable.","publisher":{"@id":"https:\/\/promethee.earth\/en\/#organization"},"potentialAction":[{"@type":"SearchAction","target":{"@type":"EntryPoint","urlTemplate":"https:\/\/promethee.earth\/en\/?s={search_term_string}"},"query-input":{"@type":"PropertyValueSpecification","valueRequired":true,"valueName":"search_term_string"}}],"inLanguage":"en-US"},{"@type":"Organization","@id":"https:\/\/promethee.earth\/en\/#organization","name":"Prom\u00e9th\u00e9e Earth Intelligence","url":"https:\/\/promethee.earth\/en\/","logo":{"@type":"ImageObject","inLanguage":"en-US","@id":"https:\/\/promethee.earth\/en\/#\/schema\/logo\/image\/","url":"https:\/\/promethee.earth\/wp-content\/uploads\/2023\/06\/cropped-LOGO_PROMETHEE_EARTH_INTEL_BLANC.png","contentUrl":"https:\/\/promethee.earth\/wp-content\/uploads\/2023\/06\/cropped-LOGO_PROMETHEE_EARTH_INTEL_BLANC.png","width":1918,"height":641,"caption":"Prom\u00e9th\u00e9e Earth Intelligence"},"image":{"@id":"https:\/\/promethee.earth\/en\/#\/schema\/logo\/image\/"}}]}},"_links":{"self":[{"href":"https:\/\/promethee.earth\/en\/wp-json\/wp\/v2\/pages\/2285","targetHints":{"allow":["GET"]}}],"collection":[{"href":"https:\/\/promethee.earth\/en\/wp-json\/wp\/v2\/pages"}],"about":[{"href":"https:\/\/promethee.earth\/en\/wp-json\/wp\/v2\/types\/page"}],"author":[{"embeddable":true,"href":"https:\/\/promethee.earth\/en\/wp-json\/wp\/v2\/users\/1"}],"replies":[{"embeddable":true,"href":"https:\/\/promethee.earth\/en\/wp-json\/wp\/v2\/comments?post=2285"}],"version-history":[{"count":17,"href":"https:\/\/promethee.earth\/en\/wp-json\/wp\/v2\/pages\/2285\/revisions"}],"predecessor-version":[{"id":10052,"href":"https:\/\/promethee.earth\/en\/wp-json\/wp\/v2\/pages\/2285\/revisions\/10052"}],"up":[{"embeddable":true,"href":"https:\/\/promethee.earth\/en\/wp-json\/wp\/v2\/pages\/2289"}],"wp:attachment":[{"href":"https:\/\/promethee.earth\/en\/wp-json\/wp\/v2\/media?parent=2285"}],"curies":[{"name":"wp","href":"https:\/\/api.w.org\/{rel}","templated":true}]}}