{"id":2283,"date":"2022-10-10T20:18:30","date_gmt":"2022-10-10T20:18:30","guid":{"rendered":"https:\/\/promethee.earth\/maritime\/"},"modified":"2023-10-12T12:14:36","modified_gmt":"2023-10-12T12:14:36","slug":"maritime","status":"publish","type":"page","link":"https:\/\/promethee.earth\/en\/maritime\/","title":{"rendered":"Maritime"},"content":{"rendered":"\t\t<div data-elementor-type=\"wp-page\" data-elementor-id=\"2283\" class=\"elementor elementor-2283 elementor-1381\" data-elementor-post-type=\"page\">\n\t\t\t\t\t\t<section data-particle_enable=\"false\" data-particle-mobile-disabled=\"false\" class=\"elementor-section elementor-top-section elementor-element elementor-element-048af1d elementor-section-full_width elementor-section-height-default elementor-section-height-default\" data-id=\"048af1d\" data-element_type=\"section\">\n\t\t\t\t\t\t<div class=\"elementor-container elementor-column-gap-default\">\n\t\t\t\t\t<div class=\"elementor-column elementor-col-100 elementor-top-column elementor-element elementor-element-98d1f04\" data-id=\"98d1f04\" data-element_type=\"column\" data-settings=\"{&quot;background_background&quot;:&quot;classic&quot;}\">\n\t\t\t<div class=\"elementor-widget-wrap elementor-element-populated\">\n\t\t\t\t\t\t<div class=\"elementor-element elementor-element-5f09618 elementor-widget elementor-widget-text-editor\" data-id=\"5f09618\" data-element_type=\"widget\" data-widget_type=\"text-editor.default\">\n\t\t\t\t\t\t\t\t\t<p>Knowledge is power to act<\/p>\n\t\t\t\t\t\t\t\t<\/div>\n\t\t\t\t<div class=\"elementor-element elementor-element-7e752b7 elementor-widget elementor-widget-heading\" data-id=\"7e752b7\" data-element_type=\"widget\" data-widget_type=\"heading.default\">\n\t\t\t\t\t<div class=\"elementor-heading-title elementor-size-default\">Maritime<\/div>\t\t\t\t<\/div>\n\t\t\t\t<div class=\"elementor-element elementor-element-985fdd7 elementor-widget elementor-widget-breadcrumbs\" data-id=\"985fdd7\" data-element_type=\"widget\" data-widget_type=\"breadcrumbs.default\">\n\t\t\t\t\t<div id=\"breadcrumbs\"><span><span><a href=\"https:\/\/promethee.earth\/en\/\">Home<\/a><\/span><\/span><\/div>\t\t\t\t<\/div>\n\t\t\t\t<section data-particle_enable=\"false\" data-particle-mobile-disabled=\"false\" class=\"elementor-section elementor-inner-section elementor-element elementor-element-d72f6c6 elementor-section-full_width elementor-section-height-default elementor-section-height-default\" data-id=\"d72f6c6\" data-element_type=\"section\">\n\t\t\t\t\t\t<div class=\"elementor-container elementor-column-gap-default\">\n\t\t\t\t\t<div class=\"elementor-column elementor-col-33 elementor-inner-column elementor-element elementor-element-451a721\" data-id=\"451a721\" data-element_type=\"column\" data-settings=\"{&quot;background_background&quot;:&quot;classic&quot;}\">\n\t\t\t<div class=\"elementor-widget-wrap elementor-element-populated\">\n\t\t\t\t\t\t<div class=\"elementor-element elementor-element-472b4ba elementor-nav-menu__align-start elementor-nav-menu--dropdown-tablet elementor-nav-menu__text-align-aside elementor-nav-menu--toggle elementor-nav-menu--burger elementor-widget elementor-widget-nav-menu\" data-id=\"472b4ba\" data-element_type=\"widget\" data-settings=\"{&quot;layout&quot;:&quot;horizontal&quot;,&quot;submenu_icon&quot;:{&quot;value&quot;:&quot;&lt;i class=\\&quot;fas fa-caret-down\\&quot; aria-hidden=\\&quot;true\\&quot;&gt;&lt;\\\/i&gt;&quot;,&quot;library&quot;:&quot;fa-solid&quot;},&quot;toggle&quot;:&quot;burger&quot;}\" data-widget_type=\"nav-menu.default\">\n\t\t\t\t\t\t\t\t<nav aria-label=\"Menu\" class=\"elementor-nav-menu--main elementor-nav-menu__container elementor-nav-menu--layout-horizontal e--pointer-none\">\n\t\t\t\t<ul id=\"menu-1-472b4ba\" class=\"elementor-nav-menu\"><li class=\"menu-item menu-item-type-post_type menu-item-object-page menu-item-6028\"><a href=\"https:\/\/promethee.earth\/en\/natural-disasters\/\" class=\"elementor-item\">Natural disasters<\/a><\/li>\n<li class=\"menu-item menu-item-type-post_type menu-item-object-page menu-item-6029\"><a href=\"https:\/\/promethee.earth\/en\/resource-management\/\" class=\"elementor-item\">Resource management<\/a><\/li>\n<li class=\"menu-item menu-item-type-post_type menu-item-object-page menu-item-6030\"><a href=\"https:\/\/promethee.earth\/en\/land-use-planning\/\" class=\"elementor-item\">Land use planning<\/a><\/li>\n<li class=\"menu-item menu-item-type-post_type menu-item-object-page menu-item-6031\"><a href=\"https:\/\/promethee.earth\/en\/forest-monitoring\/\" class=\"elementor-item\">Forest monitoring<\/a><\/li>\n<li class=\"menu-item menu-item-type-post_type menu-item-object-page menu-item-6032\"><a href=\"https:\/\/promethee.earth\/en\/security\/\" class=\"elementor-item\">Security<\/a><\/li>\n<li class=\"menu-item menu-item-type-post_type menu-item-object-page menu-item-6033\"><a href=\"https:\/\/promethee.earth\/en\/maritime\/\" class=\"elementor-item\">Maritime<\/a><\/li>\n<li class=\"menu-item menu-item-type-post_type menu-item-object-page menu-item-6034\"><a href=\"https:\/\/promethee.earth\/en\/pollution\/\" class=\"elementor-item\">Pollution<\/a><\/li>\n<li class=\"menu-item menu-item-type-post_type menu-item-object-page menu-item-6035\"><a href=\"https:\/\/promethee.earth\/en\/health\/\" class=\"elementor-item\">Health<\/a><\/li>\n<\/ul>\t\t\t<\/nav>\n\t\t\t\t\t<div class=\"elementor-menu-toggle\" role=\"button\" tabindex=\"0\" aria-label=\"Menu Toggle\" aria-expanded=\"false\">\n\t\t\t<i aria-hidden=\"true\" role=\"presentation\" class=\"elementor-menu-toggle__icon--open eicon-menu-bar\"><\/i><i aria-hidden=\"true\" role=\"presentation\" class=\"elementor-menu-toggle__icon--close eicon-close\"><\/i>\t\t<\/div>\n\t\t\t\t\t<nav class=\"elementor-nav-menu--dropdown elementor-nav-menu__container\" aria-hidden=\"true\">\n\t\t\t\t<ul id=\"menu-2-472b4ba\" class=\"elementor-nav-menu\"><li class=\"menu-item menu-item-type-post_type menu-item-object-page menu-item-6028\"><a href=\"https:\/\/promethee.earth\/en\/natural-disasters\/\" class=\"elementor-item\" tabindex=\"-1\">Natural disasters<\/a><\/li>\n<li class=\"menu-item menu-item-type-post_type menu-item-object-page menu-item-6029\"><a href=\"https:\/\/promethee.earth\/en\/resource-management\/\" class=\"elementor-item\" tabindex=\"-1\">Resource management<\/a><\/li>\n<li class=\"menu-item menu-item-type-post_type menu-item-object-page menu-item-6030\"><a href=\"https:\/\/promethee.earth\/en\/land-use-planning\/\" class=\"elementor-item\" tabindex=\"-1\">Land use planning<\/a><\/li>\n<li class=\"menu-item menu-item-type-post_type menu-item-object-page menu-item-6031\"><a href=\"https:\/\/promethee.earth\/en\/forest-monitoring\/\" class=\"elementor-item\" tabindex=\"-1\">Forest monitoring<\/a><\/li>\n<li class=\"menu-item menu-item-type-post_type menu-item-object-page menu-item-6032\"><a href=\"https:\/\/promethee.earth\/en\/security\/\" class=\"elementor-item\" tabindex=\"-1\">Security<\/a><\/li>\n<li class=\"menu-item menu-item-type-post_type menu-item-object-page menu-item-6033\"><a href=\"https:\/\/promethee.earth\/en\/maritime\/\" class=\"elementor-item\" tabindex=\"-1\">Maritime<\/a><\/li>\n<li class=\"menu-item menu-item-type-post_type menu-item-object-page menu-item-6034\"><a href=\"https:\/\/promethee.earth\/en\/pollution\/\" class=\"elementor-item\" tabindex=\"-1\">Pollution<\/a><\/li>\n<li class=\"menu-item menu-item-type-post_type menu-item-object-page menu-item-6035\"><a href=\"https:\/\/promethee.earth\/en\/health\/\" class=\"elementor-item\" tabindex=\"-1\">Health<\/a><\/li>\n<\/ul>\t\t\t<\/nav>\n\t\t\t\t\t\t<\/div>\n\t\t\t\t\t<\/div>\n\t\t<\/div>\n\t\t\t\t<div class=\"elementor-column elementor-col-66 elementor-inner-column elementor-element elementor-element-3ba9047\" data-id=\"3ba9047\" data-element_type=\"column\">\n\t\t\t<div class=\"elementor-widget-wrap elementor-element-populated\">\n\t\t\t\t\t\t<div class=\"elementor-element elementor-element-22c754b elementor-widget elementor-widget-theme-post-featured-image elementor-widget-image\" data-id=\"22c754b\" data-element_type=\"widget\" data-widget_type=\"theme-post-featured-image.default\">\n\t\t\t\t\t\t\t\t\t\t\t\t\t\t\t<img fetchpriority=\"high\" decoding=\"async\" width=\"818\" height=\"306\" src=\"https:\/\/promethee.earth\/wp-content\/uploads\/2022\/10\/Maritime.png\" class=\"attachment-large size-large wp-image-2227\" alt=\"\" srcset=\"https:\/\/promethee.earth\/wp-content\/uploads\/2022\/10\/Maritime.png 818w, https:\/\/promethee.earth\/wp-content\/uploads\/2022\/10\/Maritime-300x112.png 300w, https:\/\/promethee.earth\/wp-content\/uploads\/2022\/10\/Maritime-768x287.png 768w\" sizes=\"(max-width: 818px) 100vw, 818px\" \/>\t\t\t\t\t\t\t\t\t\t\t\t\t\t\t<\/div>\n\t\t\t\t<div class=\"elementor-element elementor-element-9962330 elementor-widget elementor-widget-text-editor\" data-id=\"9962330\" data-element_type=\"widget\" data-widget_type=\"text-editor.default\">\n\t\t\t\t\t\t\t\t\t<h3>Maritime surveillance illegal fishing, maritime traffic, port management<\/h3>\n<p>Illegal fishing or illegal, unreported and unregulated fishing represents annually about 20% of the world&#8217;s catches and generates a loss of 10 to 20 billion euros for sovereign countries not to mention their disastrous impact on ecosystems.<br \/>The majority of illegal fishing takes place within the EEZs of countries. Vessels in illegalities cut their identification system when approaching the fishing grounds thus turning into a ghost ship.<\/p>\n<ul>\n<li>Real-time monitoring of the area of interest<\/li>\n<li>Detection of vessels with AIS disabled<\/li>\n<li>Alert system when illegal fishing is detected<\/li>\n<\/ul>\n<h3>Detection of marine pollution<\/h3>\n<p>The surface of the globe is 70.8% covered by water, the carbon retention capacity of the oceans makes it the main lung of our planet, our ecosystem is in danger.<br \/>70% of marine pollution is due to plastic waste and 5 million tons of hydrocarbons are dumped every year, voluntarily or accidentally.<\/p>\n<ul>\n<li>Identification of pollution<\/li>\n<li>Characterization, assessment<\/li>\n<li>Simulating the behavioral evolution of waste and oil<\/li>\n<\/ul>\n<h3>Protecting maritime spaces<\/h3>\n<p>In recent decades, the ocean has helped mitigate climate change by absorbing nearly 30% of anthropogenic carbon dioxide (CO2) emissions, constituting one of the largest natural reservoirs of carbon.<\/p>\n<ul>\n<li>Optimizing response capabilities<\/li>\n<li>In-depth statistical analyses of areas and periods of activity<\/li>\n<li>Possibility of correlating activities with environmental data<\/li>\n<\/ul>\n\t\t\t\t\t\t\t\t<\/div>\n\t\t\t\t<div class=\"elementor-element elementor-element-9603a1f elementor-widget elementor-widget-video\" data-id=\"9603a1f\" data-element_type=\"widget\" data-settings=\"{&quot;youtube_url&quot;:&quot;https:\\\/\\\/www.youtube.com\\\/watch?v=yEWv-C3oVjQ&quot;,&quot;video_type&quot;:&quot;youtube&quot;,&quot;controls&quot;:&quot;yes&quot;}\" data-widget_type=\"video.default\">\n\t\t\t\t\t\t\t<div class=\"elementor-wrapper elementor-open-inline\">\n\t\t\t<div class=\"elementor-video\"><\/div>\t\t<\/div>\n\t\t\t\t\t\t<\/div>\n\t\t\t\t\t<\/div>\n\t\t<\/div>\n\t\t\t\t\t<\/div>\n\t\t<\/section>\n\t\t\t\t\t<\/div>\n\t\t<\/div>\n\t\t\t\t\t<\/div>\n\t\t<\/section>\n\t\t\t\t<\/div>\n\t\t","protected":false},"excerpt":{"rendered":"<p>Knowledge is power to act Maritime surveillance illegal fishing, maritime traffic, port management Illegal fishing or illegal, unreported and unregulated fishing represents annually about 20% of the world&#8217;s catches and generates a loss of 10 to 20 billion euros for sovereign countries not to mention their disastrous impact on ecosystems.The majority of illegal fishing takes &#8230; <a title=\"Maritime\" class=\"read-more\" href=\"https:\/\/promethee.earth\/en\/maritime\/\" aria-label=\"Read more about Maritime\">Read more<\/a><\/p>\n","protected":false},"author":1,"featured_media":2227,"parent":0,"menu_order":0,"comment_status":"closed","ping_status":"closed","template":"elementor_header_footer","meta":{"footnotes":""},"class_list":["post-2283","page","type-page","status-publish","has-post-thumbnail"],"yoast_head":"<!-- This site is optimized with the Yoast SEO plugin v26.8 - https:\/\/yoast.com\/product\/yoast-seo-wordpress\/ -->\n<title>Maritime - Prom\u00e9th\u00e9e<\/title>\n<meta name=\"robots\" content=\"index, follow, max-snippet:-1, max-image-preview:large, max-video-preview:-1\" \/>\n<link rel=\"canonical\" href=\"https:\/\/promethee.earth\/en\/maritime\/\" \/>\n<meta property=\"og:locale\" content=\"en_US\" \/>\n<meta property=\"og:type\" content=\"article\" \/>\n<meta property=\"og:title\" content=\"Maritime - Prom\u00e9th\u00e9e\" \/>\n<meta property=\"og:description\" content=\"Knowledge is power to act Maritime surveillance illegal fishing, maritime traffic, port management Illegal fishing or illegal, unreported and unregulated fishing represents annually about 20% of the world&#8217;s catches and generates a loss of 10 to 20 billion euros for sovereign countries not to mention their disastrous impact on ecosystems.The majority of illegal fishing takes ... Read more\" \/>\n<meta property=\"og:url\" content=\"https:\/\/promethee.earth\/en\/maritime\/\" \/>\n<meta property=\"og:site_name\" content=\"Prom\u00e9th\u00e9e\" \/>\n<meta property=\"article:modified_time\" content=\"2023-10-12T12:14:36+00:00\" \/>\n<meta property=\"og:image\" content=\"https:\/\/promethee.earth\/wp-content\/uploads\/2022\/10\/Maritime.png\" \/>\n\t<meta property=\"og:image:width\" content=\"818\" \/>\n\t<meta property=\"og:image:height\" content=\"306\" \/>\n\t<meta property=\"og:image:type\" content=\"image\/png\" \/>\n<meta name=\"twitter:card\" content=\"summary_large_image\" \/>\n<meta name=\"twitter:label1\" content=\"Est. reading time\" \/>\n\t<meta name=\"twitter:data1\" content=\"2 minutes\" \/>\n<script type=\"application\/ld+json\" class=\"yoast-schema-graph\">{\"@context\":\"https:\/\/schema.org\",\"@graph\":[{\"@type\":\"WebPage\",\"@id\":\"https:\/\/promethee.earth\/en\/maritime\/\",\"url\":\"https:\/\/promethee.earth\/en\/maritime\/\",\"name\":\"Maritime - Prom\u00e9th\u00e9e\",\"isPartOf\":{\"@id\":\"https:\/\/promethee.earth\/en\/#website\"},\"primaryImageOfPage\":{\"@id\":\"https:\/\/promethee.earth\/en\/maritime\/#primaryimage\"},\"image\":{\"@id\":\"https:\/\/promethee.earth\/en\/maritime\/#primaryimage\"},\"thumbnailUrl\":\"https:\/\/promethee.earth\/wp-content\/uploads\/2022\/10\/Maritime.png\",\"datePublished\":\"2022-10-10T20:18:30+00:00\",\"dateModified\":\"2023-10-12T12:14:36+00:00\",\"breadcrumb\":{\"@id\":\"https:\/\/promethee.earth\/en\/maritime\/#breadcrumb\"},\"inLanguage\":\"en-US\",\"potentialAction\":[{\"@type\":\"ReadAction\",\"target\":[\"https:\/\/promethee.earth\/en\/maritime\/\"]}]},{\"@type\":\"ImageObject\",\"inLanguage\":\"en-US\",\"@id\":\"https:\/\/promethee.earth\/en\/maritime\/#primaryimage\",\"url\":\"https:\/\/promethee.earth\/wp-content\/uploads\/2022\/10\/Maritime.png\",\"contentUrl\":\"https:\/\/promethee.earth\/wp-content\/uploads\/2022\/10\/Maritime.png\",\"width\":818,\"height\":306},{\"@type\":\"BreadcrumbList\",\"@id\":\"https:\/\/promethee.earth\/en\/maritime\/#breadcrumb\",\"itemListElement\":[{\"@type\":\"ListItem\",\"position\":1,\"name\":\"Home\",\"item\":\"https:\/\/promethee.earth\/en\/\"},{\"@type\":\"ListItem\",\"position\":2,\"name\":\"Maritime\"}]},{\"@type\":\"WebSite\",\"@id\":\"https:\/\/promethee.earth\/en\/#website\",\"url\":\"https:\/\/promethee.earth\/en\/\",\"name\":\"Prom\u00e9th\u00e9e\",\"description\":\"Op\u00e9rateur New Space de constellations de nano satellites d&#039;observation de la Terre. Rendre la Terre accessible pour tous, pour un monde plus s\u00fbr et plus durable.\",\"publisher\":{\"@id\":\"https:\/\/promethee.earth\/en\/#organization\"},\"potentialAction\":[{\"@type\":\"SearchAction\",\"target\":{\"@type\":\"EntryPoint\",\"urlTemplate\":\"https:\/\/promethee.earth\/en\/?s={search_term_string}\"},\"query-input\":{\"@type\":\"PropertyValueSpecification\",\"valueRequired\":true,\"valueName\":\"search_term_string\"}}],\"inLanguage\":\"en-US\"},{\"@type\":\"Organization\",\"@id\":\"https:\/\/promethee.earth\/en\/#organization\",\"name\":\"Prom\u00e9th\u00e9e Earth Intelligence\",\"url\":\"https:\/\/promethee.earth\/en\/\",\"logo\":{\"@type\":\"ImageObject\",\"inLanguage\":\"en-US\",\"@id\":\"https:\/\/promethee.earth\/en\/#\/schema\/logo\/image\/\",\"url\":\"https:\/\/promethee.earth\/wp-content\/uploads\/2023\/06\/cropped-LOGO_PROMETHEE_EARTH_INTEL_BLANC.png\",\"contentUrl\":\"https:\/\/promethee.earth\/wp-content\/uploads\/2023\/06\/cropped-LOGO_PROMETHEE_EARTH_INTEL_BLANC.png\",\"width\":1918,\"height\":641,\"caption\":\"Prom\u00e9th\u00e9e Earth Intelligence\"},\"image\":{\"@id\":\"https:\/\/promethee.earth\/en\/#\/schema\/logo\/image\/\"}}]}<\/script>\n<!-- \/ Yoast SEO plugin. -->","yoast_head_json":{"title":"Maritime - Prom\u00e9th\u00e9e","robots":{"index":"index","follow":"follow","max-snippet":"max-snippet:-1","max-image-preview":"max-image-preview:large","max-video-preview":"max-video-preview:-1"},"canonical":"https:\/\/promethee.earth\/en\/maritime\/","og_locale":"en_US","og_type":"article","og_title":"Maritime - Prom\u00e9th\u00e9e","og_description":"Knowledge is power to act Maritime surveillance illegal fishing, maritime traffic, port management Illegal fishing or illegal, unreported and unregulated fishing represents annually about 20% of the world&#8217;s catches and generates a loss of 10 to 20 billion euros for sovereign countries not to mention their disastrous impact on ecosystems.The majority of illegal fishing takes ... Read more","og_url":"https:\/\/promethee.earth\/en\/maritime\/","og_site_name":"Prom\u00e9th\u00e9e","article_modified_time":"2023-10-12T12:14:36+00:00","og_image":[{"width":818,"height":306,"url":"https:\/\/promethee.earth\/wp-content\/uploads\/2022\/10\/Maritime.png","type":"image\/png"}],"twitter_card":"summary_large_image","twitter_misc":{"Est. reading time":"2 minutes"},"schema":{"@context":"https:\/\/schema.org","@graph":[{"@type":"WebPage","@id":"https:\/\/promethee.earth\/en\/maritime\/","url":"https:\/\/promethee.earth\/en\/maritime\/","name":"Maritime - Prom\u00e9th\u00e9e","isPartOf":{"@id":"https:\/\/promethee.earth\/en\/#website"},"primaryImageOfPage":{"@id":"https:\/\/promethee.earth\/en\/maritime\/#primaryimage"},"image":{"@id":"https:\/\/promethee.earth\/en\/maritime\/#primaryimage"},"thumbnailUrl":"https:\/\/promethee.earth\/wp-content\/uploads\/2022\/10\/Maritime.png","datePublished":"2022-10-10T20:18:30+00:00","dateModified":"2023-10-12T12:14:36+00:00","breadcrumb":{"@id":"https:\/\/promethee.earth\/en\/maritime\/#breadcrumb"},"inLanguage":"en-US","potentialAction":[{"@type":"ReadAction","target":["https:\/\/promethee.earth\/en\/maritime\/"]}]},{"@type":"ImageObject","inLanguage":"en-US","@id":"https:\/\/promethee.earth\/en\/maritime\/#primaryimage","url":"https:\/\/promethee.earth\/wp-content\/uploads\/2022\/10\/Maritime.png","contentUrl":"https:\/\/promethee.earth\/wp-content\/uploads\/2022\/10\/Maritime.png","width":818,"height":306},{"@type":"BreadcrumbList","@id":"https:\/\/promethee.earth\/en\/maritime\/#breadcrumb","itemListElement":[{"@type":"ListItem","position":1,"name":"Home","item":"https:\/\/promethee.earth\/en\/"},{"@type":"ListItem","position":2,"name":"Maritime"}]},{"@type":"WebSite","@id":"https:\/\/promethee.earth\/en\/#website","url":"https:\/\/promethee.earth\/en\/","name":"Prom\u00e9th\u00e9e","description":"Op\u00e9rateur New Space de constellations de nano satellites d&#039;observation de la Terre. Rendre la Terre accessible pour tous, pour un monde plus s\u00fbr et plus durable.","publisher":{"@id":"https:\/\/promethee.earth\/en\/#organization"},"potentialAction":[{"@type":"SearchAction","target":{"@type":"EntryPoint","urlTemplate":"https:\/\/promethee.earth\/en\/?s={search_term_string}"},"query-input":{"@type":"PropertyValueSpecification","valueRequired":true,"valueName":"search_term_string"}}],"inLanguage":"en-US"},{"@type":"Organization","@id":"https:\/\/promethee.earth\/en\/#organization","name":"Prom\u00e9th\u00e9e Earth Intelligence","url":"https:\/\/promethee.earth\/en\/","logo":{"@type":"ImageObject","inLanguage":"en-US","@id":"https:\/\/promethee.earth\/en\/#\/schema\/logo\/image\/","url":"https:\/\/promethee.earth\/wp-content\/uploads\/2023\/06\/cropped-LOGO_PROMETHEE_EARTH_INTEL_BLANC.png","contentUrl":"https:\/\/promethee.earth\/wp-content\/uploads\/2023\/06\/cropped-LOGO_PROMETHEE_EARTH_INTEL_BLANC.png","width":1918,"height":641,"caption":"Prom\u00e9th\u00e9e Earth Intelligence"},"image":{"@id":"https:\/\/promethee.earth\/en\/#\/schema\/logo\/image\/"}}]}},"_links":{"self":[{"href":"https:\/\/promethee.earth\/en\/wp-json\/wp\/v2\/pages\/2283","targetHints":{"allow":["GET"]}}],"collection":[{"href":"https:\/\/promethee.earth\/en\/wp-json\/wp\/v2\/pages"}],"about":[{"href":"https:\/\/promethee.earth\/en\/wp-json\/wp\/v2\/types\/page"}],"author":[{"embeddable":true,"href":"https:\/\/promethee.earth\/en\/wp-json\/wp\/v2\/users\/1"}],"replies":[{"embeddable":true,"href":"https:\/\/promethee.earth\/en\/wp-json\/wp\/v2\/comments?post=2283"}],"version-history":[{"count":9,"href":"https:\/\/promethee.earth\/en\/wp-json\/wp\/v2\/pages\/2283\/revisions"}],"predecessor-version":[{"id":6949,"href":"https:\/\/promethee.earth\/en\/wp-json\/wp\/v2\/pages\/2283\/revisions\/6949"}],"wp:featuredmedia":[{"embeddable":true,"href":"https:\/\/promethee.earth\/en\/wp-json\/wp\/v2\/media\/2227"}],"wp:attachment":[{"href":"https:\/\/promethee.earth\/en\/wp-json\/wp\/v2\/media?parent=2283"}],"curies":[{"name":"wp","href":"https:\/\/api.w.org\/{rel}","templated":true}]}}