{"id":2276,"date":"2022-10-21T12:58:09","date_gmt":"2022-10-21T12:58:09","guid":{"rendered":"https:\/\/promethee.earth\/legal-information\/"},"modified":"2026-04-17T08:47:36","modified_gmt":"2026-04-17T08:47:36","slug":"legal-information","status":"publish","type":"page","link":"https:\/\/promethee.earth\/en\/legal-information\/","title":{"rendered":"Legal information"},"content":{"rendered":"\t\t<div data-elementor-type=\"wp-page\" data-elementor-id=\"2276\" class=\"elementor elementor-2276 elementor-1954\" data-elementor-post-type=\"page\">\n\t\t\t\t\t\t<section data-particle_enable=\"false\" data-particle-mobile-disabled=\"false\" class=\"elementor-section elementor-top-section elementor-element elementor-element-1c6bc9e3 elementor-section-boxed elementor-section-height-default elementor-section-height-default\" data-id=\"1c6bc9e3\" data-element_type=\"section\">\n\t\t\t\t\t\t<div class=\"elementor-container elementor-column-gap-default\">\n\t\t\t\t\t<div class=\"elementor-column elementor-col-100 elementor-top-column elementor-element elementor-element-c6d0c37\" data-id=\"c6d0c37\" data-element_type=\"column\">\n\t\t\t<div class=\"elementor-widget-wrap elementor-element-populated\">\n\t\t\t\t\t\t<div class=\"elementor-element elementor-element-402f98f4 elementor-widget elementor-widget-text-editor\" data-id=\"402f98f4\" data-element_type=\"widget\" data-widget_type=\"text-editor.default\">\n\t\t\t\t\t\t\t\t\t<h2>Publisher identification<\/h2>\n<p><span style=\"color: #000000;\"><strong>PROM\u00c9TH\u00c9E<br \/><\/strong>1165 avenue Jean Ren\u00e9 Guillibert Gauthier de la Lauzi\u00e8re<\/span><br \/><span style=\"color: #000000;\">CS 20583<\/span><br \/><span style=\"color: #000000;\">13594 Aix-en-Provence CEDEX 3<\/span><\/p>\n<p><span style=\"color: #000000;\"><strong>Tel:<\/strong> 06 08 49 84 37<\/span><\/p>\n<p><span style=\"color: #000000;\"><strong>E-mail address:<\/strong> contact@promethee.earth<\/span><\/p>\n<p><span style=\"color: #000000;\">SAS with capital of \u20ac1,591.50<\/span><br \/><span style=\"color: #000000;\">R.C.S Aix-en-Provence 880 583 844- Siret 880 583 844 00035<\/span><\/p>\n<p><span style=\"color: #000000;\"><strong>Intracommunity VAT number :<\/strong> FR00880583844<\/span><\/p>\n<h2><span style=\"color: #000000;\">Responsible for the publication<\/span><\/h2>\n<p><span style=\"color: #000000;\">Florence BONETTI<\/span><\/p>\n<h2><span style=\"color: #000000;\">Agency<\/span><\/h2>\n<p><span style=\"color: #000000;\">1st Contact<\/span><\/p>\n<h2><span style=\"color: #000000;\">Hosting<\/span><\/h2>\n<p><span style=\"color: #000000;\">OVH<\/span><br \/><span style=\"color: #000000;\">2 rue Kellermann &#8211; 59100 Roubaix &#8211; France<\/span><br \/><span style=\"color: #000000;\">Website : www.ovh.com<\/span><\/p>\n\t\t\t\t\t\t\t\t<\/div>\n\t\t\t\t\t<\/div>\n\t\t<\/div>\n\t\t\t\t\t<\/div>\n\t\t<\/section>\n\t\t\t\t<\/div>\n\t\t","protected":false},"excerpt":{"rendered":"<p>Publisher identification PROM\u00c9TH\u00c9E1165 avenue Jean Ren\u00e9 Guillibert Gauthier de la Lauzi\u00e8reCS 2058313594 Aix-en-Provence CEDEX 3 Tel: 06 08 49 84 37 E-mail address: contact@promethee.earth SAS with capital of \u20ac1,591.50R.C.S Aix-en-Provence 880 583 844- Siret 880 583 844 00035 Intracommunity VAT number : FR00880583844 Responsible for the publication Florence BONETTI Agency 1st Contact Hosting OVH2 rue &#8230; <a title=\"Legal information\" class=\"read-more\" href=\"https:\/\/promethee.earth\/en\/legal-information\/\" aria-label=\"Read more about Legal information\">Read more<\/a><\/p>\n","protected":false},"author":1,"featured_media":0,"parent":0,"menu_order":0,"comment_status":"closed","ping_status":"closed","template":"","meta":{"footnotes":""},"class_list":["post-2276","page","type-page","status-publish"],"yoast_head":"<!-- This site is optimized with the Yoast SEO plugin v26.8 - https:\/\/yoast.com\/product\/yoast-seo-wordpress\/ -->\n<title>Legal information - Prom\u00e9th\u00e9e<\/title>\n<meta name=\"robots\" content=\"index, follow, max-snippet:-1, max-image-preview:large, max-video-preview:-1\" \/>\n<link rel=\"canonical\" href=\"https:\/\/promethee.earth\/en\/legal-information\/\" \/>\n<meta property=\"og:locale\" content=\"en_US\" \/>\n<meta property=\"og:type\" content=\"article\" \/>\n<meta property=\"og:title\" content=\"Legal information - Prom\u00e9th\u00e9e\" \/>\n<meta property=\"og:description\" content=\"Publisher identification PROM\u00c9TH\u00c9E1165 avenue Jean Ren\u00e9 Guillibert Gauthier de la Lauzi\u00e8reCS 2058313594 Aix-en-Provence CEDEX 3 Tel: 06 08 49 84 37 E-mail address: contact@promethee.earth SAS with capital of \u20ac1,591.50R.C.S Aix-en-Provence 880 583 844- Siret 880 583 844 00035 Intracommunity VAT number : FR00880583844 Responsible for the publication Florence BONETTI Agency 1st Contact Hosting OVH2 rue ... Read more\" \/>\n<meta property=\"og:url\" content=\"https:\/\/promethee.earth\/en\/legal-information\/\" \/>\n<meta property=\"og:site_name\" content=\"Prom\u00e9th\u00e9e\" \/>\n<meta property=\"article:modified_time\" content=\"2026-04-17T08:47:36+00:00\" \/>\n<meta name=\"twitter:card\" content=\"summary_large_image\" \/>\n<meta name=\"twitter:label1\" content=\"Est. reading time\" \/>\n\t<meta name=\"twitter:data1\" content=\"1 minute\" \/>\n<script type=\"application\/ld+json\" class=\"yoast-schema-graph\">{\"@context\":\"https:\/\/schema.org\",\"@graph\":[{\"@type\":\"WebPage\",\"@id\":\"https:\/\/promethee.earth\/en\/legal-information\/\",\"url\":\"https:\/\/promethee.earth\/en\/legal-information\/\",\"name\":\"Legal information - Prom\u00e9th\u00e9e\",\"isPartOf\":{\"@id\":\"https:\/\/promethee.earth\/en\/#website\"},\"datePublished\":\"2022-10-21T12:58:09+00:00\",\"dateModified\":\"2026-04-17T08:47:36+00:00\",\"breadcrumb\":{\"@id\":\"https:\/\/promethee.earth\/en\/legal-information\/#breadcrumb\"},\"inLanguage\":\"en-US\",\"potentialAction\":[{\"@type\":\"ReadAction\",\"target\":[\"https:\/\/promethee.earth\/en\/legal-information\/\"]}]},{\"@type\":\"BreadcrumbList\",\"@id\":\"https:\/\/promethee.earth\/en\/legal-information\/#breadcrumb\",\"itemListElement\":[{\"@type\":\"ListItem\",\"position\":1,\"name\":\"Home\",\"item\":\"https:\/\/promethee.earth\/en\/\"},{\"@type\":\"ListItem\",\"position\":2,\"name\":\"Legal information\"}]},{\"@type\":\"WebSite\",\"@id\":\"https:\/\/promethee.earth\/en\/#website\",\"url\":\"https:\/\/promethee.earth\/en\/\",\"name\":\"Prom\u00e9th\u00e9e\",\"description\":\"Op\u00e9rateur New Space de constellations de nano satellites d&#039;observation de la Terre. Rendre la Terre accessible pour tous, pour un monde plus s\u00fbr et plus durable.\",\"publisher\":{\"@id\":\"https:\/\/promethee.earth\/en\/#organization\"},\"potentialAction\":[{\"@type\":\"SearchAction\",\"target\":{\"@type\":\"EntryPoint\",\"urlTemplate\":\"https:\/\/promethee.earth\/en\/?s={search_term_string}\"},\"query-input\":{\"@type\":\"PropertyValueSpecification\",\"valueRequired\":true,\"valueName\":\"search_term_string\"}}],\"inLanguage\":\"en-US\"},{\"@type\":\"Organization\",\"@id\":\"https:\/\/promethee.earth\/en\/#organization\",\"name\":\"Prom\u00e9th\u00e9e Earth Intelligence\",\"url\":\"https:\/\/promethee.earth\/en\/\",\"logo\":{\"@type\":\"ImageObject\",\"inLanguage\":\"en-US\",\"@id\":\"https:\/\/promethee.earth\/en\/#\/schema\/logo\/image\/\",\"url\":\"https:\/\/promethee.earth\/wp-content\/uploads\/2023\/06\/cropped-LOGO_PROMETHEE_EARTH_INTEL_BLANC.png\",\"contentUrl\":\"https:\/\/promethee.earth\/wp-content\/uploads\/2023\/06\/cropped-LOGO_PROMETHEE_EARTH_INTEL_BLANC.png\",\"width\":1918,\"height\":641,\"caption\":\"Prom\u00e9th\u00e9e Earth Intelligence\"},\"image\":{\"@id\":\"https:\/\/promethee.earth\/en\/#\/schema\/logo\/image\/\"}}]}<\/script>\n<!-- \/ Yoast SEO plugin. -->","yoast_head_json":{"title":"Legal information - Prom\u00e9th\u00e9e","robots":{"index":"index","follow":"follow","max-snippet":"max-snippet:-1","max-image-preview":"max-image-preview:large","max-video-preview":"max-video-preview:-1"},"canonical":"https:\/\/promethee.earth\/en\/legal-information\/","og_locale":"en_US","og_type":"article","og_title":"Legal information - Prom\u00e9th\u00e9e","og_description":"Publisher identification PROM\u00c9TH\u00c9E1165 avenue Jean Ren\u00e9 Guillibert Gauthier de la Lauzi\u00e8reCS 2058313594 Aix-en-Provence CEDEX 3 Tel: 06 08 49 84 37 E-mail address: contact@promethee.earth SAS with capital of \u20ac1,591.50R.C.S Aix-en-Provence 880 583 844- Siret 880 583 844 00035 Intracommunity VAT number : FR00880583844 Responsible for the publication Florence BONETTI Agency 1st Contact Hosting OVH2 rue ... Read more","og_url":"https:\/\/promethee.earth\/en\/legal-information\/","og_site_name":"Prom\u00e9th\u00e9e","article_modified_time":"2026-04-17T08:47:36+00:00","twitter_card":"summary_large_image","twitter_misc":{"Est. reading time":"1 minute"},"schema":{"@context":"https:\/\/schema.org","@graph":[{"@type":"WebPage","@id":"https:\/\/promethee.earth\/en\/legal-information\/","url":"https:\/\/promethee.earth\/en\/legal-information\/","name":"Legal information - Prom\u00e9th\u00e9e","isPartOf":{"@id":"https:\/\/promethee.earth\/en\/#website"},"datePublished":"2022-10-21T12:58:09+00:00","dateModified":"2026-04-17T08:47:36+00:00","breadcrumb":{"@id":"https:\/\/promethee.earth\/en\/legal-information\/#breadcrumb"},"inLanguage":"en-US","potentialAction":[{"@type":"ReadAction","target":["https:\/\/promethee.earth\/en\/legal-information\/"]}]},{"@type":"BreadcrumbList","@id":"https:\/\/promethee.earth\/en\/legal-information\/#breadcrumb","itemListElement":[{"@type":"ListItem","position":1,"name":"Home","item":"https:\/\/promethee.earth\/en\/"},{"@type":"ListItem","position":2,"name":"Legal information"}]},{"@type":"WebSite","@id":"https:\/\/promethee.earth\/en\/#website","url":"https:\/\/promethee.earth\/en\/","name":"Prom\u00e9th\u00e9e","description":"Op\u00e9rateur New Space de constellations de nano satellites d&#039;observation de la Terre. Rendre la Terre accessible pour tous, pour un monde plus s\u00fbr et plus durable.","publisher":{"@id":"https:\/\/promethee.earth\/en\/#organization"},"potentialAction":[{"@type":"SearchAction","target":{"@type":"EntryPoint","urlTemplate":"https:\/\/promethee.earth\/en\/?s={search_term_string}"},"query-input":{"@type":"PropertyValueSpecification","valueRequired":true,"valueName":"search_term_string"}}],"inLanguage":"en-US"},{"@type":"Organization","@id":"https:\/\/promethee.earth\/en\/#organization","name":"Prom\u00e9th\u00e9e Earth Intelligence","url":"https:\/\/promethee.earth\/en\/","logo":{"@type":"ImageObject","inLanguage":"en-US","@id":"https:\/\/promethee.earth\/en\/#\/schema\/logo\/image\/","url":"https:\/\/promethee.earth\/wp-content\/uploads\/2023\/06\/cropped-LOGO_PROMETHEE_EARTH_INTEL_BLANC.png","contentUrl":"https:\/\/promethee.earth\/wp-content\/uploads\/2023\/06\/cropped-LOGO_PROMETHEE_EARTH_INTEL_BLANC.png","width":1918,"height":641,"caption":"Prom\u00e9th\u00e9e Earth Intelligence"},"image":{"@id":"https:\/\/promethee.earth\/en\/#\/schema\/logo\/image\/"}}]}},"_links":{"self":[{"href":"https:\/\/promethee.earth\/en\/wp-json\/wp\/v2\/pages\/2276","targetHints":{"allow":["GET"]}}],"collection":[{"href":"https:\/\/promethee.earth\/en\/wp-json\/wp\/v2\/pages"}],"about":[{"href":"https:\/\/promethee.earth\/en\/wp-json\/wp\/v2\/types\/page"}],"author":[{"embeddable":true,"href":"https:\/\/promethee.earth\/en\/wp-json\/wp\/v2\/users\/1"}],"replies":[{"embeddable":true,"href":"https:\/\/promethee.earth\/en\/wp-json\/wp\/v2\/comments?post=2276"}],"version-history":[{"count":8,"href":"https:\/\/promethee.earth\/en\/wp-json\/wp\/v2\/pages\/2276\/revisions"}],"predecessor-version":[{"id":11881,"href":"https:\/\/promethee.earth\/en\/wp-json\/wp\/v2\/pages\/2276\/revisions\/11881"}],"wp:attachment":[{"href":"https:\/\/promethee.earth\/en\/wp-json\/wp\/v2\/media?parent=2276"}],"curies":[{"name":"wp","href":"https:\/\/api.w.org\/{rel}","templated":true}]}}