{"id":2275,"date":"2022-10-10T21:22:59","date_gmt":"2022-10-10T21:22:59","guid":{"rendered":"https:\/\/promethee.earth\/space-sovereignty\/"},"modified":"2022-10-26T07:30:49","modified_gmt":"2022-10-26T07:30:49","slug":"space-sovereignty","status":"publish","type":"page","link":"https:\/\/promethee.earth\/en\/space-sovereignty\/","title":{"rendered":"Space Sovereignty"},"content":{"rendered":"\t\t<div data-elementor-type=\"wp-page\" data-elementor-id=\"2275\" class=\"elementor elementor-2275 elementor-1510\" data-elementor-post-type=\"page\">\n\t\t\t\t\t\t<section data-particle_enable=\"false\" data-particle-mobile-disabled=\"false\" class=\"elementor-section elementor-top-section elementor-element elementor-element-55c60f0 elementor-section-full_width elementor-section-height-default elementor-section-height-default\" data-id=\"55c60f0\" data-element_type=\"section\">\n\t\t\t\t\t\t<div class=\"elementor-container elementor-column-gap-default\">\n\t\t\t\t\t<div class=\"elementor-column elementor-col-100 elementor-top-column elementor-element elementor-element-a258d37\" data-id=\"a258d37\" data-element_type=\"column\" data-settings=\"{&quot;background_background&quot;:&quot;classic&quot;}\">\n\t\t\t<div class=\"elementor-widget-wrap elementor-element-populated\">\n\t\t\t\t\t\t<div class=\"elementor-element elementor-element-5214ee6 elementor-widget elementor-widget-heading\" data-id=\"5214ee6\" data-element_type=\"widget\" data-widget_type=\"heading.default\">\n\t\t\t\t\t<div class=\"elementor-heading-title elementor-size-default\">Space Sovereignty<\/div>\t\t\t\t<\/div>\n\t\t\t\t<div class=\"elementor-element elementor-element-1eba091 elementor-widget elementor-widget-breadcrumbs\" data-id=\"1eba091\" data-element_type=\"widget\" data-widget_type=\"breadcrumbs.default\">\n\t\t\t\t\t<div id=\"breadcrumbs\"><span><span><a href=\"https:\/\/promethee.earth\/en\/\">Home<\/a><\/span><\/span><\/div>\t\t\t\t<\/div>\n\t\t\t\t<section data-particle_enable=\"false\" data-particle-mobile-disabled=\"false\" class=\"elementor-section elementor-inner-section elementor-element elementor-element-5bdce82 elementor-section-boxed elementor-section-height-default elementor-section-height-default\" data-id=\"5bdce82\" data-element_type=\"section\">\n\t\t\t\t\t\t<div class=\"elementor-container elementor-column-gap-default\">\n\t\t\t\t\t<div class=\"elementor-column elementor-col-100 elementor-inner-column elementor-element elementor-element-4af8242\" data-id=\"4af8242\" data-element_type=\"column\">\n\t\t\t<div class=\"elementor-widget-wrap elementor-element-populated\">\n\t\t\t\t\t\t<div class=\"elementor-element elementor-element-8898ca2 elementor-widget elementor-widget-image\" data-id=\"8898ca2\" data-element_type=\"widget\" data-widget_type=\"image.default\">\n\t\t\t\t\t\t\t\t\t\t\t\t\t\t\t<img fetchpriority=\"high\" decoding=\"async\" width=\"1024\" height=\"576\" src=\"https:\/\/promethee.earth\/wp-content\/uploads\/2022\/10\/build-Souverainete-spatiale-1024x576.png\" class=\"attachment-large size-large wp-image-1512\" alt=\"build Souverainet\u00e9 spatiale\" srcset=\"https:\/\/promethee.earth\/wp-content\/uploads\/2022\/10\/build-Souverainete-spatiale-1024x576.png 1024w, https:\/\/promethee.earth\/wp-content\/uploads\/2022\/10\/build-Souverainete-spatiale-300x169.png 300w, https:\/\/promethee.earth\/wp-content\/uploads\/2022\/10\/build-Souverainete-spatiale-768x432.png 768w, https:\/\/promethee.earth\/wp-content\/uploads\/2022\/10\/build-Souverainete-spatiale-1536x864.png 1536w, https:\/\/promethee.earth\/wp-content\/uploads\/2022\/10\/build-Souverainete-spatiale-1568x882.png 1568w, https:\/\/promethee.earth\/wp-content\/uploads\/2022\/10\/build-Souverainete-spatiale.png 1920w\" sizes=\"(max-width: 1024px) 100vw, 1024px\" \/>\t\t\t\t\t\t\t\t\t\t\t\t\t\t\t<\/div>\n\t\t\t\t<div class=\"elementor-element elementor-element-8afb21d elementor-widget elementor-widget-image\" data-id=\"8afb21d\" data-element_type=\"widget\" data-widget_type=\"image.default\">\n\t\t\t\t\t\t\t\t\t\t\t\t\t\t\t<img decoding=\"async\" width=\"1024\" height=\"576\" src=\"https:\/\/promethee.earth\/wp-content\/uploads\/2022\/10\/Souverainete-spatiale-1024x576.png\" class=\"attachment-large size-large wp-image-1513\" alt=\"Souverainet\u00e9 spatiale\" srcset=\"https:\/\/promethee.earth\/wp-content\/uploads\/2022\/10\/Souverainete-spatiale-1024x576.png 1024w, https:\/\/promethee.earth\/wp-content\/uploads\/2022\/10\/Souverainete-spatiale-300x169.png 300w, https:\/\/promethee.earth\/wp-content\/uploads\/2022\/10\/Souverainete-spatiale-768x432.png 768w, https:\/\/promethee.earth\/wp-content\/uploads\/2022\/10\/Souverainete-spatiale-1536x864.png 1536w, https:\/\/promethee.earth\/wp-content\/uploads\/2022\/10\/Souverainete-spatiale-1568x882.png 1568w, https:\/\/promethee.earth\/wp-content\/uploads\/2022\/10\/Souverainete-spatiale.png 1920w\" sizes=\"(max-width: 1024px) 100vw, 1024px\" \/>\t\t\t\t\t\t\t\t\t\t\t\t\t\t\t<\/div>\n\t\t\t\t\t<\/div>\n\t\t<\/div>\n\t\t\t\t\t<\/div>\n\t\t<\/section>\n\t\t\t\t\t<\/div>\n\t\t<\/div>\n\t\t\t\t\t<\/div>\n\t\t<\/section>\n\t\t\t\t<\/div>\n\t\t","protected":false},"excerpt":{"rendered":"","protected":false},"author":1,"featured_media":0,"parent":0,"menu_order":0,"comment_status":"closed","ping_status":"closed","template":"elementor_header_footer","meta":{"footnotes":""},"class_list":["post-2275","page","type-page","status-publish"],"yoast_head":"<!-- This site is optimized with the Yoast SEO plugin v26.8 - https:\/\/yoast.com\/product\/yoast-seo-wordpress\/ -->\n<title>Space Sovereignty - Prom\u00e9th\u00e9e<\/title>\n<meta name=\"robots\" content=\"index, follow, max-snippet:-1, max-image-preview:large, max-video-preview:-1\" \/>\n<link rel=\"canonical\" href=\"https:\/\/promethee.earth\/en\/space-sovereignty\/\" \/>\n<meta property=\"og:locale\" content=\"en_US\" \/>\n<meta property=\"og:type\" content=\"article\" \/>\n<meta property=\"og:title\" content=\"Space Sovereignty - Prom\u00e9th\u00e9e\" \/>\n<meta property=\"og:url\" content=\"https:\/\/promethee.earth\/en\/space-sovereignty\/\" \/>\n<meta property=\"og:site_name\" content=\"Prom\u00e9th\u00e9e\" \/>\n<meta property=\"article:modified_time\" content=\"2022-10-26T07:30:49+00:00\" \/>\n<meta property=\"og:image\" content=\"https:\/\/promethee.earth\/wp-content\/uploads\/2022\/10\/build-Souverainete-spatiale-1024x576.png\" \/>\n<meta name=\"twitter:card\" content=\"summary_large_image\" \/>\n<meta name=\"twitter:label1\" content=\"Est. reading time\" \/>\n\t<meta name=\"twitter:data1\" content=\"1 minute\" \/>\n<script type=\"application\/ld+json\" class=\"yoast-schema-graph\">{\"@context\":\"https:\/\/schema.org\",\"@graph\":[{\"@type\":\"WebPage\",\"@id\":\"https:\/\/promethee.earth\/en\/space-sovereignty\/\",\"url\":\"https:\/\/promethee.earth\/en\/space-sovereignty\/\",\"name\":\"Space Sovereignty - Prom\u00e9th\u00e9e\",\"isPartOf\":{\"@id\":\"https:\/\/promethee.earth\/en\/#website\"},\"primaryImageOfPage\":{\"@id\":\"https:\/\/promethee.earth\/en\/space-sovereignty\/#primaryimage\"},\"image\":{\"@id\":\"https:\/\/promethee.earth\/en\/space-sovereignty\/#primaryimage\"},\"thumbnailUrl\":\"https:\/\/promethee.earth\/wp-content\/uploads\/2022\/10\/build-Souverainete-spatiale-1024x576.png\",\"datePublished\":\"2022-10-10T21:22:59+00:00\",\"dateModified\":\"2022-10-26T07:30:49+00:00\",\"breadcrumb\":{\"@id\":\"https:\/\/promethee.earth\/en\/space-sovereignty\/#breadcrumb\"},\"inLanguage\":\"en-US\",\"potentialAction\":[{\"@type\":\"ReadAction\",\"target\":[\"https:\/\/promethee.earth\/en\/space-sovereignty\/\"]}]},{\"@type\":\"ImageObject\",\"inLanguage\":\"en-US\",\"@id\":\"https:\/\/promethee.earth\/en\/space-sovereignty\/#primaryimage\",\"url\":\"https:\/\/promethee.earth\/wp-content\/uploads\/2022\/10\/build-Souverainete-spatiale-1024x576.png\",\"contentUrl\":\"https:\/\/promethee.earth\/wp-content\/uploads\/2022\/10\/build-Souverainete-spatiale-1024x576.png\"},{\"@type\":\"BreadcrumbList\",\"@id\":\"https:\/\/promethee.earth\/en\/space-sovereignty\/#breadcrumb\",\"itemListElement\":[{\"@type\":\"ListItem\",\"position\":1,\"name\":\"Home\",\"item\":\"https:\/\/promethee.earth\/en\/\"},{\"@type\":\"ListItem\",\"position\":2,\"name\":\"Space Sovereignty\"}]},{\"@type\":\"WebSite\",\"@id\":\"https:\/\/promethee.earth\/en\/#website\",\"url\":\"https:\/\/promethee.earth\/en\/\",\"name\":\"Prom\u00e9th\u00e9e\",\"description\":\"Op\u00e9rateur New Space de constellations de nano satellites d&#039;observation de la Terre. Rendre la Terre accessible pour tous, pour un monde plus s\u00fbr et plus durable.\",\"publisher\":{\"@id\":\"https:\/\/promethee.earth\/en\/#organization\"},\"potentialAction\":[{\"@type\":\"SearchAction\",\"target\":{\"@type\":\"EntryPoint\",\"urlTemplate\":\"https:\/\/promethee.earth\/en\/?s={search_term_string}\"},\"query-input\":{\"@type\":\"PropertyValueSpecification\",\"valueRequired\":true,\"valueName\":\"search_term_string\"}}],\"inLanguage\":\"en-US\"},{\"@type\":\"Organization\",\"@id\":\"https:\/\/promethee.earth\/en\/#organization\",\"name\":\"Prom\u00e9th\u00e9e Earth Intelligence\",\"url\":\"https:\/\/promethee.earth\/en\/\",\"logo\":{\"@type\":\"ImageObject\",\"inLanguage\":\"en-US\",\"@id\":\"https:\/\/promethee.earth\/en\/#\/schema\/logo\/image\/\",\"url\":\"https:\/\/promethee.earth\/wp-content\/uploads\/2023\/06\/cropped-LOGO_PROMETHEE_EARTH_INTEL_BLANC.png\",\"contentUrl\":\"https:\/\/promethee.earth\/wp-content\/uploads\/2023\/06\/cropped-LOGO_PROMETHEE_EARTH_INTEL_BLANC.png\",\"width\":1918,\"height\":641,\"caption\":\"Prom\u00e9th\u00e9e Earth Intelligence\"},\"image\":{\"@id\":\"https:\/\/promethee.earth\/en\/#\/schema\/logo\/image\/\"}}]}<\/script>\n<!-- \/ Yoast SEO plugin. -->","yoast_head_json":{"title":"Space Sovereignty - Prom\u00e9th\u00e9e","robots":{"index":"index","follow":"follow","max-snippet":"max-snippet:-1","max-image-preview":"max-image-preview:large","max-video-preview":"max-video-preview:-1"},"canonical":"https:\/\/promethee.earth\/en\/space-sovereignty\/","og_locale":"en_US","og_type":"article","og_title":"Space Sovereignty - Prom\u00e9th\u00e9e","og_url":"https:\/\/promethee.earth\/en\/space-sovereignty\/","og_site_name":"Prom\u00e9th\u00e9e","article_modified_time":"2022-10-26T07:30:49+00:00","og_image":[{"url":"https:\/\/promethee.earth\/wp-content\/uploads\/2022\/10\/build-Souverainete-spatiale-1024x576.png","type":"","width":"","height":""}],"twitter_card":"summary_large_image","twitter_misc":{"Est. reading time":"1 minute"},"schema":{"@context":"https:\/\/schema.org","@graph":[{"@type":"WebPage","@id":"https:\/\/promethee.earth\/en\/space-sovereignty\/","url":"https:\/\/promethee.earth\/en\/space-sovereignty\/","name":"Space Sovereignty - Prom\u00e9th\u00e9e","isPartOf":{"@id":"https:\/\/promethee.earth\/en\/#website"},"primaryImageOfPage":{"@id":"https:\/\/promethee.earth\/en\/space-sovereignty\/#primaryimage"},"image":{"@id":"https:\/\/promethee.earth\/en\/space-sovereignty\/#primaryimage"},"thumbnailUrl":"https:\/\/promethee.earth\/wp-content\/uploads\/2022\/10\/build-Souverainete-spatiale-1024x576.png","datePublished":"2022-10-10T21:22:59+00:00","dateModified":"2022-10-26T07:30:49+00:00","breadcrumb":{"@id":"https:\/\/promethee.earth\/en\/space-sovereignty\/#breadcrumb"},"inLanguage":"en-US","potentialAction":[{"@type":"ReadAction","target":["https:\/\/promethee.earth\/en\/space-sovereignty\/"]}]},{"@type":"ImageObject","inLanguage":"en-US","@id":"https:\/\/promethee.earth\/en\/space-sovereignty\/#primaryimage","url":"https:\/\/promethee.earth\/wp-content\/uploads\/2022\/10\/build-Souverainete-spatiale-1024x576.png","contentUrl":"https:\/\/promethee.earth\/wp-content\/uploads\/2022\/10\/build-Souverainete-spatiale-1024x576.png"},{"@type":"BreadcrumbList","@id":"https:\/\/promethee.earth\/en\/space-sovereignty\/#breadcrumb","itemListElement":[{"@type":"ListItem","position":1,"name":"Home","item":"https:\/\/promethee.earth\/en\/"},{"@type":"ListItem","position":2,"name":"Space Sovereignty"}]},{"@type":"WebSite","@id":"https:\/\/promethee.earth\/en\/#website","url":"https:\/\/promethee.earth\/en\/","name":"Prom\u00e9th\u00e9e","description":"Op\u00e9rateur New Space de constellations de nano satellites d&#039;observation de la Terre. Rendre la Terre accessible pour tous, pour un monde plus s\u00fbr et plus durable.","publisher":{"@id":"https:\/\/promethee.earth\/en\/#organization"},"potentialAction":[{"@type":"SearchAction","target":{"@type":"EntryPoint","urlTemplate":"https:\/\/promethee.earth\/en\/?s={search_term_string}"},"query-input":{"@type":"PropertyValueSpecification","valueRequired":true,"valueName":"search_term_string"}}],"inLanguage":"en-US"},{"@type":"Organization","@id":"https:\/\/promethee.earth\/en\/#organization","name":"Prom\u00e9th\u00e9e Earth Intelligence","url":"https:\/\/promethee.earth\/en\/","logo":{"@type":"ImageObject","inLanguage":"en-US","@id":"https:\/\/promethee.earth\/en\/#\/schema\/logo\/image\/","url":"https:\/\/promethee.earth\/wp-content\/uploads\/2023\/06\/cropped-LOGO_PROMETHEE_EARTH_INTEL_BLANC.png","contentUrl":"https:\/\/promethee.earth\/wp-content\/uploads\/2023\/06\/cropped-LOGO_PROMETHEE_EARTH_INTEL_BLANC.png","width":1918,"height":641,"caption":"Prom\u00e9th\u00e9e Earth Intelligence"},"image":{"@id":"https:\/\/promethee.earth\/en\/#\/schema\/logo\/image\/"}}]}},"_links":{"self":[{"href":"https:\/\/promethee.earth\/en\/wp-json\/wp\/v2\/pages\/2275","targetHints":{"allow":["GET"]}}],"collection":[{"href":"https:\/\/promethee.earth\/en\/wp-json\/wp\/v2\/pages"}],"about":[{"href":"https:\/\/promethee.earth\/en\/wp-json\/wp\/v2\/types\/page"}],"author":[{"embeddable":true,"href":"https:\/\/promethee.earth\/en\/wp-json\/wp\/v2\/users\/1"}],"replies":[{"embeddable":true,"href":"https:\/\/promethee.earth\/en\/wp-json\/wp\/v2\/comments?post=2275"}],"version-history":[{"count":12,"href":"https:\/\/promethee.earth\/en\/wp-json\/wp\/v2\/pages\/2275\/revisions"}],"predecessor-version":[{"id":2508,"href":"https:\/\/promethee.earth\/en\/wp-json\/wp\/v2\/pages\/2275\/revisions\/2508"}],"wp:attachment":[{"href":"https:\/\/promethee.earth\/en\/wp-json\/wp\/v2\/media?parent=2275"}],"curies":[{"name":"wp","href":"https:\/\/api.w.org\/{rel}","templated":true}]}}