{"id":2271,"date":"2022-10-10T20:28:55","date_gmt":"2022-10-10T20:28:55","guid":{"rendered":"https:\/\/promethee.earth\/health\/"},"modified":"2023-09-20T13:55:28","modified_gmt":"2023-09-20T13:55:28","slug":"health","status":"publish","type":"page","link":"https:\/\/promethee.earth\/en\/health\/","title":{"rendered":"Health"},"content":{"rendered":"\t\t<div data-elementor-type=\"wp-page\" data-elementor-id=\"2271\" class=\"elementor elementor-2271 elementor-1400\" data-elementor-post-type=\"page\">\n\t\t\t\t\t\t<section data-particle_enable=\"false\" data-particle-mobile-disabled=\"false\" class=\"elementor-section elementor-top-section elementor-element elementor-element-a4f98ab elementor-section-full_width elementor-section-height-default elementor-section-height-default\" data-id=\"a4f98ab\" data-element_type=\"section\">\n\t\t\t\t\t\t<div class=\"elementor-container elementor-column-gap-default\">\n\t\t\t\t\t<div class=\"elementor-column elementor-col-100 elementor-top-column elementor-element elementor-element-161f74d\" data-id=\"161f74d\" data-element_type=\"column\" data-settings=\"{&quot;background_background&quot;:&quot;classic&quot;}\">\n\t\t\t<div class=\"elementor-widget-wrap elementor-element-populated\">\n\t\t\t\t\t\t<div class=\"elementor-element elementor-element-8aacf67 elementor-widget elementor-widget-text-editor\" data-id=\"8aacf67\" data-element_type=\"widget\" data-widget_type=\"text-editor.default\">\n\t\t\t\t\t\t\t\t\t<p>Knowledge is power to act<\/p>\n\t\t\t\t\t\t\t\t<\/div>\n\t\t\t\t<div class=\"elementor-element elementor-element-4804c5a elementor-widget elementor-widget-heading\" data-id=\"4804c5a\" data-element_type=\"widget\" data-widget_type=\"heading.default\">\n\t\t\t\t\t<div class=\"elementor-heading-title elementor-size-default\">Health<\/div>\t\t\t\t<\/div>\n\t\t\t\t<div class=\"elementor-element elementor-element-2323b5c elementor-widget elementor-widget-breadcrumbs\" data-id=\"2323b5c\" data-element_type=\"widget\" data-widget_type=\"breadcrumbs.default\">\n\t\t\t\t\t<div id=\"breadcrumbs\"><span><span><a href=\"https:\/\/promethee.earth\/en\/\">Home<\/a><\/span><\/span><\/div>\t\t\t\t<\/div>\n\t\t\t\t<section data-particle_enable=\"false\" data-particle-mobile-disabled=\"false\" class=\"elementor-section elementor-inner-section elementor-element elementor-element-fc13a12 elementor-section-full_width elementor-section-height-default elementor-section-height-default\" data-id=\"fc13a12\" data-element_type=\"section\">\n\t\t\t\t\t\t<div class=\"elementor-container elementor-column-gap-default\">\n\t\t\t\t\t<div class=\"elementor-column elementor-col-33 elementor-inner-column elementor-element elementor-element-e1c39e7\" data-id=\"e1c39e7\" data-element_type=\"column\" data-settings=\"{&quot;background_background&quot;:&quot;classic&quot;}\">\n\t\t\t<div class=\"elementor-widget-wrap elementor-element-populated\">\n\t\t\t\t\t\t<div class=\"elementor-element elementor-element-b354a35 elementor-nav-menu__align-start elementor-nav-menu--dropdown-tablet elementor-nav-menu__text-align-aside elementor-nav-menu--toggle elementor-nav-menu--burger elementor-widget elementor-widget-nav-menu\" data-id=\"b354a35\" data-element_type=\"widget\" data-settings=\"{&quot;layout&quot;:&quot;horizontal&quot;,&quot;submenu_icon&quot;:{&quot;value&quot;:&quot;&lt;i class=\\&quot;fas fa-caret-down\\&quot; aria-hidden=\\&quot;true\\&quot;&gt;&lt;\\\/i&gt;&quot;,&quot;library&quot;:&quot;fa-solid&quot;},&quot;toggle&quot;:&quot;burger&quot;}\" data-widget_type=\"nav-menu.default\">\n\t\t\t\t\t\t\t\t<nav aria-label=\"Menu\" class=\"elementor-nav-menu--main elementor-nav-menu__container elementor-nav-menu--layout-horizontal e--pointer-none\">\n\t\t\t\t<ul id=\"menu-1-b354a35\" class=\"elementor-nav-menu\"><li class=\"menu-item menu-item-type-post_type menu-item-object-page menu-item-6028\"><a href=\"https:\/\/promethee.earth\/en\/natural-disasters\/\" class=\"elementor-item\">Natural disasters<\/a><\/li>\n<li class=\"menu-item menu-item-type-post_type menu-item-object-page menu-item-6029\"><a href=\"https:\/\/promethee.earth\/en\/resource-management\/\" class=\"elementor-item\">Resource management<\/a><\/li>\n<li class=\"menu-item menu-item-type-post_type menu-item-object-page menu-item-6030\"><a href=\"https:\/\/promethee.earth\/en\/land-use-planning\/\" class=\"elementor-item\">Land use planning<\/a><\/li>\n<li class=\"menu-item menu-item-type-post_type menu-item-object-page menu-item-6031\"><a href=\"https:\/\/promethee.earth\/en\/forest-monitoring\/\" class=\"elementor-item\">Forest monitoring<\/a><\/li>\n<li class=\"menu-item menu-item-type-post_type menu-item-object-page menu-item-6032\"><a href=\"https:\/\/promethee.earth\/en\/security\/\" class=\"elementor-item\">Security<\/a><\/li>\n<li class=\"menu-item menu-item-type-post_type menu-item-object-page menu-item-6033\"><a href=\"https:\/\/promethee.earth\/en\/maritime\/\" class=\"elementor-item\">Maritime<\/a><\/li>\n<li class=\"menu-item menu-item-type-post_type menu-item-object-page menu-item-6034\"><a href=\"https:\/\/promethee.earth\/en\/pollution\/\" class=\"elementor-item\">Pollution<\/a><\/li>\n<li class=\"menu-item menu-item-type-post_type menu-item-object-page menu-item-6035\"><a href=\"https:\/\/promethee.earth\/en\/health\/\" class=\"elementor-item\">Health<\/a><\/li>\n<\/ul>\t\t\t<\/nav>\n\t\t\t\t\t<div class=\"elementor-menu-toggle\" role=\"button\" tabindex=\"0\" aria-label=\"Menu Toggle\" aria-expanded=\"false\">\n\t\t\t<i aria-hidden=\"true\" role=\"presentation\" class=\"elementor-menu-toggle__icon--open eicon-menu-bar\"><\/i><i aria-hidden=\"true\" role=\"presentation\" class=\"elementor-menu-toggle__icon--close eicon-close\"><\/i>\t\t<\/div>\n\t\t\t\t\t<nav class=\"elementor-nav-menu--dropdown elementor-nav-menu__container\" aria-hidden=\"true\">\n\t\t\t\t<ul id=\"menu-2-b354a35\" class=\"elementor-nav-menu\"><li class=\"menu-item menu-item-type-post_type menu-item-object-page menu-item-6028\"><a href=\"https:\/\/promethee.earth\/en\/natural-disasters\/\" class=\"elementor-item\" tabindex=\"-1\">Natural disasters<\/a><\/li>\n<li class=\"menu-item menu-item-type-post_type menu-item-object-page menu-item-6029\"><a href=\"https:\/\/promethee.earth\/en\/resource-management\/\" class=\"elementor-item\" tabindex=\"-1\">Resource management<\/a><\/li>\n<li class=\"menu-item menu-item-type-post_type menu-item-object-page menu-item-6030\"><a href=\"https:\/\/promethee.earth\/en\/land-use-planning\/\" class=\"elementor-item\" tabindex=\"-1\">Land use planning<\/a><\/li>\n<li class=\"menu-item menu-item-type-post_type menu-item-object-page menu-item-6031\"><a href=\"https:\/\/promethee.earth\/en\/forest-monitoring\/\" class=\"elementor-item\" tabindex=\"-1\">Forest monitoring<\/a><\/li>\n<li class=\"menu-item menu-item-type-post_type menu-item-object-page menu-item-6032\"><a href=\"https:\/\/promethee.earth\/en\/security\/\" class=\"elementor-item\" tabindex=\"-1\">Security<\/a><\/li>\n<li class=\"menu-item menu-item-type-post_type menu-item-object-page menu-item-6033\"><a href=\"https:\/\/promethee.earth\/en\/maritime\/\" class=\"elementor-item\" tabindex=\"-1\">Maritime<\/a><\/li>\n<li class=\"menu-item menu-item-type-post_type menu-item-object-page menu-item-6034\"><a href=\"https:\/\/promethee.earth\/en\/pollution\/\" class=\"elementor-item\" tabindex=\"-1\">Pollution<\/a><\/li>\n<li class=\"menu-item menu-item-type-post_type menu-item-object-page menu-item-6035\"><a href=\"https:\/\/promethee.earth\/en\/health\/\" class=\"elementor-item\" tabindex=\"-1\">Health<\/a><\/li>\n<\/ul>\t\t\t<\/nav>\n\t\t\t\t\t\t<\/div>\n\t\t\t\t\t<\/div>\n\t\t<\/div>\n\t\t\t\t<div class=\"elementor-column elementor-col-66 elementor-inner-column elementor-element elementor-element-4604262\" data-id=\"4604262\" data-element_type=\"column\">\n\t\t\t<div class=\"elementor-widget-wrap elementor-element-populated\">\n\t\t\t\t\t\t<div class=\"elementor-element elementor-element-9323e8c elementor-widget elementor-widget-theme-post-featured-image elementor-widget-image\" data-id=\"9323e8c\" data-element_type=\"widget\" data-widget_type=\"theme-post-featured-image.default\">\n\t\t\t\t\t\t\t\t\t\t\t\t\t\t\t<img fetchpriority=\"high\" decoding=\"async\" width=\"1024\" height=\"638\" src=\"https:\/\/promethee.earth\/wp-content\/uploads\/2022\/10\/sante-1024x638.jpg\" class=\"attachment-large size-large wp-image-2229\" alt=\"\" srcset=\"https:\/\/promethee.earth\/wp-content\/uploads\/2022\/10\/sante-1024x638.jpg 1024w, https:\/\/promethee.earth\/wp-content\/uploads\/2022\/10\/sante-300x187.jpg 300w, https:\/\/promethee.earth\/wp-content\/uploads\/2022\/10\/sante-768x479.jpg 768w, https:\/\/promethee.earth\/wp-content\/uploads\/2022\/10\/sante-1536x957.jpg 1536w, https:\/\/promethee.earth\/wp-content\/uploads\/2022\/10\/sante-1568x977.jpg 1568w, https:\/\/promethee.earth\/wp-content\/uploads\/2022\/10\/sante.jpg 2048w\" sizes=\"(max-width: 1024px) 100vw, 1024px\" \/>\t\t\t\t\t\t\t\t\t\t\t\t\t\t\t<\/div>\n\t\t\t\t<div class=\"elementor-element elementor-element-9c07a89 elementor-widget elementor-widget-text-editor\" data-id=\"9c07a89\" data-element_type=\"widget\" data-widget_type=\"text-editor.default\">\n\t\t\t\t\t\t\t\t\t<p>The recent Covid-19 crisis has demonstrated the urgency of being able to predict and anticipate health crises. Dengue fever, yellow fever and malaria cause nearly one million deaths worldwide. Global warming brings with it the development of mosquitoes in regions previously spared and with little immunity to these diseases.<\/p><p>Prom\u00e9th\u00e9e Earth Intelligence is developing an alert database using satellite imagery to predict future epidemics of vector-borne diseases. The contribution of multispectral and hyperspectral data from the future Prom\u00e9th\u00e9e Earth Intelligence constellation, combined with external data (in-situ, weather, biodiversity, etc.) via our digital platform, allows us to establish monitoring and anticipation models for areas at risk.<\/p><p>Solutions allow Monitoring &#8211; Alerting:<\/p><ul><li>Prediction and anticipation of risk areas<\/li><li>Detection of risk areas<\/li><li>Data aggregation with ecosystem and biodiversity model<\/li><li>Warning and prevention for populations<\/li><\/ul>\t\t\t\t\t\t\t\t<\/div>\n\t\t\t\t\t<\/div>\n\t\t<\/div>\n\t\t\t\t\t<\/div>\n\t\t<\/section>\n\t\t\t\t\t<\/div>\n\t\t<\/div>\n\t\t\t\t\t<\/div>\n\t\t<\/section>\n\t\t\t\t<\/div>\n\t\t","protected":false},"excerpt":{"rendered":"<p>Knowledge is power to act The recent Covid-19 crisis has demonstrated the urgency of being able to predict and anticipate health crises. Dengue fever, yellow fever and malaria cause nearly one million deaths worldwide. Global warming brings with it the development of mosquitoes in regions previously spared and with little immunity to these diseases. Prom\u00e9th\u00e9e &#8230; <a title=\"Health\" class=\"read-more\" href=\"https:\/\/promethee.earth\/en\/health\/\" aria-label=\"Read more about Health\">Read more<\/a><\/p>\n","protected":false},"author":1,"featured_media":2229,"parent":0,"menu_order":0,"comment_status":"closed","ping_status":"closed","template":"elementor_header_footer","meta":{"footnotes":""},"class_list":["post-2271","page","type-page","status-publish","has-post-thumbnail"],"yoast_head":"<!-- This site is optimized with the Yoast SEO plugin v26.8 - https:\/\/yoast.com\/product\/yoast-seo-wordpress\/ -->\n<title>Health - Prom\u00e9th\u00e9e<\/title>\n<meta name=\"robots\" content=\"index, follow, max-snippet:-1, max-image-preview:large, max-video-preview:-1\" \/>\n<link rel=\"canonical\" href=\"https:\/\/promethee.earth\/en\/health\/\" \/>\n<meta property=\"og:locale\" content=\"en_US\" \/>\n<meta property=\"og:type\" content=\"article\" \/>\n<meta property=\"og:title\" content=\"Health - Prom\u00e9th\u00e9e\" \/>\n<meta property=\"og:description\" content=\"Knowledge is power to act The recent Covid-19 crisis has demonstrated the urgency of being able to predict and anticipate health crises. Dengue fever, yellow fever and malaria cause nearly one million deaths worldwide. Global warming brings with it the development of mosquitoes in regions previously spared and with little immunity to these diseases. Prom\u00e9th\u00e9e ... Read more\" \/>\n<meta property=\"og:url\" content=\"https:\/\/promethee.earth\/en\/health\/\" \/>\n<meta property=\"og:site_name\" content=\"Prom\u00e9th\u00e9e\" \/>\n<meta property=\"article:modified_time\" content=\"2023-09-20T13:55:28+00:00\" \/>\n<meta property=\"og:image\" content=\"https:\/\/promethee.earth\/wp-content\/uploads\/2022\/10\/sante.jpg\" \/>\n\t<meta property=\"og:image:width\" content=\"2048\" \/>\n\t<meta property=\"og:image:height\" content=\"1276\" \/>\n\t<meta property=\"og:image:type\" content=\"image\/jpeg\" \/>\n<meta name=\"twitter:card\" content=\"summary_large_image\" \/>\n<meta name=\"twitter:label1\" content=\"Est. reading time\" \/>\n\t<meta name=\"twitter:data1\" content=\"1 minute\" \/>\n<script type=\"application\/ld+json\" class=\"yoast-schema-graph\">{\"@context\":\"https:\/\/schema.org\",\"@graph\":[{\"@type\":\"WebPage\",\"@id\":\"https:\/\/promethee.earth\/en\/health\/\",\"url\":\"https:\/\/promethee.earth\/en\/health\/\",\"name\":\"Health - Prom\u00e9th\u00e9e\",\"isPartOf\":{\"@id\":\"https:\/\/promethee.earth\/en\/#website\"},\"primaryImageOfPage\":{\"@id\":\"https:\/\/promethee.earth\/en\/health\/#primaryimage\"},\"image\":{\"@id\":\"https:\/\/promethee.earth\/en\/health\/#primaryimage\"},\"thumbnailUrl\":\"https:\/\/promethee.earth\/wp-content\/uploads\/2022\/10\/sante.jpg\",\"datePublished\":\"2022-10-10T20:28:55+00:00\",\"dateModified\":\"2023-09-20T13:55:28+00:00\",\"breadcrumb\":{\"@id\":\"https:\/\/promethee.earth\/en\/health\/#breadcrumb\"},\"inLanguage\":\"en-US\",\"potentialAction\":[{\"@type\":\"ReadAction\",\"target\":[\"https:\/\/promethee.earth\/en\/health\/\"]}]},{\"@type\":\"ImageObject\",\"inLanguage\":\"en-US\",\"@id\":\"https:\/\/promethee.earth\/en\/health\/#primaryimage\",\"url\":\"https:\/\/promethee.earth\/wp-content\/uploads\/2022\/10\/sante.jpg\",\"contentUrl\":\"https:\/\/promethee.earth\/wp-content\/uploads\/2022\/10\/sante.jpg\",\"width\":2048,\"height\":1276},{\"@type\":\"BreadcrumbList\",\"@id\":\"https:\/\/promethee.earth\/en\/health\/#breadcrumb\",\"itemListElement\":[{\"@type\":\"ListItem\",\"position\":1,\"name\":\"Home\",\"item\":\"https:\/\/promethee.earth\/en\/\"},{\"@type\":\"ListItem\",\"position\":2,\"name\":\"Health\"}]},{\"@type\":\"WebSite\",\"@id\":\"https:\/\/promethee.earth\/en\/#website\",\"url\":\"https:\/\/promethee.earth\/en\/\",\"name\":\"Prom\u00e9th\u00e9e\",\"description\":\"Op\u00e9rateur New Space de constellations de nano satellites d&#039;observation de la Terre. Rendre la Terre accessible pour tous, pour un monde plus s\u00fbr et plus durable.\",\"publisher\":{\"@id\":\"https:\/\/promethee.earth\/en\/#organization\"},\"potentialAction\":[{\"@type\":\"SearchAction\",\"target\":{\"@type\":\"EntryPoint\",\"urlTemplate\":\"https:\/\/promethee.earth\/en\/?s={search_term_string}\"},\"query-input\":{\"@type\":\"PropertyValueSpecification\",\"valueRequired\":true,\"valueName\":\"search_term_string\"}}],\"inLanguage\":\"en-US\"},{\"@type\":\"Organization\",\"@id\":\"https:\/\/promethee.earth\/en\/#organization\",\"name\":\"Prom\u00e9th\u00e9e Earth Intelligence\",\"url\":\"https:\/\/promethee.earth\/en\/\",\"logo\":{\"@type\":\"ImageObject\",\"inLanguage\":\"en-US\",\"@id\":\"https:\/\/promethee.earth\/en\/#\/schema\/logo\/image\/\",\"url\":\"https:\/\/promethee.earth\/wp-content\/uploads\/2023\/06\/cropped-LOGO_PROMETHEE_EARTH_INTEL_BLANC.png\",\"contentUrl\":\"https:\/\/promethee.earth\/wp-content\/uploads\/2023\/06\/cropped-LOGO_PROMETHEE_EARTH_INTEL_BLANC.png\",\"width\":1918,\"height\":641,\"caption\":\"Prom\u00e9th\u00e9e Earth Intelligence\"},\"image\":{\"@id\":\"https:\/\/promethee.earth\/en\/#\/schema\/logo\/image\/\"}}]}<\/script>\n<!-- \/ Yoast SEO plugin. -->","yoast_head_json":{"title":"Health - Prom\u00e9th\u00e9e","robots":{"index":"index","follow":"follow","max-snippet":"max-snippet:-1","max-image-preview":"max-image-preview:large","max-video-preview":"max-video-preview:-1"},"canonical":"https:\/\/promethee.earth\/en\/health\/","og_locale":"en_US","og_type":"article","og_title":"Health - Prom\u00e9th\u00e9e","og_description":"Knowledge is power to act The recent Covid-19 crisis has demonstrated the urgency of being able to predict and anticipate health crises. Dengue fever, yellow fever and malaria cause nearly one million deaths worldwide. Global warming brings with it the development of mosquitoes in regions previously spared and with little immunity to these diseases. Prom\u00e9th\u00e9e ... Read more","og_url":"https:\/\/promethee.earth\/en\/health\/","og_site_name":"Prom\u00e9th\u00e9e","article_modified_time":"2023-09-20T13:55:28+00:00","og_image":[{"width":2048,"height":1276,"url":"https:\/\/promethee.earth\/wp-content\/uploads\/2022\/10\/sante.jpg","type":"image\/jpeg"}],"twitter_card":"summary_large_image","twitter_misc":{"Est. reading time":"1 minute"},"schema":{"@context":"https:\/\/schema.org","@graph":[{"@type":"WebPage","@id":"https:\/\/promethee.earth\/en\/health\/","url":"https:\/\/promethee.earth\/en\/health\/","name":"Health - Prom\u00e9th\u00e9e","isPartOf":{"@id":"https:\/\/promethee.earth\/en\/#website"},"primaryImageOfPage":{"@id":"https:\/\/promethee.earth\/en\/health\/#primaryimage"},"image":{"@id":"https:\/\/promethee.earth\/en\/health\/#primaryimage"},"thumbnailUrl":"https:\/\/promethee.earth\/wp-content\/uploads\/2022\/10\/sante.jpg","datePublished":"2022-10-10T20:28:55+00:00","dateModified":"2023-09-20T13:55:28+00:00","breadcrumb":{"@id":"https:\/\/promethee.earth\/en\/health\/#breadcrumb"},"inLanguage":"en-US","potentialAction":[{"@type":"ReadAction","target":["https:\/\/promethee.earth\/en\/health\/"]}]},{"@type":"ImageObject","inLanguage":"en-US","@id":"https:\/\/promethee.earth\/en\/health\/#primaryimage","url":"https:\/\/promethee.earth\/wp-content\/uploads\/2022\/10\/sante.jpg","contentUrl":"https:\/\/promethee.earth\/wp-content\/uploads\/2022\/10\/sante.jpg","width":2048,"height":1276},{"@type":"BreadcrumbList","@id":"https:\/\/promethee.earth\/en\/health\/#breadcrumb","itemListElement":[{"@type":"ListItem","position":1,"name":"Home","item":"https:\/\/promethee.earth\/en\/"},{"@type":"ListItem","position":2,"name":"Health"}]},{"@type":"WebSite","@id":"https:\/\/promethee.earth\/en\/#website","url":"https:\/\/promethee.earth\/en\/","name":"Prom\u00e9th\u00e9e","description":"Op\u00e9rateur New Space de constellations de nano satellites d&#039;observation de la Terre. Rendre la Terre accessible pour tous, pour un monde plus s\u00fbr et plus durable.","publisher":{"@id":"https:\/\/promethee.earth\/en\/#organization"},"potentialAction":[{"@type":"SearchAction","target":{"@type":"EntryPoint","urlTemplate":"https:\/\/promethee.earth\/en\/?s={search_term_string}"},"query-input":{"@type":"PropertyValueSpecification","valueRequired":true,"valueName":"search_term_string"}}],"inLanguage":"en-US"},{"@type":"Organization","@id":"https:\/\/promethee.earth\/en\/#organization","name":"Prom\u00e9th\u00e9e Earth Intelligence","url":"https:\/\/promethee.earth\/en\/","logo":{"@type":"ImageObject","inLanguage":"en-US","@id":"https:\/\/promethee.earth\/en\/#\/schema\/logo\/image\/","url":"https:\/\/promethee.earth\/wp-content\/uploads\/2023\/06\/cropped-LOGO_PROMETHEE_EARTH_INTEL_BLANC.png","contentUrl":"https:\/\/promethee.earth\/wp-content\/uploads\/2023\/06\/cropped-LOGO_PROMETHEE_EARTH_INTEL_BLANC.png","width":1918,"height":641,"caption":"Prom\u00e9th\u00e9e Earth Intelligence"},"image":{"@id":"https:\/\/promethee.earth\/en\/#\/schema\/logo\/image\/"}}]}},"_links":{"self":[{"href":"https:\/\/promethee.earth\/en\/wp-json\/wp\/v2\/pages\/2271","targetHints":{"allow":["GET"]}}],"collection":[{"href":"https:\/\/promethee.earth\/en\/wp-json\/wp\/v2\/pages"}],"about":[{"href":"https:\/\/promethee.earth\/en\/wp-json\/wp\/v2\/types\/page"}],"author":[{"embeddable":true,"href":"https:\/\/promethee.earth\/en\/wp-json\/wp\/v2\/users\/1"}],"replies":[{"embeddable":true,"href":"https:\/\/promethee.earth\/en\/wp-json\/wp\/v2\/comments?post=2271"}],"version-history":[{"count":15,"href":"https:\/\/promethee.earth\/en\/wp-json\/wp\/v2\/pages\/2271\/revisions"}],"predecessor-version":[{"id":6598,"href":"https:\/\/promethee.earth\/en\/wp-json\/wp\/v2\/pages\/2271\/revisions\/6598"}],"wp:featuredmedia":[{"embeddable":true,"href":"https:\/\/promethee.earth\/en\/wp-json\/wp\/v2\/media\/2229"}],"wp:attachment":[{"href":"https:\/\/promethee.earth\/en\/wp-json\/wp\/v2\/media?parent=2271"}],"curies":[{"name":"wp","href":"https:\/\/api.w.org\/{rel}","templated":true}]}}