{"id":2264,"date":"2022-10-10T20:42:03","date_gmt":"2022-10-10T20:42:03","guid":{"rendered":"https:\/\/promethee.earth\/forest-monitoring\/"},"modified":"2022-10-27T16:03:43","modified_gmt":"2022-10-27T16:03:43","slug":"forest-monitoring","status":"publish","type":"page","link":"https:\/\/promethee.earth\/en\/forest-monitoring\/","title":{"rendered":"Forest monitoring"},"content":{"rendered":"\t\t<div data-elementor-type=\"wp-page\" data-elementor-id=\"2264\" class=\"elementor elementor-2264 elementor-1427\" data-elementor-post-type=\"page\">\n\t\t\t\t\t\t<section data-particle_enable=\"false\" data-particle-mobile-disabled=\"false\" class=\"elementor-section elementor-top-section elementor-element elementor-element-ffd3bbd elementor-section-full_width elementor-section-height-default elementor-section-height-default\" data-id=\"ffd3bbd\" data-element_type=\"section\">\n\t\t\t\t\t\t<div class=\"elementor-container elementor-column-gap-default\">\n\t\t\t\t\t<div class=\"elementor-column elementor-col-100 elementor-top-column elementor-element elementor-element-dc84c92\" data-id=\"dc84c92\" data-element_type=\"column\" data-settings=\"{&quot;background_background&quot;:&quot;classic&quot;}\">\n\t\t\t<div class=\"elementor-widget-wrap elementor-element-populated\">\n\t\t\t\t\t\t<div class=\"elementor-element elementor-element-0695e84 elementor-widget elementor-widget-text-editor\" data-id=\"0695e84\" data-element_type=\"widget\" data-widget_type=\"text-editor.default\">\n\t\t\t\t\t\t\t\t\t<p>Knowledge is power to act<\/p>\n\t\t\t\t\t\t\t\t<\/div>\n\t\t\t\t<div class=\"elementor-element elementor-element-a4cbbef elementor-widget elementor-widget-heading\" data-id=\"a4cbbef\" data-element_type=\"widget\" data-widget_type=\"heading.default\">\n\t\t\t\t\t<div class=\"elementor-heading-title elementor-size-default\">Forest monitoring<\/div>\t\t\t\t<\/div>\n\t\t\t\t<div class=\"elementor-element elementor-element-4d4ce5d elementor-widget elementor-widget-breadcrumbs\" data-id=\"4d4ce5d\" data-element_type=\"widget\" data-widget_type=\"breadcrumbs.default\">\n\t\t\t\t\t<div id=\"breadcrumbs\"><span><span><a href=\"https:\/\/promethee.earth\/en\/\">Home<\/a><\/span><\/span><\/div>\t\t\t\t<\/div>\n\t\t\t\t<section data-particle_enable=\"false\" data-particle-mobile-disabled=\"false\" class=\"elementor-section elementor-inner-section elementor-element elementor-element-5e239f6 elementor-section-full_width elementor-section-height-default elementor-section-height-default\" data-id=\"5e239f6\" data-element_type=\"section\">\n\t\t\t\t\t\t<div class=\"elementor-container elementor-column-gap-default\">\n\t\t\t\t\t<div class=\"elementor-column elementor-col-33 elementor-inner-column elementor-element elementor-element-3f90965\" data-id=\"3f90965\" data-element_type=\"column\" data-settings=\"{&quot;background_background&quot;:&quot;classic&quot;}\">\n\t\t\t<div class=\"elementor-widget-wrap elementor-element-populated\">\n\t\t\t\t\t\t<div class=\"elementor-element elementor-element-07dbc6c elementor-nav-menu__align-start elementor-nav-menu--dropdown-tablet elementor-nav-menu__text-align-aside elementor-nav-menu--toggle elementor-nav-menu--burger elementor-widget elementor-widget-nav-menu\" data-id=\"07dbc6c\" data-element_type=\"widget\" data-settings=\"{&quot;layout&quot;:&quot;horizontal&quot;,&quot;submenu_icon&quot;:{&quot;value&quot;:&quot;&lt;i class=\\&quot;fas fa-caret-down\\&quot; aria-hidden=\\&quot;true\\&quot;&gt;&lt;\\\/i&gt;&quot;,&quot;library&quot;:&quot;fa-solid&quot;},&quot;toggle&quot;:&quot;burger&quot;}\" data-widget_type=\"nav-menu.default\">\n\t\t\t\t\t\t\t\t<nav aria-label=\"Menu\" class=\"elementor-nav-menu--main elementor-nav-menu__container elementor-nav-menu--layout-horizontal e--pointer-none\">\n\t\t\t\t<ul id=\"menu-1-07dbc6c\" class=\"elementor-nav-menu\"><li class=\"menu-item menu-item-type-post_type menu-item-object-page menu-item-6028\"><a href=\"https:\/\/promethee.earth\/en\/natural-disasters\/\" class=\"elementor-item\">Natural disasters<\/a><\/li>\n<li class=\"menu-item menu-item-type-post_type menu-item-object-page menu-item-6029\"><a href=\"https:\/\/promethee.earth\/en\/resource-management\/\" class=\"elementor-item\">Resource management<\/a><\/li>\n<li class=\"menu-item menu-item-type-post_type menu-item-object-page menu-item-6030\"><a href=\"https:\/\/promethee.earth\/en\/land-use-planning\/\" class=\"elementor-item\">Land use planning<\/a><\/li>\n<li class=\"menu-item menu-item-type-post_type menu-item-object-page menu-item-6031\"><a href=\"https:\/\/promethee.earth\/en\/forest-monitoring\/\" class=\"elementor-item\">Forest monitoring<\/a><\/li>\n<li class=\"menu-item menu-item-type-post_type menu-item-object-page menu-item-6032\"><a href=\"https:\/\/promethee.earth\/en\/security\/\" class=\"elementor-item\">Security<\/a><\/li>\n<li class=\"menu-item menu-item-type-post_type menu-item-object-page menu-item-6033\"><a href=\"https:\/\/promethee.earth\/en\/maritime\/\" class=\"elementor-item\">Maritime<\/a><\/li>\n<li class=\"menu-item menu-item-type-post_type menu-item-object-page menu-item-6034\"><a href=\"https:\/\/promethee.earth\/en\/pollution\/\" class=\"elementor-item\">Pollution<\/a><\/li>\n<li class=\"menu-item menu-item-type-post_type menu-item-object-page menu-item-6035\"><a href=\"https:\/\/promethee.earth\/en\/health\/\" class=\"elementor-item\">Health<\/a><\/li>\n<\/ul>\t\t\t<\/nav>\n\t\t\t\t\t<div class=\"elementor-menu-toggle\" role=\"button\" tabindex=\"0\" aria-label=\"Menu Toggle\" aria-expanded=\"false\">\n\t\t\t<i aria-hidden=\"true\" role=\"presentation\" class=\"elementor-menu-toggle__icon--open eicon-menu-bar\"><\/i><i aria-hidden=\"true\" role=\"presentation\" class=\"elementor-menu-toggle__icon--close eicon-close\"><\/i>\t\t<\/div>\n\t\t\t\t\t<nav class=\"elementor-nav-menu--dropdown elementor-nav-menu__container\" aria-hidden=\"true\">\n\t\t\t\t<ul id=\"menu-2-07dbc6c\" class=\"elementor-nav-menu\"><li class=\"menu-item menu-item-type-post_type menu-item-object-page menu-item-6028\"><a href=\"https:\/\/promethee.earth\/en\/natural-disasters\/\" class=\"elementor-item\" tabindex=\"-1\">Natural disasters<\/a><\/li>\n<li class=\"menu-item menu-item-type-post_type menu-item-object-page menu-item-6029\"><a href=\"https:\/\/promethee.earth\/en\/resource-management\/\" class=\"elementor-item\" tabindex=\"-1\">Resource management<\/a><\/li>\n<li class=\"menu-item menu-item-type-post_type menu-item-object-page menu-item-6030\"><a href=\"https:\/\/promethee.earth\/en\/land-use-planning\/\" class=\"elementor-item\" tabindex=\"-1\">Land use planning<\/a><\/li>\n<li class=\"menu-item menu-item-type-post_type menu-item-object-page menu-item-6031\"><a href=\"https:\/\/promethee.earth\/en\/forest-monitoring\/\" class=\"elementor-item\" tabindex=\"-1\">Forest monitoring<\/a><\/li>\n<li class=\"menu-item menu-item-type-post_type menu-item-object-page menu-item-6032\"><a href=\"https:\/\/promethee.earth\/en\/security\/\" class=\"elementor-item\" tabindex=\"-1\">Security<\/a><\/li>\n<li class=\"menu-item menu-item-type-post_type menu-item-object-page menu-item-6033\"><a href=\"https:\/\/promethee.earth\/en\/maritime\/\" class=\"elementor-item\" tabindex=\"-1\">Maritime<\/a><\/li>\n<li class=\"menu-item menu-item-type-post_type menu-item-object-page menu-item-6034\"><a href=\"https:\/\/promethee.earth\/en\/pollution\/\" class=\"elementor-item\" tabindex=\"-1\">Pollution<\/a><\/li>\n<li class=\"menu-item menu-item-type-post_type menu-item-object-page menu-item-6035\"><a href=\"https:\/\/promethee.earth\/en\/health\/\" class=\"elementor-item\" tabindex=\"-1\">Health<\/a><\/li>\n<\/ul>\t\t\t<\/nav>\n\t\t\t\t\t\t<\/div>\n\t\t\t\t\t<\/div>\n\t\t<\/div>\n\t\t\t\t<div class=\"elementor-column elementor-col-66 elementor-inner-column elementor-element elementor-element-11b4425\" data-id=\"11b4425\" data-element_type=\"column\">\n\t\t\t<div class=\"elementor-widget-wrap elementor-element-populated\">\n\t\t\t\t\t\t<div class=\"elementor-element elementor-element-92f9dd0 elementor-widget elementor-widget-theme-post-featured-image elementor-widget-image\" data-id=\"92f9dd0\" data-element_type=\"widget\" data-widget_type=\"theme-post-featured-image.default\">\n\t\t\t\t\t\t\t\t\t\t\t\t\t\t\t<img fetchpriority=\"high\" decoding=\"async\" width=\"1024\" height=\"690\" src=\"https:\/\/promethee.earth\/wp-content\/uploads\/2022\/10\/foret-1024x690.jpg\" class=\"attachment-large size-large wp-image-2231\" alt=\"\" srcset=\"https:\/\/promethee.earth\/wp-content\/uploads\/2022\/10\/foret-1024x690.jpg 1024w, https:\/\/promethee.earth\/wp-content\/uploads\/2022\/10\/foret-300x202.jpg 300w, https:\/\/promethee.earth\/wp-content\/uploads\/2022\/10\/foret-768x518.jpg 768w, https:\/\/promethee.earth\/wp-content\/uploads\/2022\/10\/foret-1536x1035.jpg 1536w, https:\/\/promethee.earth\/wp-content\/uploads\/2022\/10\/foret-1568x1057.jpg 1568w, https:\/\/promethee.earth\/wp-content\/uploads\/2022\/10\/foret.jpg 1603w\" sizes=\"(max-width: 1024px) 100vw, 1024px\" \/>\t\t\t\t\t\t\t\t\t\t\t\t\t\t\t<\/div>\n\t\t\t\t<div class=\"elementor-element elementor-element-0c7e0f1 elementor-widget elementor-widget-text-editor\" data-id=\"0c7e0f1\" data-element_type=\"widget\" data-widget_type=\"text-editor.default\">\n\t\t\t\t\t\t\t\t\t<p>The most well-known consequence of deforestation is the threat to biodiversity. Indeed, the forest is a habitat very dense in global biodiversity, some forests being even true cradle of biodiversity among the richest in the world. By destroying these natural environments, human activities threaten the existence of these species and our future.<\/p>\n<\/p>\n<p>Deforestation also weakens the soil. When a forest area is destroyed, the soil becomes gradually more fragile and makes the ecosystem more vulnerable to natural disasters such as landslides or floods.<\/p>\n<\/p>\n<p>Deforestation also has a very strong impact on climate change. By destroying it, we reduce the capacity of the global ecosystem to store CO2. Less trees means less CO2 absorbed and therefore more greenhouse effect. It is estimated that deforestation is responsible for the equivalent of 11.3% of anthropogenic CO2 emissions worldwide.<\/p>\n<\/p>\n<h3>Detecting deforestation activities<\/h3>\n<ul>\n<li>Be notified when deforestation activity is detected<\/li>\n<li>Track and analyze the historical dynamics of deforestation in your territory<\/li>\n<li>Give people in the field the ability to alert if they see deforestation activity<\/li>\n<\/ul>\n<h3>Facilitate and accelerate reforestation actions<\/h3>\n<ul>\n<li>Identify and locate regenerative projects<\/li>\n<li>Project management\/financial monitoring<\/li>\n<li>Matching funding and project organizations<\/li>\n<li>Monitoring and evaluation of reforestation projects<\/li>\n<\/ul>\n\t\t\t\t\t\t\t\t<\/div>\n\t\t\t\t\t<\/div>\n\t\t<\/div>\n\t\t\t\t\t<\/div>\n\t\t<\/section>\n\t\t\t\t\t<\/div>\n\t\t<\/div>\n\t\t\t\t\t<\/div>\n\t\t<\/section>\n\t\t\t\t<\/div>\n\t\t","protected":false},"excerpt":{"rendered":"<p>Knowledge is power to act The most well-known consequence of deforestation is the threat to biodiversity. Indeed, the forest is a habitat very dense in global biodiversity, some forests being even true cradle of biodiversity among the richest in the world. By destroying these natural environments, human activities threaten the existence of these species and &#8230; <a title=\"Forest monitoring\" class=\"read-more\" href=\"https:\/\/promethee.earth\/en\/forest-monitoring\/\" aria-label=\"Read more about Forest monitoring\">Read more<\/a><\/p>\n","protected":false},"author":1,"featured_media":2231,"parent":0,"menu_order":0,"comment_status":"closed","ping_status":"closed","template":"elementor_header_footer","meta":{"footnotes":""},"class_list":["post-2264","page","type-page","status-publish","has-post-thumbnail"],"yoast_head":"<!-- This site is optimized with the Yoast SEO plugin v26.8 - https:\/\/yoast.com\/product\/yoast-seo-wordpress\/ -->\n<title>Forest monitoring - Prom\u00e9th\u00e9e<\/title>\n<meta name=\"robots\" content=\"index, follow, max-snippet:-1, max-image-preview:large, max-video-preview:-1\" \/>\n<link rel=\"canonical\" href=\"https:\/\/promethee.earth\/en\/forest-monitoring\/\" \/>\n<meta property=\"og:locale\" content=\"en_US\" \/>\n<meta property=\"og:type\" content=\"article\" \/>\n<meta property=\"og:title\" content=\"Forest monitoring - Prom\u00e9th\u00e9e\" \/>\n<meta property=\"og:description\" content=\"Knowledge is power to act The most well-known consequence of deforestation is the threat to biodiversity. Indeed, the forest is a habitat very dense in global biodiversity, some forests being even true cradle of biodiversity among the richest in the world. By destroying these natural environments, human activities threaten the existence of these species and ... Read more\" \/>\n<meta property=\"og:url\" content=\"https:\/\/promethee.earth\/en\/forest-monitoring\/\" \/>\n<meta property=\"og:site_name\" content=\"Prom\u00e9th\u00e9e\" \/>\n<meta property=\"article:modified_time\" content=\"2022-10-27T16:03:43+00:00\" \/>\n<meta property=\"og:image\" content=\"https:\/\/promethee.earth\/wp-content\/uploads\/2022\/10\/foret.jpg\" \/>\n\t<meta property=\"og:image:width\" content=\"1603\" \/>\n\t<meta property=\"og:image:height\" content=\"1080\" \/>\n\t<meta property=\"og:image:type\" content=\"image\/jpeg\" \/>\n<meta name=\"twitter:card\" content=\"summary_large_image\" \/>\n<meta name=\"twitter:label1\" content=\"Est. reading time\" \/>\n\t<meta name=\"twitter:data1\" content=\"1 minute\" \/>\n<script type=\"application\/ld+json\" class=\"yoast-schema-graph\">{\"@context\":\"https:\/\/schema.org\",\"@graph\":[{\"@type\":\"WebPage\",\"@id\":\"https:\/\/promethee.earth\/en\/forest-monitoring\/\",\"url\":\"https:\/\/promethee.earth\/en\/forest-monitoring\/\",\"name\":\"Forest monitoring - Prom\u00e9th\u00e9e\",\"isPartOf\":{\"@id\":\"https:\/\/promethee.earth\/en\/#website\"},\"primaryImageOfPage\":{\"@id\":\"https:\/\/promethee.earth\/en\/forest-monitoring\/#primaryimage\"},\"image\":{\"@id\":\"https:\/\/promethee.earth\/en\/forest-monitoring\/#primaryimage\"},\"thumbnailUrl\":\"https:\/\/promethee.earth\/wp-content\/uploads\/2022\/10\/foret.jpg\",\"datePublished\":\"2022-10-10T20:42:03+00:00\",\"dateModified\":\"2022-10-27T16:03:43+00:00\",\"breadcrumb\":{\"@id\":\"https:\/\/promethee.earth\/en\/forest-monitoring\/#breadcrumb\"},\"inLanguage\":\"en-US\",\"potentialAction\":[{\"@type\":\"ReadAction\",\"target\":[\"https:\/\/promethee.earth\/en\/forest-monitoring\/\"]}]},{\"@type\":\"ImageObject\",\"inLanguage\":\"en-US\",\"@id\":\"https:\/\/promethee.earth\/en\/forest-monitoring\/#primaryimage\",\"url\":\"https:\/\/promethee.earth\/wp-content\/uploads\/2022\/10\/foret.jpg\",\"contentUrl\":\"https:\/\/promethee.earth\/wp-content\/uploads\/2022\/10\/foret.jpg\",\"width\":1603,\"height\":1080},{\"@type\":\"BreadcrumbList\",\"@id\":\"https:\/\/promethee.earth\/en\/forest-monitoring\/#breadcrumb\",\"itemListElement\":[{\"@type\":\"ListItem\",\"position\":1,\"name\":\"Home\",\"item\":\"https:\/\/promethee.earth\/en\/\"},{\"@type\":\"ListItem\",\"position\":2,\"name\":\"Forest monitoring\"}]},{\"@type\":\"WebSite\",\"@id\":\"https:\/\/promethee.earth\/en\/#website\",\"url\":\"https:\/\/promethee.earth\/en\/\",\"name\":\"Prom\u00e9th\u00e9e\",\"description\":\"Op\u00e9rateur New Space de constellations de nano satellites d&#039;observation de la Terre. Rendre la Terre accessible pour tous, pour un monde plus s\u00fbr et plus durable.\",\"publisher\":{\"@id\":\"https:\/\/promethee.earth\/en\/#organization\"},\"potentialAction\":[{\"@type\":\"SearchAction\",\"target\":{\"@type\":\"EntryPoint\",\"urlTemplate\":\"https:\/\/promethee.earth\/en\/?s={search_term_string}\"},\"query-input\":{\"@type\":\"PropertyValueSpecification\",\"valueRequired\":true,\"valueName\":\"search_term_string\"}}],\"inLanguage\":\"en-US\"},{\"@type\":\"Organization\",\"@id\":\"https:\/\/promethee.earth\/en\/#organization\",\"name\":\"Prom\u00e9th\u00e9e Earth Intelligence\",\"url\":\"https:\/\/promethee.earth\/en\/\",\"logo\":{\"@type\":\"ImageObject\",\"inLanguage\":\"en-US\",\"@id\":\"https:\/\/promethee.earth\/en\/#\/schema\/logo\/image\/\",\"url\":\"https:\/\/promethee.earth\/wp-content\/uploads\/2023\/06\/cropped-LOGO_PROMETHEE_EARTH_INTEL_BLANC.png\",\"contentUrl\":\"https:\/\/promethee.earth\/wp-content\/uploads\/2023\/06\/cropped-LOGO_PROMETHEE_EARTH_INTEL_BLANC.png\",\"width\":1918,\"height\":641,\"caption\":\"Prom\u00e9th\u00e9e Earth Intelligence\"},\"image\":{\"@id\":\"https:\/\/promethee.earth\/en\/#\/schema\/logo\/image\/\"}}]}<\/script>\n<!-- \/ Yoast SEO plugin. -->","yoast_head_json":{"title":"Forest monitoring - Prom\u00e9th\u00e9e","robots":{"index":"index","follow":"follow","max-snippet":"max-snippet:-1","max-image-preview":"max-image-preview:large","max-video-preview":"max-video-preview:-1"},"canonical":"https:\/\/promethee.earth\/en\/forest-monitoring\/","og_locale":"en_US","og_type":"article","og_title":"Forest monitoring - Prom\u00e9th\u00e9e","og_description":"Knowledge is power to act The most well-known consequence of deforestation is the threat to biodiversity. Indeed, the forest is a habitat very dense in global biodiversity, some forests being even true cradle of biodiversity among the richest in the world. By destroying these natural environments, human activities threaten the existence of these species and ... Read more","og_url":"https:\/\/promethee.earth\/en\/forest-monitoring\/","og_site_name":"Prom\u00e9th\u00e9e","article_modified_time":"2022-10-27T16:03:43+00:00","og_image":[{"width":1603,"height":1080,"url":"https:\/\/promethee.earth\/wp-content\/uploads\/2022\/10\/foret.jpg","type":"image\/jpeg"}],"twitter_card":"summary_large_image","twitter_misc":{"Est. reading time":"1 minute"},"schema":{"@context":"https:\/\/schema.org","@graph":[{"@type":"WebPage","@id":"https:\/\/promethee.earth\/en\/forest-monitoring\/","url":"https:\/\/promethee.earth\/en\/forest-monitoring\/","name":"Forest monitoring - Prom\u00e9th\u00e9e","isPartOf":{"@id":"https:\/\/promethee.earth\/en\/#website"},"primaryImageOfPage":{"@id":"https:\/\/promethee.earth\/en\/forest-monitoring\/#primaryimage"},"image":{"@id":"https:\/\/promethee.earth\/en\/forest-monitoring\/#primaryimage"},"thumbnailUrl":"https:\/\/promethee.earth\/wp-content\/uploads\/2022\/10\/foret.jpg","datePublished":"2022-10-10T20:42:03+00:00","dateModified":"2022-10-27T16:03:43+00:00","breadcrumb":{"@id":"https:\/\/promethee.earth\/en\/forest-monitoring\/#breadcrumb"},"inLanguage":"en-US","potentialAction":[{"@type":"ReadAction","target":["https:\/\/promethee.earth\/en\/forest-monitoring\/"]}]},{"@type":"ImageObject","inLanguage":"en-US","@id":"https:\/\/promethee.earth\/en\/forest-monitoring\/#primaryimage","url":"https:\/\/promethee.earth\/wp-content\/uploads\/2022\/10\/foret.jpg","contentUrl":"https:\/\/promethee.earth\/wp-content\/uploads\/2022\/10\/foret.jpg","width":1603,"height":1080},{"@type":"BreadcrumbList","@id":"https:\/\/promethee.earth\/en\/forest-monitoring\/#breadcrumb","itemListElement":[{"@type":"ListItem","position":1,"name":"Home","item":"https:\/\/promethee.earth\/en\/"},{"@type":"ListItem","position":2,"name":"Forest monitoring"}]},{"@type":"WebSite","@id":"https:\/\/promethee.earth\/en\/#website","url":"https:\/\/promethee.earth\/en\/","name":"Prom\u00e9th\u00e9e","description":"Op\u00e9rateur New Space de constellations de nano satellites d&#039;observation de la Terre. Rendre la Terre accessible pour tous, pour un monde plus s\u00fbr et plus durable.","publisher":{"@id":"https:\/\/promethee.earth\/en\/#organization"},"potentialAction":[{"@type":"SearchAction","target":{"@type":"EntryPoint","urlTemplate":"https:\/\/promethee.earth\/en\/?s={search_term_string}"},"query-input":{"@type":"PropertyValueSpecification","valueRequired":true,"valueName":"search_term_string"}}],"inLanguage":"en-US"},{"@type":"Organization","@id":"https:\/\/promethee.earth\/en\/#organization","name":"Prom\u00e9th\u00e9e Earth Intelligence","url":"https:\/\/promethee.earth\/en\/","logo":{"@type":"ImageObject","inLanguage":"en-US","@id":"https:\/\/promethee.earth\/en\/#\/schema\/logo\/image\/","url":"https:\/\/promethee.earth\/wp-content\/uploads\/2023\/06\/cropped-LOGO_PROMETHEE_EARTH_INTEL_BLANC.png","contentUrl":"https:\/\/promethee.earth\/wp-content\/uploads\/2023\/06\/cropped-LOGO_PROMETHEE_EARTH_INTEL_BLANC.png","width":1918,"height":641,"caption":"Prom\u00e9th\u00e9e Earth Intelligence"},"image":{"@id":"https:\/\/promethee.earth\/en\/#\/schema\/logo\/image\/"}}]}},"_links":{"self":[{"href":"https:\/\/promethee.earth\/en\/wp-json\/wp\/v2\/pages\/2264","targetHints":{"allow":["GET"]}}],"collection":[{"href":"https:\/\/promethee.earth\/en\/wp-json\/wp\/v2\/pages"}],"about":[{"href":"https:\/\/promethee.earth\/en\/wp-json\/wp\/v2\/types\/page"}],"author":[{"embeddable":true,"href":"https:\/\/promethee.earth\/en\/wp-json\/wp\/v2\/users\/1"}],"replies":[{"embeddable":true,"href":"https:\/\/promethee.earth\/en\/wp-json\/wp\/v2\/comments?post=2264"}],"version-history":[{"count":6,"href":"https:\/\/promethee.earth\/en\/wp-json\/wp\/v2\/pages\/2264\/revisions"}],"predecessor-version":[{"id":2437,"href":"https:\/\/promethee.earth\/en\/wp-json\/wp\/v2\/pages\/2264\/revisions\/2437"}],"wp:featuredmedia":[{"embeddable":true,"href":"https:\/\/promethee.earth\/en\/wp-json\/wp\/v2\/media\/2231"}],"wp:attachment":[{"href":"https:\/\/promethee.earth\/en\/wp-json\/wp\/v2\/media?parent=2264"}],"curies":[{"name":"wp","href":"https:\/\/api.w.org\/{rel}","templated":true}]}}